{"id":11,"date":"2023-07-24T16:48:00","date_gmt":"2023-07-24T09:48:00","guid":{"rendered":"http:\/\/playathome.shop\/?page_id=11"},"modified":"2024-03-15T13:27:49","modified_gmt":"2024-03-15T06:27:49","slug":"chinh-sach-doi-tra-bao-hanh","status":"publish","type":"page","link":"https:\/\/playathome.shop\/en\/chinh-sach-doi-tra-bao-hanh\/","title":{"rendered":"Return Policy and Warranty"},"content":{"rendered":"<h2 class=\"wp-block-heading\"><b>LIE <\/b><\/h2>\n\n\n\n<p><strong>Return Policy<\/strong><\/p>\n\n\n\n<p>Within 24 hours from receipt of goods, if the product is defective due to transportation (damp, wet), manufacturing error (teared, threaded, not the correct product ordered, not as per product description), Please take a photo of the defective area, contact PlayatHome (PAH) via email playathome.onhavanvui@gmail.com or Fanpage and send the product to the address below for processing or exchange for a new product.<\/p>\n\n\n\n<p>Once the product has arrived, PAH will send a confirmation email and will notify you whether or not to accept the return. <\/p>\n\n\n\n<p>In case of accepting return and refund, PAH will send it back via bank transfer within 3-5 working days.<\/p>\n\n\n\n<p>Complimentary products, when defective and returned, will be replaced with a Gift Card or Discount Code. When receiving defective goods, PAH will email you information.<\/p>\n\n\n\n<p>If the returned product was purchased as a gift and sent to you, PAH will notify and refund the donor, upon receipt of the returned product. <\/p>\n\n\n\n<p><strong>Refunds are delayed or refunds are not received<\/strong><\/p>\n\n\n\n<p>If you haven&#039;t received your refund yet, please first check your account again. <\/p>\n\n\n\n<p>Then contact your credit card company, as typically, transaction notifications will appear after a period of time. <\/p>\n\n\n\n<p>Next, call your bank. It will usually take some time for the transaction to be processed and notified.<\/p>\n\n\n\n<p>If you have done all of the above and still do not receive your refund, please contact PAH via email playathome.onhavanvui@gmail.com.<\/p>\n\n\n\n<p><strong>Promotional products<\/strong><\/p>\n\n\n\n<p>PAH only accepts returns for products sold at full price, does not accept returns for promotional products.<\/p>\n\n\n\n<p><strong>Return shipping fee<\/strong><\/p>\n\n\n\n<p>Please pay the shipping fee yourself when returning the item. PAH will not refund shipping charges in the event of a refund. <\/p>\n\n\n\n<p>Depending on where you live, shipping time will vary.<\/p>\n\n\n\n<p>If you are returning high-value products, please consider using a shipping service that helps you track your order, or purchasing shipping insurance. PAH cannot guarantee that returns will always be received.<\/p>\n\n\n\n<h2 class=\"wp-block-heading\"><strong>GUARANTEE<\/strong><\/h2>\n\n\n\n<p>During use, PAH accepts to repair errors such as torn threads, falling accessories attached to the product (eg: buttons, bracelets, etc.) and does not accept errors such as tears or cracks. fabric.&nbsp;<\/p>\n\n\n\n<h2 class=\"wp-block-heading\"><strong>COMMUNICATIONS:<\/strong>&nbsp;<\/h2>\n\n\n\n<p><strong>Email<\/strong>:&nbsp;playathome.onhavanvui@gmail.com<\/p>\n\n\n\n<p><strong>Phone number (Zalo)<\/strong>: 0773927883<\/p>\n\n\n\n<p><strong>Fanpage<\/strong>: https:\/\/www.facebook.com\/PlayAtHome.ONhaVanVui<\/p>\n\n\n\n<p><strong>Website<\/strong>: https:\/\/playathome.shop<\/p>\n\n\n\n<p>PAH products are made entirely by hand or semi-handmade (using sewing machines). Each product has its own unique characteristics, and partly reflects the personality and image of the person who made them. Therefore, each finished product will be like the brainchild of PAH. PAH hopes that these spiritual children will always be loved, cherished and respected by their parents and children.<\/p>","protected":false},"excerpt":{"rendered":"<p>RETURN Return Policy Within 24 hours of receiving the goods, if the product is defective due to transportation (damp, wet), manufacturing defect (tear, scratches...<\/p>","protected":false},"author":1,"featured_media":0,"parent":0,"menu_order":0,"comment_status":"closed","ping_status":"closed","template":"","meta":{"_lmt_disableupdate":"","_lmt_disable":"","footnotes":""},"class_list":["post-11","page","type-page","status-publish","hentry"],"yoast_head":"<!-- This site is optimized with the Yoast SEO plugin v27.1.1 - https:\/\/yoast.com\/product\/yoast-seo-wordpress\/ -->\n<title>Ch\u00ednh s\u00e1ch \u0110\u1ed5i tr\u1ea3 v\u00e0 B\u1ea3o h\u00e0nh - Play At Home - \u0110\u1ed3 Ch\u01a1i Th\u1ee7 C\u00f4ng<\/title>\n<meta name=\"robots\" content=\"index, follow, max-snippet:-1, max-image-preview:large, max-video-preview:-1\" \/>\n<link rel=\"canonical\" href=\"https:\/\/playathome.shop\/en\/chinh-sach-doi-tra-bao-hanh\/\" \/>\n<meta property=\"og:locale\" content=\"en_US\" \/>\n<meta property=\"og:type\" content=\"article\" \/>\n<meta property=\"og:title\" content=\"Ch\u00ednh s\u00e1ch \u0110\u1ed5i tr\u1ea3 v\u00e0 B\u1ea3o h\u00e0nh - Play At Home - \u0110\u1ed3 Ch\u01a1i Th\u1ee7 C\u00f4ng\" \/>\n<meta property=\"og:description\" content=\"\u0110\u1ed4I TR\u1ea2 Ch\u00ednh s\u00e1ch \u0110\u1ed5i tr\u1ea3 Trong v\u00f2ng 24h k\u1ec3 t\u1eeb l\u00fac nh\u1eadn h\u00e0ng, n\u1ebfu s\u1ea3n ph\u1ea9m b\u1ecb l\u1ed7i do v\u1eadn chuy\u1ec3n (\u1ea9m, \u01b0\u1edbt), l\u1ed7i do s\u1ea3n xu\u1ea5t (r\u00e1ch, s\u1ed5&hellip;\" \/>\n<meta property=\"og:url\" content=\"https:\/\/playathome.shop\/en\/chinh-sach-doi-tra-bao-hanh\/\" \/>\n<meta property=\"og:site_name\" content=\"Play At Home - \u0110\u1ed3 Ch\u01a1i Th\u1ee7 C\u00f4ng\" \/>\n<meta property=\"article:publisher\" content=\"https:\/\/www.facebook.com\/PlayAtHome.ONhaVanVui\" \/>\n<meta property=\"article:modified_time\" content=\"2024-03-15T06:27:49+00:00\" \/>\n<meta name=\"twitter:card\" content=\"summary_large_image\" \/>\n<meta name=\"twitter:label1\" content=\"Est. reading time\" \/>\n\t<meta name=\"twitter:data1\" content=\"4 minutes\" \/>\n<script type=\"application\/ld+json\" class=\"yoast-schema-graph\">{\"@context\":\"https:\/\/schema.org\",\"@graph\":[{\"@type\":\"WebPage\",\"@id\":\"https:\/\/playathome.shop\/chinh-sach-doi-tra-bao-hanh\/\",\"url\":\"https:\/\/playathome.shop\/chinh-sach-doi-tra-bao-hanh\/\",\"name\":\"Ch\u00ednh s\u00e1ch \u0110\u1ed5i tr\u1ea3 v\u00e0 B\u1ea3o h\u00e0nh - Play At Home - \u0110\u1ed3 Ch\u01a1i Th\u1ee7 C\u00f4ng\",\"isPartOf\":{\"@id\":\"https:\/\/playathome.shop\/#website\"},\"datePublished\":\"2023-07-24T09:48:00+00:00\",\"dateModified\":\"2024-03-15T06:27:49+00:00\",\"breadcrumb\":{\"@id\":\"https:\/\/playathome.shop\/chinh-sach-doi-tra-bao-hanh\/#breadcrumb\"},\"inLanguage\":\"en-US\",\"potentialAction\":[{\"@type\":\"ReadAction\",\"target\":[\"https:\/\/playathome.shop\/chinh-sach-doi-tra-bao-hanh\/\"]}]},{\"@type\":\"BreadcrumbList\",\"@id\":\"https:\/\/playathome.shop\/chinh-sach-doi-tra-bao-hanh\/#breadcrumb\",\"itemListElement\":[{\"@type\":\"ListItem\",\"position\":1,\"name\":\"Trang ch\u1ee7\",\"item\":\"https:\/\/playathome.shop\/\"},{\"@type\":\"ListItem\",\"position\":2,\"name\":\"Ch\u00ednh s\u00e1ch \u0110\u1ed5i tr\u1ea3 v\u00e0 B\u1ea3o h\u00e0nh\"}]},{\"@type\":\"WebSite\",\"@id\":\"https:\/\/playathome.shop\/#website\",\"url\":\"https:\/\/playathome.shop\/\",\"name\":\"Play At Home - \u0110\u1ed3 Ch\u01a1i Th\u1ee7 C\u00f4ng\",\"description\":\"Handmade &amp; Heartmade Toys For Kids\",\"publisher\":{\"@id\":\"https:\/\/playathome.shop\/#organization\"},\"potentialAction\":[{\"@type\":\"SearchAction\",\"target\":{\"@type\":\"EntryPoint\",\"urlTemplate\":\"https:\/\/playathome.shop\/?s={search_term_string}\"},\"query-input\":{\"@type\":\"PropertyValueSpecification\",\"valueRequired\":true,\"valueName\":\"search_term_string\"}}],\"inLanguage\":\"en-US\"},{\"@type\":\"Organization\",\"@id\":\"https:\/\/playathome.shop\/#organization\",\"name\":\"Play At Home - \u0110\u1ed3 Ch\u01a1i Th\u1ee7 C\u00f4ng\",\"url\":\"https:\/\/playathome.shop\/\",\"logo\":{\"@type\":\"ImageObject\",\"inLanguage\":\"en-US\",\"@id\":\"https:\/\/playathome.shop\/#\/schema\/logo\/image\/\",\"url\":\"https:\/\/playathome.shop\/wp-content\/uploads\/2023\/05\/image.jpg\",\"contentUrl\":\"https:\/\/playathome.shop\/wp-content\/uploads\/2023\/05\/image.jpg\",\"width\":640,\"height\":640,\"caption\":\"Play At Home - \u0110\u1ed3 Ch\u01a1i Th\u1ee7 C\u00f4ng\"},\"image\":{\"@id\":\"https:\/\/playathome.shop\/#\/schema\/logo\/image\/\"},\"sameAs\":[\"https:\/\/www.facebook.com\/PlayAtHome.ONhaVanVui\",\"https:\/\/instagram.com\/playathome.onhavanvui\"]}]}<\/script>\n<!-- \/ Yoast SEO plugin. -->","yoast_head_json":{"title":"Ch\u00ednh s\u00e1ch \u0110\u1ed5i tr\u1ea3 v\u00e0 B\u1ea3o h\u00e0nh - Play At Home - \u0110\u1ed3 Ch\u01a1i Th\u1ee7 C\u00f4ng","robots":{"index":"index","follow":"follow","max-snippet":"max-snippet:-1","max-image-preview":"max-image-preview:large","max-video-preview":"max-video-preview:-1"},"canonical":"https:\/\/playathome.shop\/en\/chinh-sach-doi-tra-bao-hanh\/","og_locale":"en_US","og_type":"article","og_title":"Ch\u00ednh s\u00e1ch \u0110\u1ed5i tr\u1ea3 v\u00e0 B\u1ea3o h\u00e0nh - Play At Home - \u0110\u1ed3 Ch\u01a1i Th\u1ee7 C\u00f4ng","og_description":"\u0110\u1ed4I TR\u1ea2 Ch\u00ednh s\u00e1ch \u0110\u1ed5i tr\u1ea3 Trong v\u00f2ng 24h k\u1ec3 t\u1eeb l\u00fac nh\u1eadn h\u00e0ng, n\u1ebfu s\u1ea3n ph\u1ea9m b\u1ecb l\u1ed7i do v\u1eadn chuy\u1ec3n (\u1ea9m, \u01b0\u1edbt), l\u1ed7i do s\u1ea3n xu\u1ea5t (r\u00e1ch, s\u1ed5&hellip;","og_url":"https:\/\/playathome.shop\/en\/chinh-sach-doi-tra-bao-hanh\/","og_site_name":"Play At Home - \u0110\u1ed3 Ch\u01a1i Th\u1ee7 C\u00f4ng","article_publisher":"https:\/\/www.facebook.com\/PlayAtHome.ONhaVanVui","article_modified_time":"2024-03-15T06:27:49+00:00","twitter_card":"summary_large_image","twitter_misc":{"Est. reading time":"4 minutes"},"schema":{"@context":"https:\/\/schema.org","@graph":[{"@type":"WebPage","@id":"https:\/\/playathome.shop\/chinh-sach-doi-tra-bao-hanh\/","url":"https:\/\/playathome.shop\/chinh-sach-doi-tra-bao-hanh\/","name":"Ch\u00ednh s\u00e1ch \u0110\u1ed5i tr\u1ea3 v\u00e0 B\u1ea3o h\u00e0nh - Play At Home - \u0110\u1ed3 Ch\u01a1i Th\u1ee7 C\u00f4ng","isPartOf":{"@id":"https:\/\/playathome.shop\/#website"},"datePublished":"2023-07-24T09:48:00+00:00","dateModified":"2024-03-15T06:27:49+00:00","breadcrumb":{"@id":"https:\/\/playathome.shop\/chinh-sach-doi-tra-bao-hanh\/#breadcrumb"},"inLanguage":"en-US","potentialAction":[{"@type":"ReadAction","target":["https:\/\/playathome.shop\/chinh-sach-doi-tra-bao-hanh\/"]}]},{"@type":"BreadcrumbList","@id":"https:\/\/playathome.shop\/chinh-sach-doi-tra-bao-hanh\/#breadcrumb","itemListElement":[{"@type":"ListItem","position":1,"name":"Trang ch\u1ee7","item":"https:\/\/playathome.shop\/"},{"@type":"ListItem","position":2,"name":"Ch\u00ednh s\u00e1ch \u0110\u1ed5i tr\u1ea3 v\u00e0 B\u1ea3o h\u00e0nh"}]},{"@type":"WebSite","@id":"https:\/\/playathome.shop\/#website","url":"https:\/\/playathome.shop\/","name":"Play At Home - Handmade Toys","description":"Handmade &amp; Heartmade Toys For Kids","publisher":{"@id":"https:\/\/playathome.shop\/#organization"},"potentialAction":[{"@type":"SearchAction","target":{"@type":"EntryPoint","urlTemplate":"https:\/\/playathome.shop\/?s={search_term_string}"},"query-input":{"@type":"PropertyValueSpecification","valueRequired":true,"valueName":"search_term_string"}}],"inLanguage":"en-US"},{"@type":"Organization","@id":"https:\/\/playathome.shop\/#organization","name":"Play At Home - Handmade Toys","url":"https:\/\/playathome.shop\/","logo":{"@type":"ImageObject","inLanguage":"en-US","@id":"https:\/\/playathome.shop\/#\/schema\/logo\/image\/","url":"https:\/\/playathome.shop\/wp-content\/uploads\/2023\/05\/image.jpg","contentUrl":"https:\/\/playathome.shop\/wp-content\/uploads\/2023\/05\/image.jpg","width":640,"height":640,"caption":"Play At Home - \u0110\u1ed3 Ch\u01a1i Th\u1ee7 C\u00f4ng"},"image":{"@id":"https:\/\/playathome.shop\/#\/schema\/logo\/image\/"},"sameAs":["https:\/\/www.facebook.com\/PlayAtHome.ONhaVanVui","https:\/\/instagram.com\/playathome.onhavanvui"]}]}},"jetpack_sharing_enabled":true,"_links":{"self":[{"href":"https:\/\/playathome.shop\/en\/wp-json\/wp\/v2\/pages\/11","targetHints":{"allow":["GET"]}}],"collection":[{"href":"https:\/\/playathome.shop\/en\/wp-json\/wp\/v2\/pages"}],"about":[{"href":"https:\/\/playathome.shop\/en\/wp-json\/wp\/v2\/types\/page"}],"author":[{"embeddable":true,"href":"https:\/\/playathome.shop\/en\/wp-json\/wp\/v2\/users\/1"}],"replies":[{"embeddable":true,"href":"https:\/\/playathome.shop\/en\/wp-json\/wp\/v2\/comments?post=11"}],"version-history":[{"count":9,"href":"https:\/\/playathome.shop\/en\/wp-json\/wp\/v2\/pages\/11\/revisions"}],"predecessor-version":[{"id":3110,"href":"https:\/\/playathome.shop\/en\/wp-json\/wp\/v2\/pages\/11\/revisions\/3110"}],"wp:attachment":[{"href":"https:\/\/playathome.shop\/en\/wp-json\/wp\/v2\/media?parent=11"}],"curies":[{"name":"wp","href":"https:\/\/api.w.org\/{rel}","templated":true}]}}