{"id":1465,"date":"2021-10-13T02:57:41","date_gmt":"2021-10-12T19:57:41","guid":{"rendered":"https:\/\/soledaddemo.pencidesign.net\/soledad-minimal-shop\/?page_id=15"},"modified":"2024-04-06T17:40:15","modified_gmt":"2024-04-06T10:40:15","slug":"ve-tui-minh","status":"publish","type":"page","link":"https:\/\/playathome.shop\/en\/ve-tui-minh\/","title":{"rendered":"About Us"},"content":{"rendered":"<div data-elementor-type=\"wp-page\" data-elementor-id=\"1465\" class=\"elementor elementor-1465\">\n\t\t\t\t\t\t<section class=\"penci-section penci-dmcheck penci-elbg-activate penci-disSticky penci-structure-10 elementor-section elementor-top-section elementor-element elementor-element-5237948 elementor-section-boxed elementor-section-height-default elementor-section-height-default\" data-id=\"5237948\" data-element_type=\"section\" data-e-type=\"section\" data-settings=\"{&quot;background_background&quot;:&quot;classic&quot;}\">\n\t\t\t\t\t\t<div class=\"elementor-container elementor-column-gap-no\">\n\t\t\t\t\t<div class=\"penci-ercol-100 penci-ercol-order-1 penci-sticky-ct    elementor-column elementor-col-100 elementor-top-column elementor-element elementor-element-bca8e91\" data-id=\"bca8e91\" data-element_type=\"column\" data-e-type=\"column\">\n\t\t\t<div class=\"elementor-widget-wrap elementor-element-populated\">\n\t\t\t\t\t\t<div class=\"elementor-element elementor-element-c606c65 elementor-widget elementor-widget-penci-fancy_heading\" data-id=\"c606c65\" data-element_type=\"widget\" data-e-type=\"widget\" data-widget_type=\"penci-fancy_heading.default\">\n\t\t\t\t<div class=\"elementor-widget-container\">\n\t\t\t\t\t\t\t<div class=\"penci-fancy-heading penci-heading-text-center\">\n\t\t\t<div class=\"penci-fancy-heading-inner\">\n\t\t\t\t<h2 class=\"penci-heading-title\"><span class=\"inner-tit\">Play At Home - FUN AT HOME<\/span><\/h2>\t\t\t<\/div>\n\t\t<\/div>\n\t\t\t\t\t\t<\/div>\n\t\t\t\t<\/div>\n\t\t\t\t\t<\/div>\n\t\t<\/div>\n\t\t\t\t\t<\/div>\n\t\t<\/section>\n\t\t\t\t<section class=\"penci-section penci-disSticky penci-structure-10 elementor-section elementor-top-section elementor-element elementor-element-a268e25 elementor-section-boxed elementor-section-height-default elementor-section-height-default\" data-id=\"a268e25\" data-element_type=\"section\" data-e-type=\"section\">\n\t\t\t\t\t\t<div class=\"elementor-container elementor-column-gap-no\">\n\t\t\t\t\t<div class=\"penci-ercol-100 penci-ercol-order-1 penci-sticky-ct    elementor-column elementor-col-100 elementor-top-column elementor-element elementor-element-28dd262\" data-id=\"28dd262\" data-element_type=\"column\" data-e-type=\"column\">\n\t\t\t<div class=\"elementor-widget-wrap elementor-element-populated\">\n\t\t\t\t\t\t<div class=\"elementor-element elementor-element-14cb8de elementor-widget elementor-widget-image\" data-id=\"14cb8de\" data-element_type=\"widget\" data-e-type=\"widget\" data-widget_type=\"image.default\">\n\t\t\t\t<div class=\"elementor-widget-container\">\n\t\t\t\t\t\t\t\t\t\t\t\t\t\t\t<img fetchpriority=\"high\" decoding=\"async\" width=\"1920\" height=\"800\" src=\"https:\/\/playathome.shop\/wp-content\/uploads\/2023\/06\/IMG_6174-scaled-e1687696548444-1920x800.jpeg?v=1694229274\" class=\"attachment-penci-slider-full-thumb size-penci-slider-full-thumb wp-image-1860\" alt=\"\" \/>\t\t\t\t\t\t\t\t\t\t\t\t\t\t\t<\/div>\n\t\t\t\t<\/div>\n\t\t\t\t\t<\/div>\n\t\t<\/div>\n\t\t\t\t\t<\/div>\n\t\t<\/section>\n\t\t\t\t<section class=\"penci-section penci-disSticky penci-structure-21 elementor-section elementor-top-section elementor-element elementor-element-5152c17 elementor-section-boxed elementor-section-height-default elementor-section-height-default\" data-id=\"5152c17\" data-element_type=\"section\" data-e-type=\"section\">\n\t\t\t\t\t\t<div class=\"elementor-container elementor-column-gap-wider\">\n\t\t\t\t\t<div class=\"penci-ercol-33 penci-ercol-order-1 penci-sticky-sb penci-sidebarSC   elementor-column elementor-col-33 elementor-top-column elementor-element elementor-element-33f2baa\" data-id=\"33f2baa\" data-element_type=\"column\" data-e-type=\"column\">\n\t\t\t<div class=\"elementor-widget-wrap elementor-element-populated\">\n\t\t\t\t\t\t<div class=\"elementor-element elementor-element-ca29e66 penci-h-poswrap-center penci-v-poswrap-middle elementor-widget elementor-widget-penci-custom-sliders\" data-id=\"ca29e66\" data-element_type=\"widget\" data-e-type=\"widget\" data-widget_type=\"penci-custom-sliders.default\">\n\t\t\t\t<div class=\"elementor-widget-container\">\n\t\t\t\t\t<div class=\"penci-block-vc penci-custom-slides\"><div class=\"penci-block_content penci-slides-wrap swiper penci-owl-carousel penci-owl-carousel-slider pcdots-dots\"  data-items=\"1\" data-auto=\"true\" data-autotime=\"4000\" data-speed=\"800\" data-anim=\"slide\" data-ceffect=\"swing\" data-seffect=\"creative\"><div class=\"swiper-wrapper\"><div class=\"swiper-slide elementor-repeater-item-8c2ef7b penci-ctslide-wrap\"><div class=\"penci-custom-slide\"><div class=\"penci-ctslide-bg\"><\/div><div class=\"penci-ctslide-inner btn-twoline\"><div class=\"penci-ctslider-bg-overlay\"><\/div><div class=\"penci-ctslider-content penci-fadeInUp\"><h2 class=\"pencislider-title\">DIY SEWING KITS<\/h2><div class=\"pencislider-caption\">For children from 4 years old, with various lovely designs and tutorial clips. Easy to make, useful to have.<\/div><div class=\"penci-slider_btnwrap\"><a class=\"pencislider-btn pencislider-btn-1 penci-button\" href=\"https:\/\/playathome.shop\/en\/product-category\/kit-diy\/\"><span>SHOP NOW<\/span><\/a><a class=\"pencislider-btn pencislider-btn-2 penci-button\" href=\"https:\/\/playathome.shop\/en\/tre-con-va-viec-may-va\/\" target=\"_blank\"><span>Why sew?<\/span><\/a><\/div><\/div><\/div><\/div><\/div><div class=\"swiper-slide elementor-repeater-item-a3934df penci-ctslide-wrap\"><div class=\"penci-custom-slide\"><div class=\"penci-ctslide-bg\"><\/div><div class=\"penci-ctslide-inner btn-twoline\"><div class=\"penci-ctslider-bg-overlay\"><\/div><div class=\"penci-ctslider-content penci-fadeInUp\"><h2 class=\"pencislider-title\">MIA Bunny<\/h2><div class=\"pencislider-caption\">Little Mia Bunny is warm, soft, and always by your side to listen to all your thoughts and wishes.<\/div><div class=\"penci-slider_btnwrap\"><a class=\"pencislider-btn pencislider-btn-1 penci-button\" href=\"https:\/\/playathome.shop\/en\/product\/bup-be-tho-mia\/\"><span>SHOP NOW<\/span><\/a><a class=\"pencislider-btn pencislider-btn-2 penci-button\" href=\"https:\/\/playathome.shop\/en\/loi-ich-cua-thu-bong-o-tre-nho-va-nguoi-lon-1\/\" target=\"_blank\"><span>PLUSHIES' BENEFITS<\/span><\/a><\/div><\/div><\/div><\/div><\/div><div class=\"swiper-slide elementor-repeater-item-ec77638 penci-ctslide-wrap\"><div class=\"penci-custom-slide\"><div class=\"penci-ctslide-bg\"><\/div><div class=\"penci-ctslide-inner btn-twoline\"><div class=\"penci-ctslider-bg-overlay\"><\/div><div class=\"penci-ctslider-content penci-fadeInUp\"><h2 class=\"pencislider-title\">FISHING GAME<\/h2><div class=\"pencislider-caption\">Little colorful felt fish help with fine motor skills practice.<\/div><div class=\"penci-slider_btnwrap\"><a class=\"pencislider-btn pencislider-btn-1 penci-button\" href=\"https:\/\/playathome.shop\/en\/product\/bo-cau-ca-vai-ni\/\"><span>SHOP NOW<\/span><\/a><a class=\"pencislider-btn pencislider-btn-2 penci-button\" href=\"https:\/\/playathome.shop\/en\/ky-nang-van-dong-tinh\/\"><span>FINE MOTOR SKILLS<\/span><\/a><\/div><\/div><\/div><\/div><\/div><\/div><\/div><\/div>\t\t\t\t<\/div>\n\t\t\t\t<\/div>\n\t\t\t\t\t<\/div>\n\t\t<\/div>\n\t\t\t\t<div class=\"penci-ercol-66 penci-ercol-order-2 penci-sticky-ct    elementor-column elementor-col-66 elementor-top-column elementor-element elementor-element-c651d09\" data-id=\"c651d09\" data-element_type=\"column\" data-e-type=\"column\">\n\t\t\t<div class=\"elementor-widget-wrap elementor-element-populated\">\n\t\t\t\t\t\t<div class=\"elementor-element elementor-element-9b2a3c3 elementor-widget elementor-widget-penci-fancy_heading\" data-id=\"9b2a3c3\" data-element_type=\"widget\" data-e-type=\"widget\" data-widget_type=\"penci-fancy_heading.default\">\n\t\t\t\t<div class=\"elementor-widget-container\">\n\t\t\t\t\t\t\t<div class=\"penci-fancy-heading penci-heading-text-left\">\n\t\t\t<div class=\"penci-fancy-heading-inner\">\n\t\t\t\t<div class=\"penci-heading-subtitle\">FOUNDED IN 2021<\/div><h2 class=\"penci-heading-title\"><span class=\"inner-tit\">Our Story<\/span><\/h2><div class=\"penci-heading-content entry-content\"><p>In 2021, the whole world ground to a halt due to Covid pandemic,  and all schools in Vietnam were closed. School children started to get used to virtual classes with online lessons and conversations. This situation helped teachers with their curriculum and students schoolwork, but at the same time, raised a bigger challenge: screen time. <\/p>\n<p>Many of our students complained about their sore eyes, dizziness, while others were drawn to online games and got lost in the virtual world. Parents, with their busy WFH schedules, had little time to interact or talk with their children, not to mention cooking three meals a day and tons of house chores to do. It was madness all over.<\/p>\n<p>Being Waldorf kindergarten teachers, we had no choice but to stay unemployed, as children in our schools are not allowed screen time, neither as a part of their lessons nor as entertainment. Their parents texted us, desperate to find a way to keep the kids busy, and buy them some more time for work. <\/p>\n<p>And that, was the start of PLAY AT HOME.<\/p>\n<p>Starting with the felt fishing set, then the letter learning set, the number learning set, then the stuffed animal sewing KIT, the bag sewing KIT, then the writing bag, and the newest product today is the Doll line. Exclusive Ms and Waldorf Dolls.<\/p>\n<p>We have always been trying to keep our work neat and full of love, just like the first days. New ideas are inspired by the goal of helping children find joy in labor and imagination. After all, we are teachers, and we would love to dedicate our life to embrace and educate children.<\/p>\n<\/div>\t\t\t<\/div>\n\t\t<\/div>\n\t\t\t\t\t\t<\/div>\n\t\t\t\t<\/div>\n\t\t\t\t<div class=\"elementor-element elementor-element-4528bd0 elementor-widget elementor-widget-penci-fancy_heading\" data-id=\"4528bd0\" data-element_type=\"widget\" data-e-type=\"widget\" data-widget_type=\"penci-fancy_heading.default\">\n\t\t\t\t<div class=\"elementor-widget-container\">\n\t\t\t\t\t\t\t<div class=\"penci-fancy-heading penci-heading-text-left\">\n\t\t\t<div class=\"penci-fancy-heading-inner\">\n\t\t\t\t<h2 class=\"penci-heading-title\"><span class=\"inner-tit\">\nPlay at Home Team<\/span><\/h2>\t\t\t<\/div>\n\t\t<\/div>\n\t\t\t\t\t\t<\/div>\n\t\t\t\t<\/div>\n\t\t\t\t\t<\/div>\n\t\t<\/div>\n\t\t\t\t\t<\/div>\n\t\t<\/section>\n\t\t\t\t<\/div>","protected":false},"excerpt":{"rendered":"<p>Play At Home \u2013 Still having fun at home, kit for children to make themselves. Suitable for children from 4 years old. Diverse designs, lovely designs, directions\u2026<\/p>","protected":false},"author":1,"featured_media":0,"parent":0,"menu_order":0,"comment_status":"closed","ping_status":"closed","template":"page-fullwidth.php","meta":{"_lmt_disableupdate":"","_lmt_disable":"","footnotes":""},"class_list":["post-1465","page","type-page","status-publish","hentry"],"yoast_head":"<!-- This site is optimized with the Yoast SEO plugin v27.1.1 - https:\/\/yoast.com\/product\/yoast-seo-wordpress\/ -->\n<title>V\u1ec1 T\u1ee5i M\u00ecnh - Play At Home - \u0110\u1ed3 Ch\u01a1i Th\u1ee7 C\u00f4ng<\/title>\n<meta name=\"robots\" content=\"index, follow, max-snippet:-1, max-image-preview:large, max-video-preview:-1\" \/>\n<link rel=\"canonical\" href=\"https:\/\/playathome.shop\/en\/ve-tui-minh\/\" \/>\n<meta property=\"og:locale\" content=\"en_US\" \/>\n<meta property=\"og:type\" content=\"article\" \/>\n<meta property=\"og:title\" content=\"V\u1ec1 T\u1ee5i M\u00ecnh - Play At Home - \u0110\u1ed3 Ch\u01a1i Th\u1ee7 C\u00f4ng\" \/>\n<meta property=\"og:description\" content=\"Play At Home &#8211; \u1ede nh\u00e0 v\u1eabn vui kit cho b\u00e9 t\u1ef1 may Th\u00edch h\u1ee3p cho c\u00e1c b\u00e9 t\u1eeb 4 tu\u1ed5i. M\u1eabu m\u00e3 \u0111a d\u1ea1ng, thi\u1ebft k\u1ebf \u0111\u00e1ng y\u00eau, h\u01b0\u1edbng&hellip;\" \/>\n<meta property=\"og:url\" content=\"https:\/\/playathome.shop\/en\/ve-tui-minh\/\" \/>\n<meta property=\"og:site_name\" content=\"Play At Home - \u0110\u1ed3 Ch\u01a1i Th\u1ee7 C\u00f4ng\" \/>\n<meta property=\"article:publisher\" content=\"https:\/\/www.facebook.com\/PlayAtHome.ONhaVanVui\" \/>\n<meta property=\"article:modified_time\" content=\"2024-04-06T10:40:15+00:00\" \/>\n<meta property=\"og:image\" content=\"https:\/\/playathome.shop\/wp-content\/uploads\/2023\/06\/IMG_6174-scaled-e1687696548444-1920x800.jpeg?v=1694229274\" \/>\n<meta name=\"twitter:card\" content=\"summary_large_image\" \/>\n<meta name=\"twitter:label1\" content=\"Est. reading time\" \/>\n\t<meta name=\"twitter:data1\" content=\"3 minutes\" \/>\n<script type=\"application\/ld+json\" class=\"yoast-schema-graph\">{\"@context\":\"https:\/\/schema.org\",\"@graph\":[{\"@type\":\"WebPage\",\"@id\":\"https:\/\/playathome.shop\/ve-tui-minh\/\",\"url\":\"https:\/\/playathome.shop\/ve-tui-minh\/\",\"name\":\"V\u1ec1 T\u1ee5i M\u00ecnh - Play At Home - \u0110\u1ed3 Ch\u01a1i Th\u1ee7 C\u00f4ng\",\"isPartOf\":{\"@id\":\"https:\/\/playathome.shop\/#website\"},\"primaryImageOfPage\":{\"@id\":\"https:\/\/playathome.shop\/ve-tui-minh\/#primaryimage\"},\"image\":{\"@id\":\"https:\/\/playathome.shop\/ve-tui-minh\/#primaryimage\"},\"thumbnailUrl\":\"https:\/\/playathome.shop\/wp-content\/uploads\/2023\/06\/IMG_6174-scaled-e1687696548444-1920x800.jpeg?v=1694229274\",\"datePublished\":\"2021-10-12T19:57:41+00:00\",\"dateModified\":\"2024-04-06T10:40:15+00:00\",\"breadcrumb\":{\"@id\":\"https:\/\/playathome.shop\/ve-tui-minh\/#breadcrumb\"},\"inLanguage\":\"en-US\",\"potentialAction\":[{\"@type\":\"ReadAction\",\"target\":[\"https:\/\/playathome.shop\/ve-tui-minh\/\"]}]},{\"@type\":\"ImageObject\",\"inLanguage\":\"en-US\",\"@id\":\"https:\/\/playathome.shop\/ve-tui-minh\/#primaryimage\",\"url\":\"https:\/\/playathome.shop\/wp-content\/uploads\/2023\/06\/IMG_6174-scaled-e1687696548444-1920x800.jpeg?v=1694229274\",\"contentUrl\":\"https:\/\/playathome.shop\/wp-content\/uploads\/2023\/06\/IMG_6174-scaled-e1687696548444-1920x800.jpeg?v=1694229274\"},{\"@type\":\"BreadcrumbList\",\"@id\":\"https:\/\/playathome.shop\/ve-tui-minh\/#breadcrumb\",\"itemListElement\":[{\"@type\":\"ListItem\",\"position\":1,\"name\":\"Trang ch\u1ee7\",\"item\":\"https:\/\/playathome.shop\/\"},{\"@type\":\"ListItem\",\"position\":2,\"name\":\"V\u1ec1 T\u1ee5i M\u00ecnh\"}]},{\"@type\":\"WebSite\",\"@id\":\"https:\/\/playathome.shop\/#website\",\"url\":\"https:\/\/playathome.shop\/\",\"name\":\"Play At Home - \u0110\u1ed3 Ch\u01a1i Th\u1ee7 C\u00f4ng\",\"description\":\"Handmade &amp; Heartmade Toys For Kids\",\"publisher\":{\"@id\":\"https:\/\/playathome.shop\/#organization\"},\"potentialAction\":[{\"@type\":\"SearchAction\",\"target\":{\"@type\":\"EntryPoint\",\"urlTemplate\":\"https:\/\/playathome.shop\/?s={search_term_string}\"},\"query-input\":{\"@type\":\"PropertyValueSpecification\",\"valueRequired\":true,\"valueName\":\"search_term_string\"}}],\"inLanguage\":\"en-US\"},{\"@type\":\"Organization\",\"@id\":\"https:\/\/playathome.shop\/#organization\",\"name\":\"Play At Home - \u0110\u1ed3 Ch\u01a1i Th\u1ee7 C\u00f4ng\",\"url\":\"https:\/\/playathome.shop\/\",\"logo\":{\"@type\":\"ImageObject\",\"inLanguage\":\"en-US\",\"@id\":\"https:\/\/playathome.shop\/#\/schema\/logo\/image\/\",\"url\":\"https:\/\/playathome.shop\/wp-content\/uploads\/2023\/05\/image.jpg\",\"contentUrl\":\"https:\/\/playathome.shop\/wp-content\/uploads\/2023\/05\/image.jpg\",\"width\":640,\"height\":640,\"caption\":\"Play At Home - \u0110\u1ed3 Ch\u01a1i Th\u1ee7 C\u00f4ng\"},\"image\":{\"@id\":\"https:\/\/playathome.shop\/#\/schema\/logo\/image\/\"},\"sameAs\":[\"https:\/\/www.facebook.com\/PlayAtHome.ONhaVanVui\",\"https:\/\/instagram.com\/playathome.onhavanvui\"]}]}<\/script>\n<!-- \/ Yoast SEO plugin. -->","yoast_head_json":{"title":"V\u1ec1 T\u1ee5i M\u00ecnh - Play At Home - \u0110\u1ed3 Ch\u01a1i Th\u1ee7 C\u00f4ng","robots":{"index":"index","follow":"follow","max-snippet":"max-snippet:-1","max-image-preview":"max-image-preview:large","max-video-preview":"max-video-preview:-1"},"canonical":"https:\/\/playathome.shop\/en\/ve-tui-minh\/","og_locale":"en_US","og_type":"article","og_title":"V\u1ec1 T\u1ee5i M\u00ecnh - Play At Home - \u0110\u1ed3 Ch\u01a1i Th\u1ee7 C\u00f4ng","og_description":"Play At Home &#8211; \u1ede nh\u00e0 v\u1eabn vui kit cho b\u00e9 t\u1ef1 may Th\u00edch h\u1ee3p cho c\u00e1c b\u00e9 t\u1eeb 4 tu\u1ed5i. M\u1eabu m\u00e3 \u0111a d\u1ea1ng, thi\u1ebft k\u1ebf \u0111\u00e1ng y\u00eau, h\u01b0\u1edbng&hellip;","og_url":"https:\/\/playathome.shop\/en\/ve-tui-minh\/","og_site_name":"Play At Home - \u0110\u1ed3 Ch\u01a1i Th\u1ee7 C\u00f4ng","article_publisher":"https:\/\/www.facebook.com\/PlayAtHome.ONhaVanVui","article_modified_time":"2024-04-06T10:40:15+00:00","og_image":[{"url":"https:\/\/playathome.shop\/wp-content\/uploads\/2023\/06\/IMG_6174-scaled-e1687696548444-1920x800.jpeg?v=1694229274","type":"","width":"","height":""}],"twitter_card":"summary_large_image","twitter_misc":{"Est. reading time":"3 minutes"},"schema":{"@context":"https:\/\/schema.org","@graph":[{"@type":"WebPage","@id":"https:\/\/playathome.shop\/ve-tui-minh\/","url":"https:\/\/playathome.shop\/ve-tui-minh\/","name":"V\u1ec1 T\u1ee5i M\u00ecnh - Play At Home - \u0110\u1ed3 Ch\u01a1i Th\u1ee7 C\u00f4ng","isPartOf":{"@id":"https:\/\/playathome.shop\/#website"},"primaryImageOfPage":{"@id":"https:\/\/playathome.shop\/ve-tui-minh\/#primaryimage"},"image":{"@id":"https:\/\/playathome.shop\/ve-tui-minh\/#primaryimage"},"thumbnailUrl":"https:\/\/playathome.shop\/wp-content\/uploads\/2023\/06\/IMG_6174-scaled-e1687696548444-1920x800.jpeg?v=1694229274","datePublished":"2021-10-12T19:57:41+00:00","dateModified":"2024-04-06T10:40:15+00:00","breadcrumb":{"@id":"https:\/\/playathome.shop\/ve-tui-minh\/#breadcrumb"},"inLanguage":"en-US","potentialAction":[{"@type":"ReadAction","target":["https:\/\/playathome.shop\/ve-tui-minh\/"]}]},{"@type":"ImageObject","inLanguage":"en-US","@id":"https:\/\/playathome.shop\/ve-tui-minh\/#primaryimage","url":"https:\/\/playathome.shop\/wp-content\/uploads\/2023\/06\/IMG_6174-scaled-e1687696548444-1920x800.jpeg?v=1694229274","contentUrl":"https:\/\/playathome.shop\/wp-content\/uploads\/2023\/06\/IMG_6174-scaled-e1687696548444-1920x800.jpeg?v=1694229274"},{"@type":"BreadcrumbList","@id":"https:\/\/playathome.shop\/ve-tui-minh\/#breadcrumb","itemListElement":[{"@type":"ListItem","position":1,"name":"Trang ch\u1ee7","item":"https:\/\/playathome.shop\/"},{"@type":"ListItem","position":2,"name":"V\u1ec1 T\u1ee5i M\u00ecnh"}]},{"@type":"WebSite","@id":"https:\/\/playathome.shop\/#website","url":"https:\/\/playathome.shop\/","name":"Play At Home - Handmade Toys","description":"Handmade &amp; Heartmade Toys For Kids","publisher":{"@id":"https:\/\/playathome.shop\/#organization"},"potentialAction":[{"@type":"SearchAction","target":{"@type":"EntryPoint","urlTemplate":"https:\/\/playathome.shop\/?s={search_term_string}"},"query-input":{"@type":"PropertyValueSpecification","valueRequired":true,"valueName":"search_term_string"}}],"inLanguage":"en-US"},{"@type":"Organization","@id":"https:\/\/playathome.shop\/#organization","name":"Play At Home - Handmade Toys","url":"https:\/\/playathome.shop\/","logo":{"@type":"ImageObject","inLanguage":"en-US","@id":"https:\/\/playathome.shop\/#\/schema\/logo\/image\/","url":"https:\/\/playathome.shop\/wp-content\/uploads\/2023\/05\/image.jpg","contentUrl":"https:\/\/playathome.shop\/wp-content\/uploads\/2023\/05\/image.jpg","width":640,"height":640,"caption":"Play At Home - \u0110\u1ed3 Ch\u01a1i Th\u1ee7 C\u00f4ng"},"image":{"@id":"https:\/\/playathome.shop\/#\/schema\/logo\/image\/"},"sameAs":["https:\/\/www.facebook.com\/PlayAtHome.ONhaVanVui","https:\/\/instagram.com\/playathome.onhavanvui"]}]}},"jetpack_sharing_enabled":true,"_links":{"self":[{"href":"https:\/\/playathome.shop\/en\/wp-json\/wp\/v2\/pages\/1465","targetHints":{"allow":["GET"]}}],"collection":[{"href":"https:\/\/playathome.shop\/en\/wp-json\/wp\/v2\/pages"}],"about":[{"href":"https:\/\/playathome.shop\/en\/wp-json\/wp\/v2\/types\/page"}],"author":[{"embeddable":true,"href":"https:\/\/playathome.shop\/en\/wp-json\/wp\/v2\/users\/1"}],"replies":[{"embeddable":true,"href":"https:\/\/playathome.shop\/en\/wp-json\/wp\/v2\/comments?post=1465"}],"version-history":[{"count":86,"href":"https:\/\/playathome.shop\/en\/wp-json\/wp\/v2\/pages\/1465\/revisions"}],"predecessor-version":[{"id":3115,"href":"https:\/\/playathome.shop\/en\/wp-json\/wp\/v2\/pages\/1465\/revisions\/3115"}],"wp:attachment":[{"href":"https:\/\/playathome.shop\/en\/wp-json\/wp\/v2\/media?parent=1465"}],"curies":[{"name":"wp","href":"https:\/\/api.w.org\/{rel}","templated":true}]}}