{"id":2709,"date":"2023-09-27T23:06:16","date_gmt":"2023-09-27T16:06:16","guid":{"rendered":"https:\/\/playathome.shop\/?page_id=2709"},"modified":"2024-03-15T13:10:50","modified_gmt":"2024-03-15T06:10:50","slug":"chinh-sach-giao-hang-va-huong-dan-su-dung","status":"publish","type":"page","link":"https:\/\/playathome.shop\/en\/chinh-sach-giao-hang-va-huong-dan-su-dung\/","title":{"rendered":"Delivery Policy and Instructions for Use"},"content":{"rendered":"<h2 class=\"wp-block-heading\">DELIVERY POLICY<\/h2>\n\n\n\n<p><strong>Transport fee<\/strong><\/p>\n\n\n\n<ul class=\"wp-block-list\">\n<li>Saigon inner city: 20,000 VND<\/li>\n\n\n\n<li>Centrally run cities: 25,000 VND<\/li>\n\n\n\n<li>Cities and Districts directly under the province: 30,000 VND<\/li>\n<\/ul>\n\n\n\n<p><strong>Delivery time<\/strong><\/p>\n\n\n\n<p>Within 7 days from receipt of payment.<\/p>\n\n\n\n<h2 class=\"wp-block-heading\">USER MANUAL<\/h2>\n\n\n\n<p>Before delivery, the product was washed by PAH with biological detergent and dried in the sun.<\/p>\n\n\n\n<p>After use, you can gently wash it by hand, or use a laundry bag and choose the gentle mode if machine washing.<br><strong>Note:<\/strong> If you use biological detergent, the product will be more durable.<\/p>\n\n\n\n<h2 class=\"wp-block-heading\">COMMUNICATIONS<\/h2>\n\n\n\n<p><strong>Email<\/strong>: playathome.onhavanvui@gmail.com<br><strong>Phone number (Zalo)<\/strong>: 0773927883<br><strong>Fanpage<\/strong>: https:\/\/www.facebook.com\/PlayAtHome.ONhaVanVui<br><strong>Website<\/strong>: https:\/\/playathome.shop<\/p>\n\n\n\n<p>PAH products are made entirely by hand or semi-handmade (using sewing machines). Each product has its own unique characteristics, and partly reflects the personality and image of the person who made them. Therefore, each finished product will be like the brainchild of PAH. PAH hopes that these spiritual children will always be loved, cherished and respected by their parents and children.<\/p>","protected":false},"excerpt":{"rendered":"<p>DELIVERY POLICY Shipping Fee Delivery time Within 7 days from receipt of payment. INSTRUCTIONS FOR USE Product before delivery...<\/p>","protected":false},"author":1,"featured_media":0,"parent":0,"menu_order":0,"comment_status":"closed","ping_status":"closed","template":"","meta":{"_lmt_disableupdate":"","_lmt_disable":"","footnotes":""},"class_list":["post-2709","page","type-page","status-publish","hentry"],"yoast_head":"<!-- This site is optimized with the Yoast SEO plugin v27.1.1 - https:\/\/yoast.com\/product\/yoast-seo-wordpress\/ -->\n<title>Ch\u00ednh s\u00e1ch Giao h\u00e0ng v\u00e0 H\u01b0\u1edbng d\u1eabn S\u1eed d\u1ee5ng - Play At Home - \u0110\u1ed3 Ch\u01a1i Th\u1ee7 C\u00f4ng<\/title>\n<meta name=\"description\" content=\"C\u00e1c s\u1ea3n ph\u1ea9m c\u1ee7a PAH \u0111\u01b0\u1ee3c l\u00e0m ho\u00e0n to\u00e0n th\u1ee7 c\u00f4ng ho\u1eb7c b\u00e1n th\u1ee7 c\u00f4ng (c\u00f3 s\u1eed d\u1ee5ng m\u00e1y may). M\u1ed7i s\u1ea3n ph\u1ea9m mang m\u1ed9t n\u00e9t \u0111\u1eb7c tr\u01b0ng ri\u00eang, v\u00e0 ph\u1ea7n n\u00e0o th\u1ec3 hi\u1ec7n t\u00ednh c\u00e1ch, h\u00ecnh \u1ea3nh c\u1ee7a ng\u01b0\u1eddi l\u00e0m ra ch\u00fang. V\u1eady n\u00ean, m\u1ed7i s\u1ea3n ph\u1ea9m ho\u00e0n thi\u1ec7n s\u1ebd gi\u1ed1ng nh\u01b0 \u0111\u1ee9a con tinh th\u1ea7n c\u1ee7a PAH. T\u1ee5i m\u00ecnh mong mong mu\u1ed1n nh\u1eefng \u0111\u1ee9a con tinh th\u1ea7n n\u00e0y s\u1ebd lu\u00f4n \u0111\u01b0\u1ee3c Ba M\u1eb9 c\u00f9ng c\u00e1c b\u1ea1n nh\u1ecf y\u00eau th\u01b0\u01a1ng, n\u00e2ng niu v\u00e0 tr\u00e2n tr\u1ecdng.\" \/>\n<meta name=\"robots\" content=\"index, follow, max-snippet:-1, max-image-preview:large, max-video-preview:-1\" \/>\n<link rel=\"canonical\" href=\"https:\/\/playathome.shop\/en\/chinh-sach-giao-hang-va-huong-dan-su-dung\/\" \/>\n<meta property=\"og:locale\" content=\"en_US\" \/>\n<meta property=\"og:type\" content=\"article\" \/>\n<meta property=\"og:title\" content=\"Ch\u00ednh s\u00e1ch Giao h\u00e0ng v\u00e0 H\u01b0\u1edbng d\u1eabn S\u1eed d\u1ee5ng - Play At Home - \u0110\u1ed3 Ch\u01a1i Th\u1ee7 C\u00f4ng\" \/>\n<meta property=\"og:description\" content=\"C\u00e1c s\u1ea3n ph\u1ea9m c\u1ee7a PAH \u0111\u01b0\u1ee3c l\u00e0m ho\u00e0n to\u00e0n th\u1ee7 c\u00f4ng ho\u1eb7c b\u00e1n th\u1ee7 c\u00f4ng (c\u00f3 s\u1eed d\u1ee5ng m\u00e1y may). M\u1ed7i s\u1ea3n ph\u1ea9m mang m\u1ed9t n\u00e9t \u0111\u1eb7c tr\u01b0ng ri\u00eang, v\u00e0 ph\u1ea7n n\u00e0o th\u1ec3 hi\u1ec7n t\u00ednh c\u00e1ch, h\u00ecnh \u1ea3nh c\u1ee7a ng\u01b0\u1eddi l\u00e0m ra ch\u00fang. V\u1eady n\u00ean, m\u1ed7i s\u1ea3n ph\u1ea9m ho\u00e0n thi\u1ec7n s\u1ebd gi\u1ed1ng nh\u01b0 \u0111\u1ee9a con tinh th\u1ea7n c\u1ee7a PAH. T\u1ee5i m\u00ecnh mong mong mu\u1ed1n nh\u1eefng \u0111\u1ee9a con tinh th\u1ea7n n\u00e0y s\u1ebd lu\u00f4n \u0111\u01b0\u1ee3c Ba M\u1eb9 c\u00f9ng c\u00e1c b\u1ea1n nh\u1ecf y\u00eau th\u01b0\u01a1ng, n\u00e2ng niu v\u00e0 tr\u00e2n tr\u1ecdng.\" \/>\n<meta property=\"og:url\" content=\"https:\/\/playathome.shop\/en\/chinh-sach-giao-hang-va-huong-dan-su-dung\/\" \/>\n<meta property=\"og:site_name\" content=\"Play At Home - \u0110\u1ed3 Ch\u01a1i Th\u1ee7 C\u00f4ng\" \/>\n<meta property=\"article:publisher\" content=\"https:\/\/www.facebook.com\/PlayAtHome.ONhaVanVui\" \/>\n<meta property=\"article:modified_time\" content=\"2024-03-15T06:10:50+00:00\" \/>\n<meta name=\"twitter:card\" content=\"summary_large_image\" \/>\n<meta name=\"twitter:label1\" content=\"Est. reading time\" \/>\n\t<meta name=\"twitter:data1\" content=\"2 minutes\" \/>\n<script type=\"application\/ld+json\" class=\"yoast-schema-graph\">{\"@context\":\"https:\/\/schema.org\",\"@graph\":[{\"@type\":\"WebPage\",\"@id\":\"https:\/\/playathome.shop\/chinh-sach-giao-hang-va-huong-dan-su-dung\/\",\"url\":\"https:\/\/playathome.shop\/chinh-sach-giao-hang-va-huong-dan-su-dung\/\",\"name\":\"Ch\u00ednh s\u00e1ch Giao h\u00e0ng v\u00e0 H\u01b0\u1edbng d\u1eabn S\u1eed d\u1ee5ng - Play At Home - \u0110\u1ed3 Ch\u01a1i Th\u1ee7 C\u00f4ng\",\"isPartOf\":{\"@id\":\"https:\/\/playathome.shop\/#website\"},\"datePublished\":\"2023-09-27T16:06:16+00:00\",\"dateModified\":\"2024-03-15T06:10:50+00:00\",\"description\":\"C\u00e1c s\u1ea3n ph\u1ea9m c\u1ee7a PAH \u0111\u01b0\u1ee3c l\u00e0m ho\u00e0n to\u00e0n th\u1ee7 c\u00f4ng ho\u1eb7c b\u00e1n th\u1ee7 c\u00f4ng (c\u00f3 s\u1eed d\u1ee5ng m\u00e1y may). M\u1ed7i s\u1ea3n ph\u1ea9m mang m\u1ed9t n\u00e9t \u0111\u1eb7c tr\u01b0ng ri\u00eang, v\u00e0 ph\u1ea7n n\u00e0o th\u1ec3 hi\u1ec7n t\u00ednh c\u00e1ch, h\u00ecnh \u1ea3nh c\u1ee7a ng\u01b0\u1eddi l\u00e0m ra ch\u00fang. V\u1eady n\u00ean, m\u1ed7i s\u1ea3n ph\u1ea9m ho\u00e0n thi\u1ec7n s\u1ebd gi\u1ed1ng nh\u01b0 \u0111\u1ee9a con tinh th\u1ea7n c\u1ee7a PAH. T\u1ee5i m\u00ecnh mong mong mu\u1ed1n nh\u1eefng \u0111\u1ee9a con tinh th\u1ea7n n\u00e0y s\u1ebd lu\u00f4n \u0111\u01b0\u1ee3c Ba M\u1eb9 c\u00f9ng c\u00e1c b\u1ea1n nh\u1ecf y\u00eau th\u01b0\u01a1ng, n\u00e2ng niu v\u00e0 tr\u00e2n tr\u1ecdng.\",\"breadcrumb\":{\"@id\":\"https:\/\/playathome.shop\/chinh-sach-giao-hang-va-huong-dan-su-dung\/#breadcrumb\"},\"inLanguage\":\"en-US\",\"potentialAction\":[{\"@type\":\"ReadAction\",\"target\":[\"https:\/\/playathome.shop\/chinh-sach-giao-hang-va-huong-dan-su-dung\/\"]}]},{\"@type\":\"BreadcrumbList\",\"@id\":\"https:\/\/playathome.shop\/chinh-sach-giao-hang-va-huong-dan-su-dung\/#breadcrumb\",\"itemListElement\":[{\"@type\":\"ListItem\",\"position\":1,\"name\":\"Trang ch\u1ee7\",\"item\":\"https:\/\/playathome.shop\/\"},{\"@type\":\"ListItem\",\"position\":2,\"name\":\"Ch\u00ednh s\u00e1ch Giao h\u00e0ng v\u00e0 H\u01b0\u1edbng d\u1eabn S\u1eed d\u1ee5ng\"}]},{\"@type\":\"WebSite\",\"@id\":\"https:\/\/playathome.shop\/#website\",\"url\":\"https:\/\/playathome.shop\/\",\"name\":\"Play At Home - \u0110\u1ed3 Ch\u01a1i Th\u1ee7 C\u00f4ng\",\"description\":\"Handmade &amp; Heartmade Toys For Kids\",\"publisher\":{\"@id\":\"https:\/\/playathome.shop\/#organization\"},\"potentialAction\":[{\"@type\":\"SearchAction\",\"target\":{\"@type\":\"EntryPoint\",\"urlTemplate\":\"https:\/\/playathome.shop\/?s={search_term_string}\"},\"query-input\":{\"@type\":\"PropertyValueSpecification\",\"valueRequired\":true,\"valueName\":\"search_term_string\"}}],\"inLanguage\":\"en-US\"},{\"@type\":\"Organization\",\"@id\":\"https:\/\/playathome.shop\/#organization\",\"name\":\"Play At Home - \u0110\u1ed3 Ch\u01a1i Th\u1ee7 C\u00f4ng\",\"url\":\"https:\/\/playathome.shop\/\",\"logo\":{\"@type\":\"ImageObject\",\"inLanguage\":\"en-US\",\"@id\":\"https:\/\/playathome.shop\/#\/schema\/logo\/image\/\",\"url\":\"https:\/\/playathome.shop\/wp-content\/uploads\/2023\/05\/image.jpg\",\"contentUrl\":\"https:\/\/playathome.shop\/wp-content\/uploads\/2023\/05\/image.jpg\",\"width\":640,\"height\":640,\"caption\":\"Play At Home - \u0110\u1ed3 Ch\u01a1i Th\u1ee7 C\u00f4ng\"},\"image\":{\"@id\":\"https:\/\/playathome.shop\/#\/schema\/logo\/image\/\"},\"sameAs\":[\"https:\/\/www.facebook.com\/PlayAtHome.ONhaVanVui\",\"https:\/\/instagram.com\/playathome.onhavanvui\"]}]}<\/script>\n<!-- \/ Yoast SEO plugin. -->","yoast_head_json":{"title":"Ch\u00ednh s\u00e1ch Giao h\u00e0ng v\u00e0 H\u01b0\u1edbng d\u1eabn S\u1eed d\u1ee5ng - Play At Home - \u0110\u1ed3 Ch\u01a1i Th\u1ee7 C\u00f4ng","description":"PAH products are made entirely by hand or semi-handmade (using sewing machines). Each product has its own unique characteristics, and partly reflects the personality and image of the person who made them. Therefore, each finished product will be like the brainchild of PAH. We hope that these spiritual children will always be loved, cherished and respected by their parents and children.","robots":{"index":"index","follow":"follow","max-snippet":"max-snippet:-1","max-image-preview":"max-image-preview:large","max-video-preview":"max-video-preview:-1"},"canonical":"https:\/\/playathome.shop\/en\/chinh-sach-giao-hang-va-huong-dan-su-dung\/","og_locale":"en_US","og_type":"article","og_title":"Ch\u00ednh s\u00e1ch Giao h\u00e0ng v\u00e0 H\u01b0\u1edbng d\u1eabn S\u1eed d\u1ee5ng - Play At Home - \u0110\u1ed3 Ch\u01a1i Th\u1ee7 C\u00f4ng","og_description":"C\u00e1c s\u1ea3n ph\u1ea9m c\u1ee7a PAH \u0111\u01b0\u1ee3c l\u00e0m ho\u00e0n to\u00e0n th\u1ee7 c\u00f4ng ho\u1eb7c b\u00e1n th\u1ee7 c\u00f4ng (c\u00f3 s\u1eed d\u1ee5ng m\u00e1y may). M\u1ed7i s\u1ea3n ph\u1ea9m mang m\u1ed9t n\u00e9t \u0111\u1eb7c tr\u01b0ng ri\u00eang, v\u00e0 ph\u1ea7n n\u00e0o th\u1ec3 hi\u1ec7n t\u00ednh c\u00e1ch, h\u00ecnh \u1ea3nh c\u1ee7a ng\u01b0\u1eddi l\u00e0m ra ch\u00fang. V\u1eady n\u00ean, m\u1ed7i s\u1ea3n ph\u1ea9m ho\u00e0n thi\u1ec7n s\u1ebd gi\u1ed1ng nh\u01b0 \u0111\u1ee9a con tinh th\u1ea7n c\u1ee7a PAH. T\u1ee5i m\u00ecnh mong mong mu\u1ed1n nh\u1eefng \u0111\u1ee9a con tinh th\u1ea7n n\u00e0y s\u1ebd lu\u00f4n \u0111\u01b0\u1ee3c Ba M\u1eb9 c\u00f9ng c\u00e1c b\u1ea1n nh\u1ecf y\u00eau th\u01b0\u01a1ng, n\u00e2ng niu v\u00e0 tr\u00e2n tr\u1ecdng.","og_url":"https:\/\/playathome.shop\/en\/chinh-sach-giao-hang-va-huong-dan-su-dung\/","og_site_name":"Play At Home - \u0110\u1ed3 Ch\u01a1i Th\u1ee7 C\u00f4ng","article_publisher":"https:\/\/www.facebook.com\/PlayAtHome.ONhaVanVui","article_modified_time":"2024-03-15T06:10:50+00:00","twitter_card":"summary_large_image","twitter_misc":{"Est. reading time":"2 minutes"},"schema":{"@context":"https:\/\/schema.org","@graph":[{"@type":"WebPage","@id":"https:\/\/playathome.shop\/chinh-sach-giao-hang-va-huong-dan-su-dung\/","url":"https:\/\/playathome.shop\/chinh-sach-giao-hang-va-huong-dan-su-dung\/","name":"Ch\u00ednh s\u00e1ch Giao h\u00e0ng v\u00e0 H\u01b0\u1edbng d\u1eabn S\u1eed d\u1ee5ng - Play At Home - \u0110\u1ed3 Ch\u01a1i Th\u1ee7 C\u00f4ng","isPartOf":{"@id":"https:\/\/playathome.shop\/#website"},"datePublished":"2023-09-27T16:06:16+00:00","dateModified":"2024-03-15T06:10:50+00:00","description":"PAH products are made entirely by hand or semi-handmade (using sewing machines). Each product has its own unique characteristics, and partly reflects the personality and image of the person who made them. Therefore, each finished product will be like the brainchild of PAH. We hope that these spiritual children will always be loved, cherished and respected by their parents and children.","breadcrumb":{"@id":"https:\/\/playathome.shop\/chinh-sach-giao-hang-va-huong-dan-su-dung\/#breadcrumb"},"inLanguage":"en-US","potentialAction":[{"@type":"ReadAction","target":["https:\/\/playathome.shop\/chinh-sach-giao-hang-va-huong-dan-su-dung\/"]}]},{"@type":"BreadcrumbList","@id":"https:\/\/playathome.shop\/chinh-sach-giao-hang-va-huong-dan-su-dung\/#breadcrumb","itemListElement":[{"@type":"ListItem","position":1,"name":"Trang ch\u1ee7","item":"https:\/\/playathome.shop\/"},{"@type":"ListItem","position":2,"name":"Ch\u00ednh s\u00e1ch Giao h\u00e0ng v\u00e0 H\u01b0\u1edbng d\u1eabn S\u1eed d\u1ee5ng"}]},{"@type":"WebSite","@id":"https:\/\/playathome.shop\/#website","url":"https:\/\/playathome.shop\/","name":"Play At Home - Handmade Toys","description":"Handmade &amp; Heartmade Toys For Kids","publisher":{"@id":"https:\/\/playathome.shop\/#organization"},"potentialAction":[{"@type":"SearchAction","target":{"@type":"EntryPoint","urlTemplate":"https:\/\/playathome.shop\/?s={search_term_string}"},"query-input":{"@type":"PropertyValueSpecification","valueRequired":true,"valueName":"search_term_string"}}],"inLanguage":"en-US"},{"@type":"Organization","@id":"https:\/\/playathome.shop\/#organization","name":"Play At Home - Handmade Toys","url":"https:\/\/playathome.shop\/","logo":{"@type":"ImageObject","inLanguage":"en-US","@id":"https:\/\/playathome.shop\/#\/schema\/logo\/image\/","url":"https:\/\/playathome.shop\/wp-content\/uploads\/2023\/05\/image.jpg","contentUrl":"https:\/\/playathome.shop\/wp-content\/uploads\/2023\/05\/image.jpg","width":640,"height":640,"caption":"Play At Home - \u0110\u1ed3 Ch\u01a1i Th\u1ee7 C\u00f4ng"},"image":{"@id":"https:\/\/playathome.shop\/#\/schema\/logo\/image\/"},"sameAs":["https:\/\/www.facebook.com\/PlayAtHome.ONhaVanVui","https:\/\/instagram.com\/playathome.onhavanvui"]}]}},"jetpack_sharing_enabled":true,"_links":{"self":[{"href":"https:\/\/playathome.shop\/en\/wp-json\/wp\/v2\/pages\/2709","targetHints":{"allow":["GET"]}}],"collection":[{"href":"https:\/\/playathome.shop\/en\/wp-json\/wp\/v2\/pages"}],"about":[{"href":"https:\/\/playathome.shop\/en\/wp-json\/wp\/v2\/types\/page"}],"author":[{"embeddable":true,"href":"https:\/\/playathome.shop\/en\/wp-json\/wp\/v2\/users\/1"}],"replies":[{"embeddable":true,"href":"https:\/\/playathome.shop\/en\/wp-json\/wp\/v2\/comments?post=2709"}],"version-history":[{"count":2,"href":"https:\/\/playathome.shop\/en\/wp-json\/wp\/v2\/pages\/2709\/revisions"}],"predecessor-version":[{"id":3107,"href":"https:\/\/playathome.shop\/en\/wp-json\/wp\/v2\/pages\/2709\/revisions\/3107"}],"wp:attachment":[{"href":"https:\/\/playathome.shop\/en\/wp-json\/wp\/v2\/media?parent=2709"}],"curies":[{"name":"wp","href":"https:\/\/api.w.org\/{rel}","templated":true}]}}