{"id":108,"date":"2021-09-12T09:12:43","date_gmt":"2021-09-12T09:12:43","guid":{"rendered":"https:\/\/soledaddemo.pencidesign.net\/soledad-general-shop\/product\/flower-vase-minimalism-style-c-c-c-c-c-c-c-c-c-c-c-c-c-c-c-c-c-c-c-c-c-c-c-c-c-c-c-c-c-c-c-c-c-c-c-c-c-c-c-c-c\/"},"modified":"2026-02-12T03:14:13","modified_gmt":"2026-02-11T20:14:13","slug":"bup-be-tho-mia","status":"publish","type":"product","link":"https:\/\/playathome.shop\/en\/product\/bup-be-tho-mia\/","title":{"rendered":"MIA Bunny Doll"},"content":{"rendered":"<p>M\u00eda l\u00e0 em th\u1ecf xinh x\u1eafn \u0111\u00e1ng y\u00eau trong gia \u0111\u00ecnh, n\u01a1i em s\u1ed1ng h\u1ea1nh ph\u00fac trong m\u1ed9t c\u00e1i hang nho nh\u1ecf d\u01b0\u1edbi l\u00f2ng \u0111\u1ea5t, g\u1ea7n g\u1ed1c c\u00e2y s\u1ed3i l\u1edbn nh\u1ea5t \u1edf \u0110\u1ed3ng C\u1ecf Xanh. Kh\u00e1c v\u1edbi nh\u1eefng gia \u0111\u00ecnh th\u1ecf \u0111\u00f4ng \u0111\u00fac \u0111ang c\u01b0 ng\u1ee5 t\u1ea1i \u0111\u00e2y, Th\u1ecf Ba v\u00e0 Th\u1ecf M\u1eb9 ch\u1ec9 c\u00f3 duy nh\u1ea5t m\u1ed9t m\u00ecnh M\u00eda. Ba M\u1eb9 M\u00eda th\u01b0\u01a1ng M\u00eda v\u00f4 c\u00f9ng, Ba M\u00eda lu\u00f4n nh\u1eb9 nh\u00e0ng b\u1ea3o ban M\u00eda, c\u00f2n M\u1eb9 th\u00ec lu\u00f4n gi\u1eef cho M\u00eda s\u1ea1ch s\u1ebd v\u00e0 \u0111\u1ea3m b\u1ea3o M\u00eda lu\u00f4n \u0111\u01b0\u1ee3c no b\u1ee5ng. M\u00eda \u01b0a s\u1ef1 s\u1ea1ch s\u1ebd, v\u00e0 t\u00ednh t\u00ecnh hay m\u1ed9ng m\u01a1, M\u00eda th\u00edch \u0111i d\u1ea1o, ng\u1eafm tr\u1eddi m\u00e2y, v\u00e0 \u0111\u00f9a ngh\u1ecbch c\u00f9ng c\u00e1c b\u1ea1n h\u00e0ng x\u00f3m c\u1ee7a m\u00ecnh\u2026<\/p>\n<p>C\u00e1c b\u00e9 c\u00f3 mu\u1ed1n l\u00e0m b\u1ea1n v\u1edbi M\u00eda kh\u00f4ng n\u00e8?<\/p>\n<p><iframe title=\"[PLAY AT HOME - \u0110\u1ed2 CH\u01a0I TH\u1ee6 C\u00d4NG] C\u1eadn c\u1ea3nh \u0111\u01b0\u1eddng may v\u00e0 ch\u1ea5t li\u1ec7u B\u00fap B\u00ea v\u1ea3i nh\u00e0 PlayatHome\" width=\"563\" height=\"1000\" src=\"https:\/\/www.youtube.com\/embed\/7u3-1OrZNEc?feature=oembed\" frameborder=\"0\" allow=\"accelerometer; autoplay; clipboard-write; encrypted-media; gyroscope; picture-in-picture; web-share\" referrerpolicy=\"strict-origin-when-cross-origin\" allowfullscreen><\/iframe><\/p>\n<div data-sliderid=\"11665\" id=\"penci-post-gallery__11665\" class=\"penci-post-gallery-container masonry grid column-3\" data-height=\"150\" data-margin=\"3\"><div class=\"inner-gallery-masonry-container\"><div class=\"item-gallery-masonry grid\"><a class=\"penci-gallery-ite item-link-relative\" href=\"https:\/\/playathome.shop\/wp-content\/uploads\/2021\/09\/358708740_267819115970647_4788638307440927348_n.jpg?v=1705649942\"><div class=\"inner-item-masonry-gallery\"><span class=\"penci-isotope-padding\" style=\"padding-bottom:66.66666667%;\"><\/span><img decoding=\"async\" src=\"https:\/\/playathome.shop\/wp-content\/uploads\/2021\/09\/358708740_267819115970647_4788638307440927348_n-585x390.jpg?v=1705649942\" alt=\"\" title=\"358708740_267819115970647_4788638307440927348_n\"><\/div><\/a><\/div><div class=\"item-gallery-masonry grid\"><a class=\"penci-gallery-ite item-link-relative\" href=\"https:\/\/playathome.shop\/wp-content\/uploads\/2021\/09\/IMG_2781-2.jpg?v=1705649955\"><div class=\"inner-item-masonry-gallery\"><span class=\"penci-isotope-padding\" style=\"padding-bottom:66.66666667%;\"><\/span><img decoding=\"async\" src=\"https:\/\/playathome.shop\/wp-content\/uploads\/2021\/09\/IMG_2781-2-585x390.jpg?v=1705649955\" alt=\"\" title=\"IMG_2781 2\"><\/div><\/a><\/div><div class=\"item-gallery-masonry grid\"><a class=\"penci-gallery-ite item-link-relative\" href=\"https:\/\/playathome.shop\/wp-content\/uploads\/2021\/09\/IMG_7208.jpg?v=1705650325\"><div class=\"inner-item-masonry-gallery\"><span class=\"penci-isotope-padding\" style=\"padding-bottom:66.66666667%;\"><\/span><img decoding=\"async\" src=\"https:\/\/playathome.shop\/wp-content\/uploads\/2021\/09\/IMG_7208-585x390.jpg?v=1705650325\" alt=\"\" title=\"IMG_7208\"><\/div><\/a><\/div><div class=\"item-gallery-masonry grid\"><a class=\"penci-gallery-ite item-link-relative\" href=\"https:\/\/playathome.shop\/wp-content\/uploads\/2021\/09\/IMG_7631.jpg?v=1705650332\"><div class=\"inner-item-masonry-gallery\"><span class=\"penci-isotope-padding\" style=\"padding-bottom:66.66666667%;\"><\/span><img decoding=\"async\" src=\"https:\/\/playathome.shop\/wp-content\/uploads\/2021\/09\/IMG_7631-585x390.jpg?v=1705650332\" alt=\"\" title=\"IMG_7631\"><\/div><\/a><\/div><div class=\"item-gallery-masonry grid\"><a class=\"penci-gallery-ite item-link-relative\" href=\"https:\/\/playathome.shop\/wp-content\/uploads\/2021\/09\/IMG_7765.jpg?v=1705650343\"><div class=\"inner-item-masonry-gallery\"><span class=\"penci-isotope-padding\" style=\"padding-bottom:66.66666667%;\"><\/span><img decoding=\"async\" src=\"https:\/\/playathome.shop\/wp-content\/uploads\/2021\/09\/IMG_7765-585x390.jpg?v=1705650343\" alt=\"\" title=\"IMG_7765\"><\/div><\/a><\/div><\/div><\/div>\n<p>M\u00eda cao 34cm, \u0111\u01b0\u1ee3c l\u00e0m t\u1eeb ch\u1ea5t li\u1ec7u linen cotton, nh\u1ed3i b\u00f4ng g\u00f2n cao c\u1ea5p xu\u1ea5t H\u00e0n Qu\u1ed1c. M\u00eda s\u1edf h\u1eefu m\u1ed9t b\u1ed9 s\u01b0u t\u1eadp qu\u1ea7n \u00e1o &#8211; ph\u1ee5 ki\u1ec7n \u0111a d\u1ea1ng ki\u1ec3u d\u00e1ng v\u00e0 ch\u1ea5t li\u1ec7u, ph\u00f9 h\u1ee3p \u0111\u1ec3 b\u00e9 ph\u1ed1i h\u1ee3p \u0111\u1ee7 c\u00e1c ki\u1ec3u kh\u00f4ng ch\u00e1n. \u0110\u1eb7c bi\u1ec7t, M\u00eda c\u00f2n c\u00f3 ri\u00eang m\u1ed9t BST qu\u1ea7n \u00e1o Noel \u0111\u1ee7 t\u00f4ng \u0111\u1ecf lu\u00f4n \u0111\u00f3 nha. T\u1ea5t c\u1ea3 thi\u1ebft k\u1ebf \u0111\u1ec1u l\u00e0 h\u00e0ng \u0111\u1ed9c quy\u1ec1n c\u1ee7a Play at Home m\u00e0 Ba M\u1eb9 kh\u00f4ng th\u1ec3 t\u00ecm th\u1ea5y n\u01a1i kh\u00e1c.<\/p>\n<p>T\u1ea5t c\u1ea3 b\u00fap b\u00ea v\u00e0 qu\u1ea7n \u00e1o c\u1ee7a PLAY AT HOME \u0111\u1ec1u:<\/p>\n<p>\ud83c\udf3c\u0110\u01b0\u1ee3c thi\u1ebft k\u1ebf ri\u00eang b\u1edfi PLAY AT HOME v\u00e0 b\u1ea1n kh\u00f4ng th\u1ec3 t\u00ecm th\u1ea5y \u1edf n\u01a1i kh\u00e1c. S\u1ea3n ph\u1ea9m \u0111\u01b0\u1ee3c nh\u1ed3i b\u00f4ng b\u1eb1ng tay, c\u00e1c chi ti\u1ebft m\u1eaft-m\u0169i-mi\u1ec7ng \u0111\u1ec1u \u0111\u01b0\u1ee3c th\u00eau tay n\u00ean s\u1ea3n ph\u1ea9m c\u00f3 h\u1ed3n r\u1ea5t ri\u00eang. Qu\u1ea7n \u00e1o m\u00e0u s\u1eafc h\u00e0i ho\u00e0, h\u1ee3p th\u1eddi trang, \u0111\u01b0\u1eddng n\u00e9t may t\u1ec9 m\u1ec9. T\u1ea5t c\u1ea3 c\u00e1c thi\u1ebft k\u1ebf \u0111\u1ec1u c\u00f3 l\u1edbp l\u00f3t che b\u00ean trong, s\u1ea3n ph\u1ea9m may gi\u1ed1ng 90% qu\u1ea7n \u00e1o cho ng\u01b0\u1eddi th\u1eadt. Hai v\u1ea1t \u00e1o \u0111\u00ednh l\u1ea1i b\u1eb1ng n\u00fat g\u1ed7 gi\u00fap tr\u1ebb luy\u1ec7n v\u1eadn \u0111\u1ed9ng tinh.<\/p>\n<p>\ud83c\udf3cKh\u00f4ng nhu\u1ed9m m\u00e0u \u0111\u1ed9c h\u1ea1i, kh\u00f4ng g\u00e2y ng\u1ee9a hay d\u1ecb \u1ee9ng cho l\u00e0n da m\u1eabn c\u1ea3m.<\/p>\n<p>\ud83c\udf3cTr\u01b0\u1edbc khi giao \u0111\u1ebfn kh\u00e1ch h\u00e0ng, t\u1ea5t c\u1ea3 b\u00fap b\u00ea nh\u1ed3i b\u00f4ng v\u00e0 qu\u1ea7n \u00e1o \u0111\u1ec1u \u0111\u01b0\u1ee3c gi\u1eb7t \u1ee7i s\u1ea1ch s\u1ebd b\u1eb1ng n\u01b0\u1edbc gi\u1eb7t sinh h\u1ecdc, hai b\u00ean m\u00e1 c\u1ee7a b\u00fap b\u00ea s\u1ebd \u0111\u01b0\u1ee3c thoa 1 \u00edt tinh d\u1ea7u hoa o\u1ea3i h\u01b0\u01a1ng (lavender) \u0111\u1ec3 b\u00e9 c\u00f3 m\u1ed9t n\u1ee5 h\u00f4n th\u01a1m tho d\u1ec5 ch\u1ecbu.<\/p>\n<p>CH\u00da \u00dd: B\u00fap b\u00ea \u0111\u01b0\u1ee3c b\u00e1n ri\u00eang k\u00e8m qu\u1ea7n chip. Ba m\u1eb9 vui l\u00f2ng mua qu\u1ea7n \u00e1o ri\u00eang \u1edf <a href=\"https:\/\/playathome.shop\/san-pham\/quan-ao-bup-be\/\">\u0111\u00e2y<\/a>.<\/p>\n","protected":false},"excerpt":{"rendered":"<p>Mia is 34cm tall, made from cotton linen, stuffed with high-quality polyfiber made in Korea. Mia owns a collection of clothes and accessories with various designs and materials, suitable for children to mix-and-match. Especially, Mia also has a Christmas collection with all festive colors. All designs are exclusive to Play at Home that you cannot find anywhere else.<\/p>","protected":false},"featured_media":2928,"comment_status":"open","ping_status":"closed","template":"","meta":{"_lmt_disableupdate":"no","_lmt_disable":""},"product_brand":[],"product_cat":[211,88,87,47],"product_tag":[196,80,89,195,90,197,55],"class_list":{"0":"post-108","1":"product","2":"type-product","3":"status-publish","4":"has-post-thumbnail","6":"product_cat-bup-be-ms","7":"product_cat-bup-be-tho","8":"product_cat-bup-be-vai","9":"product_cat-do-choi","10":"product_tag-bunny","11":"product_tag-bup-be","12":"product_tag-bup-be-vai","13":"product_tag-doll","14":"product_tag-mia","15":"product_tag-rabbit","16":"product_tag-tho","18":"first","19":"instock","20":"taxable","21":"shipping-taxable","22":"purchasable","23":"product-type-simple"},"yoast_head":"<!-- This site is optimized with the Yoast SEO plugin v27.1.1 - https:\/\/yoast.com\/product\/yoast-seo-wordpress\/ -->\n<title>B\u00fap B\u00ea Th\u1ecf M\u00cdA - Play At Home - \u0110\u1ed3 Ch\u01a1i Th\u1ee7 C\u00f4ng<\/title>\n<meta name=\"description\" content=\"Play At Home - \u0110\u1ed3 Ch\u01a1i Th\u1ee7 C\u00f4ng - M\u00eda cao 34cm, \u0111\u01b0\u1ee3c l\u00e0m t\u1eeb ch\u1ea5t li\u1ec7u linen cotton, nh\u1ed3i b\u00f4ng g\u00f2n cao c\u1ea5p xu\u1ea5t H\u00e0n Qu\u1ed1c. M\u00eda s\u1edf h\u1eefu m\u1ed9t b\u1ed9 s\u01b0u t\u1eadp qu\u1ea7n \u00e1o - ph\u1ee5 ki\u1ec7n \u0111a d\u1ea1ng ki\u1ec3u d\u00e1ng v\u00e0 ch\u1ea5t li\u1ec7u, ph\u00f9 h\u1ee3p \u0111\u1ec3 b\u00e9 mix match \u0111\u1ee7 c\u00e1c outfits kh\u00f4ng ch\u00e1n. \u0110\u1eb7c bi\u1ec7t, M\u00eda c\u00f2n c\u00f3 ri\u00eang m\u1ed9t BST qu\u1ea7n \u00e1o Noel \u0111\u1ee7 t\u00f4ng \u0111\u1ecf lu\u00f4n \u0111\u00f3 nha. T\u1ea5t c\u1ea3 thi\u1ebft k\u1ebf \u0111\u1ec1u l\u00e0 h\u00e0ng \u0111\u1ed9c quy\u1ec1n c\u1ee7a Play at Home m\u00e0 Ba M\u1eb9 kh\u00f4ng th\u1ec3 t\u00ecm th\u1ea5y n\u01a1i kh\u00e1c.\" \/>\n<meta name=\"robots\" content=\"index, follow, max-snippet:-1, max-image-preview:large, max-video-preview:-1\" \/>\n<link rel=\"canonical\" href=\"https:\/\/playathome.shop\/en\/product\/bup-be-tho-mia\/\" \/>\n<meta property=\"og:locale\" content=\"en_US\" \/>\n<meta property=\"og:type\" content=\"article\" \/>\n<meta property=\"og:title\" content=\"B\u00fap B\u00ea Th\u1ecf M\u00cdA - Play At Home - \u0110\u1ed3 Ch\u01a1i Th\u1ee7 C\u00f4ng\" \/>\n<meta property=\"og:description\" content=\"Play At Home - \u0110\u1ed3 Ch\u01a1i Th\u1ee7 C\u00f4ng - M\u00eda cao 34cm, \u0111\u01b0\u1ee3c l\u00e0m t\u1eeb ch\u1ea5t li\u1ec7u linen cotton, nh\u1ed3i b\u00f4ng g\u00f2n cao c\u1ea5p xu\u1ea5t H\u00e0n Qu\u1ed1c. M\u00eda s\u1edf h\u1eefu m\u1ed9t b\u1ed9 s\u01b0u t\u1eadp qu\u1ea7n \u00e1o - ph\u1ee5 ki\u1ec7n \u0111a d\u1ea1ng ki\u1ec3u d\u00e1ng v\u00e0 ch\u1ea5t li\u1ec7u, ph\u00f9 h\u1ee3p \u0111\u1ec3 b\u00e9 mix match \u0111\u1ee7 c\u00e1c outfits kh\u00f4ng ch\u00e1n. \u0110\u1eb7c bi\u1ec7t, M\u00eda c\u00f2n c\u00f3 ri\u00eang m\u1ed9t BST qu\u1ea7n \u00e1o Noel \u0111\u1ee7 t\u00f4ng \u0111\u1ecf lu\u00f4n \u0111\u00f3 nha. T\u1ea5t c\u1ea3 thi\u1ebft k\u1ebf \u0111\u1ec1u l\u00e0 h\u00e0ng \u0111\u1ed9c quy\u1ec1n c\u1ee7a Play at Home m\u00e0 Ba M\u1eb9 kh\u00f4ng th\u1ec3 t\u00ecm th\u1ea5y n\u01a1i kh\u00e1c.\" \/>\n<meta property=\"og:url\" content=\"https:\/\/playathome.shop\/en\/product\/bup-be-tho-mia\/\" \/>\n<meta property=\"og:site_name\" content=\"Play At Home - \u0110\u1ed3 Ch\u01a1i Th\u1ee7 C\u00f4ng\" \/>\n<meta property=\"article:publisher\" content=\"https:\/\/www.facebook.com\/PlayAtHome.ONhaVanVui\" \/>\n<meta property=\"article:modified_time\" content=\"2026-02-11T20:14:13+00:00\" \/>\n<meta property=\"og:image\" content=\"https:\/\/playathome.shop\/wp-content\/uploads\/2021\/09\/photo_2024-01-23-13.59.23.jpeg?v=1705993626\" \/>\n\t<meta property=\"og:image:width\" content=\"853\" \/>\n\t<meta property=\"og:image:height\" content=\"1280\" \/>\n\t<meta property=\"og:image:type\" content=\"image\/jpeg\" \/>\n<meta name=\"twitter:card\" content=\"summary_large_image\" \/>\n<meta name=\"twitter:label1\" content=\"Est. reading time\" \/>\n\t<meta name=\"twitter:data1\" content=\"3 minutes\" \/>\n<script type=\"application\/ld+json\" class=\"yoast-schema-graph\">{\"@context\":\"https:\/\/schema.org\",\"@graph\":[{\"@type\":\"WebPage\",\"@id\":\"https:\/\/playathome.shop\/san-pham\/bup-be-tho-mia\/\",\"url\":\"https:\/\/playathome.shop\/san-pham\/bup-be-tho-mia\/\",\"name\":\"B\u00fap B\u00ea Th\u1ecf M\u00cdA - Play At Home - \u0110\u1ed3 Ch\u01a1i Th\u1ee7 C\u00f4ng\",\"isPartOf\":{\"@id\":\"https:\/\/playathome.shop\/#website\"},\"primaryImageOfPage\":{\"@id\":\"https:\/\/playathome.shop\/san-pham\/bup-be-tho-mia\/#primaryimage\"},\"image\":{\"@id\":\"https:\/\/playathome.shop\/san-pham\/bup-be-tho-mia\/#primaryimage\"},\"thumbnailUrl\":\"https:\/\/playathome.shop\/wp-content\/uploads\/2021\/09\/photo_2024-01-23-13.59.23.jpeg?v=1705993626\",\"datePublished\":\"2021-09-12T09:12:43+00:00\",\"dateModified\":\"2026-02-11T20:14:13+00:00\",\"description\":\"Play At Home - \u0110\u1ed3 Ch\u01a1i Th\u1ee7 C\u00f4ng - M\u00eda cao 34cm, \u0111\u01b0\u1ee3c l\u00e0m t\u1eeb ch\u1ea5t li\u1ec7u linen cotton, nh\u1ed3i b\u00f4ng g\u00f2n cao c\u1ea5p xu\u1ea5t H\u00e0n Qu\u1ed1c. M\u00eda s\u1edf h\u1eefu m\u1ed9t b\u1ed9 s\u01b0u t\u1eadp qu\u1ea7n \u00e1o - ph\u1ee5 ki\u1ec7n \u0111a d\u1ea1ng ki\u1ec3u d\u00e1ng v\u00e0 ch\u1ea5t li\u1ec7u, ph\u00f9 h\u1ee3p \u0111\u1ec3 b\u00e9 mix match \u0111\u1ee7 c\u00e1c outfits kh\u00f4ng ch\u00e1n. \u0110\u1eb7c bi\u1ec7t, M\u00eda c\u00f2n c\u00f3 ri\u00eang m\u1ed9t BST qu\u1ea7n \u00e1o Noel \u0111\u1ee7 t\u00f4ng \u0111\u1ecf lu\u00f4n \u0111\u00f3 nha. T\u1ea5t c\u1ea3 thi\u1ebft k\u1ebf \u0111\u1ec1u l\u00e0 h\u00e0ng \u0111\u1ed9c quy\u1ec1n c\u1ee7a Play at Home m\u00e0 Ba M\u1eb9 kh\u00f4ng th\u1ec3 t\u00ecm th\u1ea5y n\u01a1i kh\u00e1c.\",\"breadcrumb\":{\"@id\":\"https:\/\/playathome.shop\/san-pham\/bup-be-tho-mia\/#breadcrumb\"},\"inLanguage\":\"en-US\",\"potentialAction\":[{\"@type\":\"ReadAction\",\"target\":[\"https:\/\/playathome.shop\/san-pham\/bup-be-tho-mia\/\"]}]},{\"@type\":\"ImageObject\",\"inLanguage\":\"en-US\",\"@id\":\"https:\/\/playathome.shop\/san-pham\/bup-be-tho-mia\/#primaryimage\",\"url\":\"https:\/\/playathome.shop\/wp-content\/uploads\/2021\/09\/photo_2024-01-23-13.59.23.jpeg?v=1705993626\",\"contentUrl\":\"https:\/\/playathome.shop\/wp-content\/uploads\/2021\/09\/photo_2024-01-23-13.59.23.jpeg?v=1705993626\",\"width\":853,\"height\":1280},{\"@type\":\"BreadcrumbList\",\"@id\":\"https:\/\/playathome.shop\/san-pham\/bup-be-tho-mia\/#breadcrumb\",\"itemListElement\":[{\"@type\":\"ListItem\",\"position\":1,\"name\":\"Trang ch\u1ee7\",\"item\":\"https:\/\/playathome.shop\/\"},{\"@type\":\"ListItem\",\"position\":2,\"name\":\"C\u1eeda h\u00e0ng\",\"item\":\"https:\/\/playathome.shop\/cua-hang\/\"},{\"@type\":\"ListItem\",\"position\":3,\"name\":\"B\u00fap B\u00ea Th\u1ecf M\u00cdA\"}]},{\"@type\":\"WebSite\",\"@id\":\"https:\/\/playathome.shop\/#website\",\"url\":\"https:\/\/playathome.shop\/\",\"name\":\"Play At Home - \u0110\u1ed3 Ch\u01a1i Th\u1ee7 C\u00f4ng\",\"description\":\"Handmade &amp; Heartmade Toys For Kids\",\"publisher\":{\"@id\":\"https:\/\/playathome.shop\/#organization\"},\"potentialAction\":[{\"@type\":\"SearchAction\",\"target\":{\"@type\":\"EntryPoint\",\"urlTemplate\":\"https:\/\/playathome.shop\/?s={search_term_string}\"},\"query-input\":{\"@type\":\"PropertyValueSpecification\",\"valueRequired\":true,\"valueName\":\"search_term_string\"}}],\"inLanguage\":\"en-US\"},{\"@type\":\"Organization\",\"@id\":\"https:\/\/playathome.shop\/#organization\",\"name\":\"Play At Home - \u0110\u1ed3 Ch\u01a1i Th\u1ee7 C\u00f4ng\",\"url\":\"https:\/\/playathome.shop\/\",\"logo\":{\"@type\":\"ImageObject\",\"inLanguage\":\"en-US\",\"@id\":\"https:\/\/playathome.shop\/#\/schema\/logo\/image\/\",\"url\":\"https:\/\/playathome.shop\/wp-content\/uploads\/2023\/05\/image.jpg\",\"contentUrl\":\"https:\/\/playathome.shop\/wp-content\/uploads\/2023\/05\/image.jpg\",\"width\":640,\"height\":640,\"caption\":\"Play At Home - \u0110\u1ed3 Ch\u01a1i Th\u1ee7 C\u00f4ng\"},\"image\":{\"@id\":\"https:\/\/playathome.shop\/#\/schema\/logo\/image\/\"},\"sameAs\":[\"https:\/\/www.facebook.com\/PlayAtHome.ONhaVanVui\",\"https:\/\/instagram.com\/playathome.onhavanvui\"]}]}<\/script>\n<!-- \/ Yoast SEO plugin. -->","yoast_head_json":{"title":"Sugarcane Rabbit Doll - Play At Home - Handmade Toys","description":"Play At Home - Handmade Toys - Mia is 34cm high, made from linen cotton, stuffed with high-quality cotton imported from Korea. Mia owns a collection of clothes and accessories with diverse designs and materials, suitable for children to mix and match all kinds of outfits without getting bored. In particular, Mia also has a separate collection of Christmas clothes in all red tones. All designs are exclusive to Play at Home that parents cannot find elsewhere.","robots":{"index":"index","follow":"follow","max-snippet":"max-snippet:-1","max-image-preview":"max-image-preview:large","max-video-preview":"max-video-preview:-1"},"canonical":"https:\/\/playathome.shop\/en\/product\/bup-be-tho-mia\/","og_locale":"en_US","og_type":"article","og_title":"B\u00fap B\u00ea Th\u1ecf M\u00cdA - Play At Home - \u0110\u1ed3 Ch\u01a1i Th\u1ee7 C\u00f4ng","og_description":"Play At Home - \u0110\u1ed3 Ch\u01a1i Th\u1ee7 C\u00f4ng - M\u00eda cao 34cm, \u0111\u01b0\u1ee3c l\u00e0m t\u1eeb ch\u1ea5t li\u1ec7u linen cotton, nh\u1ed3i b\u00f4ng g\u00f2n cao c\u1ea5p xu\u1ea5t H\u00e0n Qu\u1ed1c. M\u00eda s\u1edf h\u1eefu m\u1ed9t b\u1ed9 s\u01b0u t\u1eadp qu\u1ea7n \u00e1o - ph\u1ee5 ki\u1ec7n \u0111a d\u1ea1ng ki\u1ec3u d\u00e1ng v\u00e0 ch\u1ea5t li\u1ec7u, ph\u00f9 h\u1ee3p \u0111\u1ec3 b\u00e9 mix match \u0111\u1ee7 c\u00e1c outfits kh\u00f4ng ch\u00e1n. \u0110\u1eb7c bi\u1ec7t, M\u00eda c\u00f2n c\u00f3 ri\u00eang m\u1ed9t BST qu\u1ea7n \u00e1o Noel \u0111\u1ee7 t\u00f4ng \u0111\u1ecf lu\u00f4n \u0111\u00f3 nha. T\u1ea5t c\u1ea3 thi\u1ebft k\u1ebf \u0111\u1ec1u l\u00e0 h\u00e0ng \u0111\u1ed9c quy\u1ec1n c\u1ee7a Play at Home m\u00e0 Ba M\u1eb9 kh\u00f4ng th\u1ec3 t\u00ecm th\u1ea5y n\u01a1i kh\u00e1c.","og_url":"https:\/\/playathome.shop\/en\/product\/bup-be-tho-mia\/","og_site_name":"Play At Home - \u0110\u1ed3 Ch\u01a1i Th\u1ee7 C\u00f4ng","article_publisher":"https:\/\/www.facebook.com\/PlayAtHome.ONhaVanVui","article_modified_time":"2026-02-11T20:14:13+00:00","og_image":[{"width":853,"height":1280,"url":"https:\/\/playathome.shop\/wp-content\/uploads\/2021\/09\/photo_2024-01-23-13.59.23.jpeg?v=1705993626","type":"image\/jpeg"}],"twitter_card":"summary_large_image","twitter_misc":{"Est. reading time":"3 minutes"},"schema":{"@context":"https:\/\/schema.org","@graph":[{"@type":"WebPage","@id":"https:\/\/playathome.shop\/san-pham\/bup-be-tho-mia\/","url":"https:\/\/playathome.shop\/san-pham\/bup-be-tho-mia\/","name":"Sugarcane Rabbit Doll - Play At Home - Handmade Toys","isPartOf":{"@id":"https:\/\/playathome.shop\/#website"},"primaryImageOfPage":{"@id":"https:\/\/playathome.shop\/san-pham\/bup-be-tho-mia\/#primaryimage"},"image":{"@id":"https:\/\/playathome.shop\/san-pham\/bup-be-tho-mia\/#primaryimage"},"thumbnailUrl":"https:\/\/playathome.shop\/wp-content\/uploads\/2021\/09\/photo_2024-01-23-13.59.23.jpeg?v=1705993626","datePublished":"2021-09-12T09:12:43+00:00","dateModified":"2026-02-11T20:14:13+00:00","description":"Play At Home - Handmade Toys - Mia is 34cm high, made from linen cotton, stuffed with high-quality cotton imported from Korea. Mia owns a collection of clothes and accessories with diverse designs and materials, suitable for children to mix and match all kinds of outfits without getting bored. In particular, Mia also has a separate collection of Christmas clothes in all red tones. All designs are exclusive to Play at Home that parents cannot find elsewhere.","breadcrumb":{"@id":"https:\/\/playathome.shop\/san-pham\/bup-be-tho-mia\/#breadcrumb"},"inLanguage":"en-US","potentialAction":[{"@type":"ReadAction","target":["https:\/\/playathome.shop\/san-pham\/bup-be-tho-mia\/"]}]},{"@type":"ImageObject","inLanguage":"en-US","@id":"https:\/\/playathome.shop\/san-pham\/bup-be-tho-mia\/#primaryimage","url":"https:\/\/playathome.shop\/wp-content\/uploads\/2021\/09\/photo_2024-01-23-13.59.23.jpeg?v=1705993626","contentUrl":"https:\/\/playathome.shop\/wp-content\/uploads\/2021\/09\/photo_2024-01-23-13.59.23.jpeg?v=1705993626","width":853,"height":1280},{"@type":"BreadcrumbList","@id":"https:\/\/playathome.shop\/san-pham\/bup-be-tho-mia\/#breadcrumb","itemListElement":[{"@type":"ListItem","position":1,"name":"Trang ch\u1ee7","item":"https:\/\/playathome.shop\/"},{"@type":"ListItem","position":2,"name":"C\u1eeda h\u00e0ng","item":"https:\/\/playathome.shop\/cua-hang\/"},{"@type":"ListItem","position":3,"name":"B\u00fap B\u00ea Th\u1ecf M\u00cdA"}]},{"@type":"WebSite","@id":"https:\/\/playathome.shop\/#website","url":"https:\/\/playathome.shop\/","name":"Play At Home - Handmade Toys","description":"Handmade &amp; Heartmade Toys For Kids","publisher":{"@id":"https:\/\/playathome.shop\/#organization"},"potentialAction":[{"@type":"SearchAction","target":{"@type":"EntryPoint","urlTemplate":"https:\/\/playathome.shop\/?s={search_term_string}"},"query-input":{"@type":"PropertyValueSpecification","valueRequired":true,"valueName":"search_term_string"}}],"inLanguage":"en-US"},{"@type":"Organization","@id":"https:\/\/playathome.shop\/#organization","name":"Play At Home - Handmade Toys","url":"https:\/\/playathome.shop\/","logo":{"@type":"ImageObject","inLanguage":"en-US","@id":"https:\/\/playathome.shop\/#\/schema\/logo\/image\/","url":"https:\/\/playathome.shop\/wp-content\/uploads\/2023\/05\/image.jpg","contentUrl":"https:\/\/playathome.shop\/wp-content\/uploads\/2023\/05\/image.jpg","width":640,"height":640,"caption":"Play At Home - \u0110\u1ed3 Ch\u01a1i Th\u1ee7 C\u00f4ng"},"image":{"@id":"https:\/\/playathome.shop\/#\/schema\/logo\/image\/"},"sameAs":["https:\/\/www.facebook.com\/PlayAtHome.ONhaVanVui","https:\/\/instagram.com\/playathome.onhavanvui"]}]}},"jetpack_sharing_enabled":true,"_links":{"self":[{"href":"https:\/\/playathome.shop\/en\/wp-json\/wp\/v2\/product\/108","targetHints":{"allow":["GET"]}}],"collection":[{"href":"https:\/\/playathome.shop\/en\/wp-json\/wp\/v2\/product"}],"about":[{"href":"https:\/\/playathome.shop\/en\/wp-json\/wp\/v2\/types\/product"}],"replies":[{"embeddable":true,"href":"https:\/\/playathome.shop\/en\/wp-json\/wp\/v2\/comments?post=108"}],"wp:featuredmedia":[{"embeddable":true,"href":"https:\/\/playathome.shop\/en\/wp-json\/wp\/v2\/media\/2928"}],"wp:attachment":[{"href":"https:\/\/playathome.shop\/en\/wp-json\/wp\/v2\/media?parent=108"}],"wp:term":[{"taxonomy":"product_brand","embeddable":true,"href":"https:\/\/playathome.shop\/en\/wp-json\/wp\/v2\/product_brand?post=108"},{"taxonomy":"product_cat","embeddable":true,"href":"https:\/\/playathome.shop\/en\/wp-json\/wp\/v2\/product_cat?post=108"},{"taxonomy":"product_tag","embeddable":true,"href":"https:\/\/playathome.shop\/en\/wp-json\/wp\/v2\/product_tag?post=108"}],"curies":[{"name":"wp","href":"https:\/\/api.w.org\/{rel}","templated":true}]}}