{"id":112,"date":"2021-09-12T09:12:56","date_gmt":"2021-09-12T02:12:56","guid":{"rendered":"https:\/\/soledaddemo.pencidesign.net\/soledad-general-shop\/product\/flower-vase-minimalism-style-c-c-c-c-c-c-c-c-c-c-c-c-c-c-c-c-c-c-c-c-c-c-c-c-c-c-c-c-c-c-c-c-c-c-c-c-c-c-c-c-c-c-c-c-c\/"},"modified":"2026-02-12T03:14:55","modified_gmt":"2026-02-11T20:14:55","slug":"kit-diy-bop-viet-tho","status":"publish","type":"product","link":"https:\/\/playathome.shop\/en\/product\/kit-diy-bop-viet-tho\/","title":{"rendered":"[KIT DIY] B\u00f3p Vi\u1ebft Th\u1ecf 25x12cm"},"content":{"rendered":"<blockquote><p><a href=\"https:\/\/playathome.shop\/nhung-loi-ich-tu-cac-du-an-diy-toi-tu-lam-danh-cho-tre-em\/\">Vi\u1ec7c cho tr\u1ebb em th\u1ef1c hi\u1ec7n c\u00e1c d\u1ef1 \u00e1n DIY \u00a0s\u1ebd gi\u00fap cho vi\u1ec7c h\u1ecdc tr\u1edf n\u00ean vui v\u1ebb h\u01a1n, th\u00fac \u0111\u1ea9y kh\u1ea3 n\u0103ng s\u00e1ng t\u1ea1o, c\u1ea3i thi\u1ec7n k\u1ef9 n\u0103ng v\u1eadn \u0111\u1ed9ng tinh, t\u00e1i ch\u1ebf r\u00e1c th\u1ea3i, d\u1ea1y tr\u1ebb k\u1ef9 n\u0103ng sinh t\u1ed3n, v\u00e0 gi\u00fap tr\u1ebb th\u1ec3 hi\u1ec7n c\u00e1 t\u00ednh ri\u00eang.<\/a><\/p><\/blockquote>\n<p>Vi\u1ec7c cho tr\u1ebb l\u00e0m th\u1ee7 c\u00f4ng hi\u1ec7n nay \u0111ang \u0111\u01b0\u1ee3c r\u1ea5t nhi\u1ec1u cha m\u1eb9 \u0111\u1ec3 \u00fd v\u00e0 th\u1ef1c h\u00e0nh, nh\u1eb1m c\u00e2n b\u1eb1ng l\u1ea1i vi\u1ec7c h\u1ecdc &#8211; h\u00e0nh \u1edf tr\u1ebb em, v\u1ed1n t\u1eeb l\u00e2u coi tr\u1ecdng l\u00fd thuy\u1ebft h\u01a1n th\u1ef1c h\u00e0nh, ki\u1ebfn th\u1ee9c h\u01a1n k\u1ef9 n\u0103ng. Tuy nhi\u00ean, c\u00e1c s\u1ea3n ph\u1ea9m DIY ph\u1ed5 bi\u1ebfn l\u1ea1i ch\u1ec9 d\u1eebng l\u1ea1i \u1edf tr\u1ea3i nghi\u1ec7m m\u00e0 b\u1ecf s\u00f3t t\u00ednh \u1ee9ng d\u1ee5ng trong cu\u1ed9c s\u1ed1ng. M\u1ed9t d\u1ef1 \u00e1n t\u00f4 m\u00e0u, v\u1ebd tranh, ho\u1eb7c may v\u00e1 s\u1ebd c\u00f3 \u00fd ngh\u0129a v\u00e0 gi\u00e1 tr\u1ecb cao h\u01a1n n\u1ebfu ch\u00fang \u0111\u01b0\u1ee3c bi\u1ebfn th\u00e0nh ho\u1eb7c th\u1ec3 hi\u1ec7n tr\u00ean m\u1ed9t m\u00f3n \u0111\u1ed3 h\u1eefu d\u1ee5ng.<\/p>\n<p><a href=\"https:\/\/playathome.shop\/about-us\/\">Play at Home<\/a> t\u1ef1 h\u00e0o \u0111em \u0111\u1ebfn d\u00f2ng s\u1ea3n ph\u1ea9m <strong>KIT DIY T\u1ef0 MAY <\/strong><strong>T\u00daI \u0110EO CH\u00c9O\u00a0<\/strong>cho tr\u1ebb t\u1eeb 4 tu\u1ed5i tr\u1edf l\u00ean. V\u1edbi s\u1ef1 h\u01b0\u1edbng d\u1eabn v\u00e0 tr\u1ee3 gi\u00fap c\u1ee7a cha m\u1eb9, b\u00e9 s\u1ebd c\u00f3 \u0111\u01b0\u1ee3c cho ri\u00eang m\u00ecnh m\u1ed9t chi\u1ebfc t\u00fai xinh x\u1eafn v\u00e0 b\u1ec1n \u0111\u1eb9p. Ngo\u00e0i ra, n\u00f3 c\u0169ng c\u00f3 th\u1ec3 tr\u1edf th\u00e0nh m\u1ed9t m\u00f3n qu\u00e0 t\u1eb7ng \u0111\u00e1ng y\u00eau v\u00e0 \u0111ong \u0111\u1ea7y t\u00ecnh c\u1ea3m n\u1eefa.<\/p>\n<p><a href=\"https:\/\/playathome.shop\/cua-hang\/\">Mua ngay<\/a> nhi\u1ec1u m\u1eabu t\u00fai v\u00e0 b\u00f3p vi\u1ebft ch\u1ec9 c\u00f3 t\u1ea1i Play at Home.<\/p>\n<p>KIT t\u1ef1 may <strong>B\u00d3P VI\u1ebeT TH\u1ece<\/strong> ph\u00f9 h\u1ee3p cho tr\u1ebb t\u1eeb 4 tu\u1ed5i tr\u1edf l\u00ean. S\u1ea3n ph\u1ea9m bao g\u1ed3m:<\/p>\n<ul>\n<li>R\u1eadp v\u1ea3i gi\u1ea3 da h\u00ecnh th\u1ecf \u0111\u00e3 \u0111\u01b0\u1ee3c \u0111\u1ee5c l\u1ed7 s\u1eb5n<\/li>\n<li>Ch\u1ec9 may<\/li>\n<li>Kim nh\u1ef1a<\/li>\n<\/ul>\n<p>&nbsp;<\/p>\n<div data-sliderid=\"32907\" id=\"penci-post-gallery__32907\" class=\"penci-post-gallery-container masonry grid column-3\" data-height=\"150\" data-margin=\"3\"><div class=\"inner-gallery-masonry-container\"><div class=\"item-gallery-masonry grid\"><a class=\"penci-gallery-ite item-link-relative\" href=\"https:\/\/playathome.shop\/wp-content\/uploads\/2021\/09\/IMG_5782.jpg?v=1694229128\"><div class=\"inner-item-masonry-gallery\"><span class=\"penci-isotope-padding\" style=\"padding-bottom:66.66666667%;\"><\/span><img decoding=\"async\" src=\"https:\/\/playathome.shop\/wp-content\/uploads\/2021\/09\/IMG_5782-585x390.jpg?v=1694229128\" alt=\"\" title=\"IMG_5782\"><\/div><\/a><\/div><\/div><\/div>\n<p>V\u1edbi ch\u1ea5t li\u1ec7u v\u1ea3i gi\u1ea3 da b\u1ec1n ch\u1eafc, ch\u1ec9 may theo t\u00e9p d\u1ec5 thao t\u00e1c, kim may b\u1eb1ng nh\u1ef1a an to\u00e0n,\u00a0<strong>B\u00d3P VI\u1ebeT TH\u1ece<\/strong> ho\u00e0n to\u00e0n c\u00f3 th\u1ec3 \u0111\u01b0\u1ee3c s\u1eed d\u1ee5ng nh\u01b0 b\u1ea5t k\u1ef3 m\u1ed9t chi\u1ebfc b\u00f3p vi\u1ebft n\u00e0o \u0111\u01b0\u1ee3c b\u00e0y b\u00e1n ngo\u00e0i c\u1eeda h\u00e0ng.<\/p>\n<p>\u0110\u01a1n gi\u1ea3n m\u00e0 hi\u1ec7u qu\u1ea3, tr\u1ebb l\u00e0m quen v\u1edbi vi\u1ec7c may v\u00e1, t\u1eadp th\u00f3i quen ki\u00ean nh\u1eabn, v\u00e0 t\u1ea1o n\u00ean s\u1ea3n ph\u1ea9m c\u00f3 gi\u00e1 tr\u1ecb s\u1eed d\u1ee5ng th\u1ef1c s\u1ef1. B\u00f3p vi\u1ebft th\u00edch h\u1ee3p \u0111\u1ef1ng vi\u1ebft m\u00e0u, \u0111\u1ed3 d\u00f9ng h\u1ecdc t\u1eadp, ho\u1eb7c nh\u1eefng m\u00f3n \u0111\u1ed3 ch\u01a1i nho nh\u1ecf c\u1ee7a b\u00e9.<\/p>\n<p>G\u1ee3i \u00fd h\u01b0\u1edbng d\u1eabn may <strong>B\u00d3P VI\u1ebeT TH\u1ece<\/strong> t\u1ea1i \u0111\u00e2y.<\/p>\n<p><iframe title=\"[PLAY AT HOME - \u0110\u1ed2 CH\u01a0I TH\u1ee6 C\u00d4NG] BUNNY RABBIT PENCIL CASE TUTORIAL - MAY B\u00d3P VI\u1ebeT TH\u1ece H\u1ed2NG\" width=\"1170\" height=\"658\" src=\"https:\/\/www.youtube.com\/embed\/CHhs6h8-xgY?feature=oembed\" frameborder=\"0\" allow=\"accelerometer; autoplay; clipboard-write; encrypted-media; gyroscope; picture-in-picture; web-share\" allowfullscreen><\/iframe><\/p>\n","protected":false},"excerpt":{"rendered":"<p>This DIY Sewing Kit of <strong>BUNNY PENCIL CASE<\/strong> is a wonderful option for children from 4 years old to practice basic running stitch. The product includes:<\/p>\n<ul>\n<li>Pre-cut bunny shapes with pre-punched holes and attached zipper<\/li>\n<li>Embroidery floss<\/li>\n<li>1 plastic needle<\/li>\n<\/ul>","protected":false},"featured_media":1978,"comment_status":"open","ping_status":"closed","template":"","meta":{"_lmt_disableupdate":"","_lmt_disable":""},"product_brand":[],"product_cat":[52,53,212],"product_tag":[54,45,46,35,55],"class_list":{"0":"post-112","1":"product","2":"type-product","3":"status-publish","4":"has-post-thumbnail","6":"product_cat-bop-viet","7":"product_cat-kit-diy","8":"product_cat-tui-deo-va-bop-viet","9":"product_tag-bop-viet","10":"product_tag-diy","11":"product_tag-may","12":"product_tag-shop","13":"product_tag-tho","15":"first","16":"instock","17":"taxable","18":"shipping-taxable","19":"purchasable","20":"product-type-simple"},"yoast_head":"<!-- This site is optimized with the Yoast SEO plugin v27.1.1 - https:\/\/yoast.com\/product\/yoast-seo-wordpress\/ -->\n<title>[KIT DIY] B\u00f3p Vi\u1ebft Th\u1ecf 25x12cm - Play At Home - \u0110\u1ed3 Ch\u01a1i Th\u1ee7 C\u00f4ng<\/title>\n<meta name=\"robots\" content=\"index, follow, max-snippet:-1, max-image-preview:large, max-video-preview:-1\" \/>\n<link rel=\"canonical\" href=\"https:\/\/playathome.shop\/en\/product\/kit-diy-bop-viet-tho\/\" \/>\n<meta property=\"og:locale\" content=\"en_US\" \/>\n<meta property=\"og:type\" content=\"article\" \/>\n<meta property=\"og:title\" content=\"[KIT DIY] B\u00f3p Vi\u1ebft Th\u1ecf 25x12cm - Play At Home - \u0110\u1ed3 Ch\u01a1i Th\u1ee7 C\u00f4ng\" \/>\n<meta property=\"og:description\" content=\"KIT t\u1ef1 may B\u00d3P VI\u1ebeT TH\u1ece ph\u00f9 h\u1ee3p cho tr\u1ebb t\u1eeb 4 tu\u1ed5i tr\u1edf l\u00ean. S\u1ea3n ph\u1ea9m bao g\u1ed3m:   R\u1eadp v\u1ea3i gi\u1ea3 da h\u00ecnh th\u1ecf \u0111\u00e3 \u0111\u01b0\u1ee3c \u0111\u1ee5c l\u1ed7 s\u1eb5n  Ch\u1ec9 may  Kim nh\u1ef1a\" \/>\n<meta property=\"og:url\" content=\"https:\/\/playathome.shop\/en\/product\/kit-diy-bop-viet-tho\/\" \/>\n<meta property=\"og:site_name\" content=\"Play At Home - \u0110\u1ed3 Ch\u01a1i Th\u1ee7 C\u00f4ng\" \/>\n<meta property=\"article:publisher\" content=\"https:\/\/www.facebook.com\/PlayAtHome.ONhaVanVui\" \/>\n<meta property=\"article:modified_time\" content=\"2026-02-11T20:14:55+00:00\" \/>\n<meta property=\"og:image\" content=\"https:\/\/playathome.shop\/wp-content\/uploads\/2021\/09\/IMG_6126-scaled.jpg?v=1694229348\" \/>\n\t<meta property=\"og:image:width\" content=\"1551\" \/>\n\t<meta property=\"og:image:height\" content=\"1920\" \/>\n\t<meta property=\"og:image:type\" content=\"image\/jpeg\" \/>\n<meta name=\"twitter:card\" content=\"summary_large_image\" \/>\n<meta name=\"twitter:label1\" content=\"Est. reading time\" \/>\n\t<meta name=\"twitter:data1\" content=\"3 minutes\" \/>\n<script type=\"application\/ld+json\" class=\"yoast-schema-graph\">{\"@context\":\"https:\/\/schema.org\",\"@graph\":[{\"@type\":\"WebPage\",\"@id\":\"https:\/\/playathome.shop\/san-pham\/kit-diy-bop-viet-tho\/\",\"url\":\"https:\/\/playathome.shop\/san-pham\/kit-diy-bop-viet-tho\/\",\"name\":\"[KIT DIY] B\u00f3p Vi\u1ebft Th\u1ecf 25x12cm - Play At Home - \u0110\u1ed3 Ch\u01a1i Th\u1ee7 C\u00f4ng\",\"isPartOf\":{\"@id\":\"https:\/\/playathome.shop\/#website\"},\"primaryImageOfPage\":{\"@id\":\"https:\/\/playathome.shop\/san-pham\/kit-diy-bop-viet-tho\/#primaryimage\"},\"image\":{\"@id\":\"https:\/\/playathome.shop\/san-pham\/kit-diy-bop-viet-tho\/#primaryimage\"},\"thumbnailUrl\":\"https:\/\/playathome.shop\/wp-content\/uploads\/2021\/09\/IMG_6126-scaled.jpg?v=1694229348\",\"datePublished\":\"2021-09-12T02:12:56+00:00\",\"dateModified\":\"2026-02-11T20:14:55+00:00\",\"breadcrumb\":{\"@id\":\"https:\/\/playathome.shop\/san-pham\/kit-diy-bop-viet-tho\/#breadcrumb\"},\"inLanguage\":\"en-US\",\"potentialAction\":[{\"@type\":\"ReadAction\",\"target\":[\"https:\/\/playathome.shop\/san-pham\/kit-diy-bop-viet-tho\/\"]}]},{\"@type\":\"ImageObject\",\"inLanguage\":\"en-US\",\"@id\":\"https:\/\/playathome.shop\/san-pham\/kit-diy-bop-viet-tho\/#primaryimage\",\"url\":\"https:\/\/playathome.shop\/wp-content\/uploads\/2021\/09\/IMG_6126-scaled.jpg?v=1694229348\",\"contentUrl\":\"https:\/\/playathome.shop\/wp-content\/uploads\/2021\/09\/IMG_6126-scaled.jpg?v=1694229348\",\"width\":1551,\"height\":1920},{\"@type\":\"BreadcrumbList\",\"@id\":\"https:\/\/playathome.shop\/san-pham\/kit-diy-bop-viet-tho\/#breadcrumb\",\"itemListElement\":[{\"@type\":\"ListItem\",\"position\":1,\"name\":\"Trang ch\u1ee7\",\"item\":\"https:\/\/playathome.shop\/\"},{\"@type\":\"ListItem\",\"position\":2,\"name\":\"C\u1eeda h\u00e0ng\",\"item\":\"https:\/\/playathome.shop\/cua-hang\/\"},{\"@type\":\"ListItem\",\"position\":3,\"name\":\"[KIT DIY] B\u00f3p Vi\u1ebft Th\u1ecf 25x12cm\"}]},{\"@type\":\"WebSite\",\"@id\":\"https:\/\/playathome.shop\/#website\",\"url\":\"https:\/\/playathome.shop\/\",\"name\":\"Play At Home - \u0110\u1ed3 Ch\u01a1i Th\u1ee7 C\u00f4ng\",\"description\":\"Handmade &amp; Heartmade Toys For Kids\",\"publisher\":{\"@id\":\"https:\/\/playathome.shop\/#organization\"},\"potentialAction\":[{\"@type\":\"SearchAction\",\"target\":{\"@type\":\"EntryPoint\",\"urlTemplate\":\"https:\/\/playathome.shop\/?s={search_term_string}\"},\"query-input\":{\"@type\":\"PropertyValueSpecification\",\"valueRequired\":true,\"valueName\":\"search_term_string\"}}],\"inLanguage\":\"en-US\"},{\"@type\":\"Organization\",\"@id\":\"https:\/\/playathome.shop\/#organization\",\"name\":\"Play At Home - \u0110\u1ed3 Ch\u01a1i Th\u1ee7 C\u00f4ng\",\"url\":\"https:\/\/playathome.shop\/\",\"logo\":{\"@type\":\"ImageObject\",\"inLanguage\":\"en-US\",\"@id\":\"https:\/\/playathome.shop\/#\/schema\/logo\/image\/\",\"url\":\"https:\/\/playathome.shop\/wp-content\/uploads\/2023\/05\/image.jpg\",\"contentUrl\":\"https:\/\/playathome.shop\/wp-content\/uploads\/2023\/05\/image.jpg\",\"width\":640,\"height\":640,\"caption\":\"Play At Home - \u0110\u1ed3 Ch\u01a1i Th\u1ee7 C\u00f4ng\"},\"image\":{\"@id\":\"https:\/\/playathome.shop\/#\/schema\/logo\/image\/\"},\"sameAs\":[\"https:\/\/www.facebook.com\/PlayAtHome.ONhaVanVui\",\"https:\/\/instagram.com\/playathome.onhavanvui\"]}]}<\/script>\n<!-- \/ Yoast SEO plugin. -->","yoast_head_json":{"title":"[KIT DIY] B\u00f3p Vi\u1ebft Th\u1ecf 25x12cm - Play At Home - \u0110\u1ed3 Ch\u01a1i Th\u1ee7 C\u00f4ng","robots":{"index":"index","follow":"follow","max-snippet":"max-snippet:-1","max-image-preview":"max-image-preview:large","max-video-preview":"max-video-preview:-1"},"canonical":"https:\/\/playathome.shop\/en\/product\/kit-diy-bop-viet-tho\/","og_locale":"en_US","og_type":"article","og_title":"[KIT DIY] B\u00f3p Vi\u1ebft Th\u1ecf 25x12cm - Play At Home - \u0110\u1ed3 Ch\u01a1i Th\u1ee7 C\u00f4ng","og_description":"KIT t\u1ef1 may B\u00d3P VI\u1ebeT TH\u1ece ph\u00f9 h\u1ee3p cho tr\u1ebb t\u1eeb 4 tu\u1ed5i tr\u1edf l\u00ean. S\u1ea3n ph\u1ea9m bao g\u1ed3m:   R\u1eadp v\u1ea3i gi\u1ea3 da h\u00ecnh th\u1ecf \u0111\u00e3 \u0111\u01b0\u1ee3c \u0111\u1ee5c l\u1ed7 s\u1eb5n  Ch\u1ec9 may  Kim nh\u1ef1a","og_url":"https:\/\/playathome.shop\/en\/product\/kit-diy-bop-viet-tho\/","og_site_name":"Play At Home - \u0110\u1ed3 Ch\u01a1i Th\u1ee7 C\u00f4ng","article_publisher":"https:\/\/www.facebook.com\/PlayAtHome.ONhaVanVui","article_modified_time":"2026-02-11T20:14:55+00:00","og_image":[{"width":1551,"height":1920,"url":"https:\/\/playathome.shop\/wp-content\/uploads\/2021\/09\/IMG_6126-scaled.jpg?v=1694229348","type":"image\/jpeg"}],"twitter_card":"summary_large_image","twitter_misc":{"Est. reading time":"3 minutes"},"schema":{"@context":"https:\/\/schema.org","@graph":[{"@type":"WebPage","@id":"https:\/\/playathome.shop\/san-pham\/kit-diy-bop-viet-tho\/","url":"https:\/\/playathome.shop\/san-pham\/kit-diy-bop-viet-tho\/","name":"[KIT DIY] B\u00f3p Vi\u1ebft Th\u1ecf 25x12cm - Play At Home - \u0110\u1ed3 Ch\u01a1i Th\u1ee7 C\u00f4ng","isPartOf":{"@id":"https:\/\/playathome.shop\/#website"},"primaryImageOfPage":{"@id":"https:\/\/playathome.shop\/san-pham\/kit-diy-bop-viet-tho\/#primaryimage"},"image":{"@id":"https:\/\/playathome.shop\/san-pham\/kit-diy-bop-viet-tho\/#primaryimage"},"thumbnailUrl":"https:\/\/playathome.shop\/wp-content\/uploads\/2021\/09\/IMG_6126-scaled.jpg?v=1694229348","datePublished":"2021-09-12T02:12:56+00:00","dateModified":"2026-02-11T20:14:55+00:00","breadcrumb":{"@id":"https:\/\/playathome.shop\/san-pham\/kit-diy-bop-viet-tho\/#breadcrumb"},"inLanguage":"en-US","potentialAction":[{"@type":"ReadAction","target":["https:\/\/playathome.shop\/san-pham\/kit-diy-bop-viet-tho\/"]}]},{"@type":"ImageObject","inLanguage":"en-US","@id":"https:\/\/playathome.shop\/san-pham\/kit-diy-bop-viet-tho\/#primaryimage","url":"https:\/\/playathome.shop\/wp-content\/uploads\/2021\/09\/IMG_6126-scaled.jpg?v=1694229348","contentUrl":"https:\/\/playathome.shop\/wp-content\/uploads\/2021\/09\/IMG_6126-scaled.jpg?v=1694229348","width":1551,"height":1920},{"@type":"BreadcrumbList","@id":"https:\/\/playathome.shop\/san-pham\/kit-diy-bop-viet-tho\/#breadcrumb","itemListElement":[{"@type":"ListItem","position":1,"name":"Trang ch\u1ee7","item":"https:\/\/playathome.shop\/"},{"@type":"ListItem","position":2,"name":"C\u1eeda h\u00e0ng","item":"https:\/\/playathome.shop\/cua-hang\/"},{"@type":"ListItem","position":3,"name":"[KIT DIY] B\u00f3p Vi\u1ebft Th\u1ecf 25x12cm"}]},{"@type":"WebSite","@id":"https:\/\/playathome.shop\/#website","url":"https:\/\/playathome.shop\/","name":"Play At Home - Handmade Toys","description":"Handmade &amp; Heartmade Toys For Kids","publisher":{"@id":"https:\/\/playathome.shop\/#organization"},"potentialAction":[{"@type":"SearchAction","target":{"@type":"EntryPoint","urlTemplate":"https:\/\/playathome.shop\/?s={search_term_string}"},"query-input":{"@type":"PropertyValueSpecification","valueRequired":true,"valueName":"search_term_string"}}],"inLanguage":"en-US"},{"@type":"Organization","@id":"https:\/\/playathome.shop\/#organization","name":"Play At Home - Handmade Toys","url":"https:\/\/playathome.shop\/","logo":{"@type":"ImageObject","inLanguage":"en-US","@id":"https:\/\/playathome.shop\/#\/schema\/logo\/image\/","url":"https:\/\/playathome.shop\/wp-content\/uploads\/2023\/05\/image.jpg","contentUrl":"https:\/\/playathome.shop\/wp-content\/uploads\/2023\/05\/image.jpg","width":640,"height":640,"caption":"Play At Home - \u0110\u1ed3 Ch\u01a1i Th\u1ee7 C\u00f4ng"},"image":{"@id":"https:\/\/playathome.shop\/#\/schema\/logo\/image\/"},"sameAs":["https:\/\/www.facebook.com\/PlayAtHome.ONhaVanVui","https:\/\/instagram.com\/playathome.onhavanvui"]}]}},"jetpack_sharing_enabled":true,"_links":{"self":[{"href":"https:\/\/playathome.shop\/en\/wp-json\/wp\/v2\/product\/112","targetHints":{"allow":["GET"]}}],"collection":[{"href":"https:\/\/playathome.shop\/en\/wp-json\/wp\/v2\/product"}],"about":[{"href":"https:\/\/playathome.shop\/en\/wp-json\/wp\/v2\/types\/product"}],"replies":[{"embeddable":true,"href":"https:\/\/playathome.shop\/en\/wp-json\/wp\/v2\/comments?post=112"}],"wp:featuredmedia":[{"embeddable":true,"href":"https:\/\/playathome.shop\/en\/wp-json\/wp\/v2\/media\/1978"}],"wp:attachment":[{"href":"https:\/\/playathome.shop\/en\/wp-json\/wp\/v2\/media?parent=112"}],"wp:term":[{"taxonomy":"product_brand","embeddable":true,"href":"https:\/\/playathome.shop\/en\/wp-json\/wp\/v2\/product_brand?post=112"},{"taxonomy":"product_cat","embeddable":true,"href":"https:\/\/playathome.shop\/en\/wp-json\/wp\/v2\/product_cat?post=112"},{"taxonomy":"product_tag","embeddable":true,"href":"https:\/\/playathome.shop\/en\/wp-json\/wp\/v2\/product_tag?post=112"}],"curies":[{"name":"wp","href":"https:\/\/api.w.org\/{rel}","templated":true}]}}