{"id":1703,"date":"2023-06-06T11:44:30","date_gmt":"2023-06-06T04:44:30","guid":{"rendered":"https:\/\/playathome.shop\/?post_type=product&#038;p=1703"},"modified":"2024-03-03T05:31:37","modified_gmt":"2024-03-02T22:31:37","slug":"kit-diy-may-tui-meo-deo-cheo-20x35cm","status":"publish","type":"product","link":"https:\/\/playathome.shop\/en\/product\/kit-diy-may-tui-meo-deo-cheo-20x35cm\/","title":{"rendered":"[KIT DIY] May T\u00fai M\u00e8o \u0110eo Ch\u00e9o 20x35cm"},"content":{"rendered":"<p>KIT t\u1ef1 may <strong>T\u00daI M\u00c8O \u0110EO CH\u00c9O<\/strong> ph\u00f9 h\u1ee3p cho tr\u1ebb t\u1eeb 4 tu\u1ed5i tr\u1edf l\u00ean. S\u1ea3n ph\u1ea9m bao g\u1ed3m:<\/p>\n<ul>\n<li>R\u1eadp v\u1ea3i gi\u1ea3 da h\u00ecnh M\u00c8O \u0111\u00e3 \u0111\u01b0\u1ee3c \u0111\u1ee5c l\u1ed7 s\u1eb5n v\u00e0 g\u1eafn n\u00fat h\u00edt nam ch\u00e2m<\/li>\n<li>Ch\u1ec9 may<\/li>\n<li>Kim nh\u1ef1a<\/li>\n<li>D\u00e2y \u0111eo cotton<\/li>\n<\/ul>\n<p>D\u01b0\u1edbi \u0111\u00e2y l\u00e0 h\u00ecnh feedback t\u1eeb kh\u00e1ch h\u00e0ng c\u1ee7a ch\u00fang t\u00f4i, m\u1ed9t ng\u01b0\u1eddi m\u1eb9 may cho con g\u00e1i nh\u1ecf c\u1ee7a m\u00ecnh.<\/p>\n<div data-sliderid=\"66828\" id=\"penci-post-gallery__66828\" class=\"penci-post-gallery-container masonry grid column-3\" data-height=\"150\" data-margin=\"3\"><div class=\"inner-gallery-masonry-container\"><div class=\"item-gallery-masonry grid\"><a class=\"penci-gallery-ite item-link-relative\" href=\"https:\/\/playathome.shop\/wp-content\/uploads\/2023\/06\/IMG_3197.jpg?v=1694229192\"><div class=\"inner-item-masonry-gallery\"><span class=\"penci-isotope-padding\" style=\"padding-bottom:66.66666667%;\"><\/span><img decoding=\"async\" src=\"https:\/\/playathome.shop\/wp-content\/uploads\/2023\/06\/IMG_3197-585x390.jpg?v=1694229192\" alt=\"\" title=\"IMG_3197\"><\/div><\/a><\/div><\/div><\/div>\n<p>V\u1edbi h\u01b0\u1edbng d\u1eabn may chi ti\u1ebft, v\u00e0 s\u1ef1 tr\u1ee3 gi\u00fap c\u1ee7a ba m\u1eb9, b\u00e9 n\u00e0o c\u0169ng c\u00f3 th\u1ec3 l\u00e0m \u0111\u01b0\u1ee3c <strong>T\u00daI M\u00c8O\u00a0\u0110EO CH\u00c9O<\/strong> n\u00e0y.<\/p>\n<p><iframe title=\"[PLAY AT HOME - \u0110\u1ed2 CH\u01a0I TH\u1ee6 C\u00d4NG] KITTY BAG TUTORIAL -  MAY T\u00daI \u0110EO CH\u00c9O M\u00c8O \u0110I\u1ec6U\" width=\"1170\" height=\"658\" src=\"https:\/\/www.youtube.com\/embed\/yN24erSW4a4?feature=oembed\" frameborder=\"0\" allow=\"accelerometer; autoplay; clipboard-write; encrypted-media; gyroscope; picture-in-picture; web-share\" allowfullscreen><\/iframe><\/p>\n<p>V\u1edbi ch\u1ea5t li\u1ec7u v\u1ea3i gi\u1ea3 da b\u1ec1n ch\u1eafc, ch\u1ec9 may theo t\u00e9p d\u1ec5 thao t\u00e1c, kim may b\u1eb1ng nh\u1ef1a an to\u00e0n, <strong>T\u00daI M\u00c8O\u00a0\u0110EO CH\u00c9O<\/strong> ho\u00e0n to\u00e0n c\u00f3 th\u1ec3 \u0111\u01b0\u1ee3c s\u1eed d\u1ee5ng nh\u01b0 m\u1ed9t chi\u1ebfc t\u00fai \u0111eo mua ngo\u00e0i c\u1eeda h\u00e0ng.<\/p>\n<p>\u0110\u01a1n gi\u1ea3n m\u00e0 hi\u1ec7u qu\u1ea3, tr\u1ebb l\u00e0m quen v\u1edbi vi\u1ec7c may v\u00e1, t\u1eadp th\u00f3i quen ki\u00ean nh\u1eabn, v\u00e0 t\u1ea1o n\u00ean s\u1ea3n ph\u1ea9m c\u00f3 gi\u00e1 tr\u1ecb s\u1eed d\u1ee5ng th\u1ef1c s\u1ef1. \u0110\u1ef1ng \u0111\u01b0\u1ee3c nhi\u1ec1u m\u00f3n nho nh\u1ecf, l\u1ea1i c\u00f2n c\u00f3 th\u1ec3 h\u00e3nh di\u1ec7n khoe \u0111\u00f3 l\u00e0 t\u00fai m\u00ecnh may, c\u00f2n g\u00ec th\u00edch b\u1eb1ng!<\/p>\n","protected":false},"excerpt":{"rendered":"<p>This DIY Sewing kit of <strong>KITTY CAT BAG<\/strong> is a wonderful option for children from 4 years old to practice basic running stitch.<\/p>\n<p>Product includes<\/p>\n<ul>\n<li>Pre-cut KITTY CAT shapes with pre-punched holes and attached magnetic snap button<\/li>\n<li>Embroidery floss<\/li>\n<li>1 plastic needle<\/li>\n<li>Cotton Strap<\/li>\n<\/ul>","protected":false},"featured_media":1955,"comment_status":"open","ping_status":"closed","template":"","meta":{"_lmt_disableupdate":"","_lmt_disable":""},"product_brand":[],"product_cat":[53,42,212],"product_tag":[45,46,67,35,43],"class_list":{"0":"post-1703","1":"product","2":"type-product","3":"status-publish","4":"has-post-thumbnail","6":"product_cat-kit-diy","7":"product_cat-tui-deo-cheo","8":"product_cat-tui-deo-va-bop-viet","9":"product_tag-diy","10":"product_tag-may","11":"product_tag-meo","12":"product_tag-shop","13":"product_tag-tui","15":"first","16":"instock","17":"taxable","18":"shipping-taxable","19":"purchasable","20":"product-type-simple"},"yoast_head":"<!-- This site is optimized with the Yoast SEO plugin v27.1.1 - https:\/\/yoast.com\/product\/yoast-seo-wordpress\/ -->\n<title>[KIT DIY] May T\u00fai M\u00e8o \u0110eo Ch\u00e9o 20x35cm - Play At Home - \u0110\u1ed3 Ch\u01a1i Th\u1ee7 C\u00f4ng<\/title>\n<meta name=\"robots\" content=\"index, follow, max-snippet:-1, max-image-preview:large, max-video-preview:-1\" \/>\n<link rel=\"canonical\" href=\"https:\/\/playathome.shop\/en\/product\/kit-diy-may-tui-meo-deo-cheo-20x35cm\/\" \/>\n<meta property=\"og:locale\" content=\"en_US\" \/>\n<meta property=\"og:type\" content=\"article\" \/>\n<meta property=\"og:title\" content=\"[KIT DIY] May T\u00fai M\u00e8o \u0110eo Ch\u00e9o 20x35cm - Play At Home - \u0110\u1ed3 Ch\u01a1i Th\u1ee7 C\u00f4ng\" \/>\n<meta property=\"og:description\" content=\"KIT t\u1ef1 may t\u00fai M\u00c8O \u0111eo ch\u00e9o cho b\u00e9. Ph\u00f9 h\u1ee3p cho tr\u1ebb t\u1eeb 4 tu\u1ed5i tr\u1edf l\u00ean.  S\u1ea3n ph\u1ea9m bao g\u1ed3m:   R\u1eadp v\u1ea3i gi\u1ea3 da h\u00ecnh M\u00c8O \u0111\u00e3 \u0111\u01b0\u1ee3c \u0111\u1ee5c l\u1ed7 s\u1eb5n v\u00e0 g\u1eafn n\u00fat h\u00edt nam ch\u00e2m  Ch\u1ec9 may  Kim nh\u1ef1a  D\u00e2y \u0111eo cotton\" \/>\n<meta property=\"og:url\" content=\"https:\/\/playathome.shop\/en\/product\/kit-diy-may-tui-meo-deo-cheo-20x35cm\/\" \/>\n<meta property=\"og:site_name\" content=\"Play At Home - \u0110\u1ed3 Ch\u01a1i Th\u1ee7 C\u00f4ng\" \/>\n<meta property=\"article:publisher\" content=\"https:\/\/www.facebook.com\/PlayAtHome.ONhaVanVui\" \/>\n<meta property=\"article:modified_time\" content=\"2024-03-02T22:31:37+00:00\" \/>\n<meta property=\"og:image\" content=\"https:\/\/playathome.shop\/wp-content\/uploads\/2023\/06\/IMG_6137-scaled.jpg?v=1694229319\" \/>\n\t<meta property=\"og:image:width\" content=\"1440\" \/>\n\t<meta property=\"og:image:height\" content=\"1920\" \/>\n\t<meta property=\"og:image:type\" content=\"image\/jpeg\" \/>\n<meta name=\"twitter:card\" content=\"summary_large_image\" \/>\n<meta name=\"twitter:label1\" content=\"Est. reading time\" \/>\n\t<meta name=\"twitter:data1\" content=\"2 minutes\" \/>\n<script type=\"application\/ld+json\" class=\"yoast-schema-graph\">{\"@context\":\"https:\/\/schema.org\",\"@graph\":[{\"@type\":\"WebPage\",\"@id\":\"https:\/\/playathome.shop\/san-pham\/kit-diy-may-tui-meo-deo-cheo-20x35cm\/\",\"url\":\"https:\/\/playathome.shop\/san-pham\/kit-diy-may-tui-meo-deo-cheo-20x35cm\/\",\"name\":\"[KIT DIY] May T\u00fai M\u00e8o \u0110eo Ch\u00e9o 20x35cm - Play At Home - \u0110\u1ed3 Ch\u01a1i Th\u1ee7 C\u00f4ng\",\"isPartOf\":{\"@id\":\"https:\/\/playathome.shop\/#website\"},\"primaryImageOfPage\":{\"@id\":\"https:\/\/playathome.shop\/san-pham\/kit-diy-may-tui-meo-deo-cheo-20x35cm\/#primaryimage\"},\"image\":{\"@id\":\"https:\/\/playathome.shop\/san-pham\/kit-diy-may-tui-meo-deo-cheo-20x35cm\/#primaryimage\"},\"thumbnailUrl\":\"https:\/\/playathome.shop\/wp-content\/uploads\/2023\/06\/IMG_6137-scaled.jpg?v=1694229319\",\"datePublished\":\"2023-06-06T04:44:30+00:00\",\"dateModified\":\"2024-03-02T22:31:37+00:00\",\"breadcrumb\":{\"@id\":\"https:\/\/playathome.shop\/san-pham\/kit-diy-may-tui-meo-deo-cheo-20x35cm\/#breadcrumb\"},\"inLanguage\":\"en-US\",\"potentialAction\":[{\"@type\":\"ReadAction\",\"target\":[\"https:\/\/playathome.shop\/san-pham\/kit-diy-may-tui-meo-deo-cheo-20x35cm\/\"]}]},{\"@type\":\"ImageObject\",\"inLanguage\":\"en-US\",\"@id\":\"https:\/\/playathome.shop\/san-pham\/kit-diy-may-tui-meo-deo-cheo-20x35cm\/#primaryimage\",\"url\":\"https:\/\/playathome.shop\/wp-content\/uploads\/2023\/06\/IMG_6137-scaled.jpg?v=1694229319\",\"contentUrl\":\"https:\/\/playathome.shop\/wp-content\/uploads\/2023\/06\/IMG_6137-scaled.jpg?v=1694229319\",\"width\":1440,\"height\":1920},{\"@type\":\"BreadcrumbList\",\"@id\":\"https:\/\/playathome.shop\/san-pham\/kit-diy-may-tui-meo-deo-cheo-20x35cm\/#breadcrumb\",\"itemListElement\":[{\"@type\":\"ListItem\",\"position\":1,\"name\":\"Trang ch\u1ee7\",\"item\":\"https:\/\/playathome.shop\/\"},{\"@type\":\"ListItem\",\"position\":2,\"name\":\"C\u1eeda h\u00e0ng\",\"item\":\"https:\/\/playathome.shop\/cua-hang\/\"},{\"@type\":\"ListItem\",\"position\":3,\"name\":\"[KIT DIY] May T\u00fai M\u00e8o \u0110eo Ch\u00e9o 20x35cm\"}]},{\"@type\":\"WebSite\",\"@id\":\"https:\/\/playathome.shop\/#website\",\"url\":\"https:\/\/playathome.shop\/\",\"name\":\"Play At Home - \u0110\u1ed3 Ch\u01a1i Th\u1ee7 C\u00f4ng\",\"description\":\"Handmade &amp; Heartmade Toys For Kids\",\"publisher\":{\"@id\":\"https:\/\/playathome.shop\/#organization\"},\"potentialAction\":[{\"@type\":\"SearchAction\",\"target\":{\"@type\":\"EntryPoint\",\"urlTemplate\":\"https:\/\/playathome.shop\/?s={search_term_string}\"},\"query-input\":{\"@type\":\"PropertyValueSpecification\",\"valueRequired\":true,\"valueName\":\"search_term_string\"}}],\"inLanguage\":\"en-US\"},{\"@type\":\"Organization\",\"@id\":\"https:\/\/playathome.shop\/#organization\",\"name\":\"Play At Home - \u0110\u1ed3 Ch\u01a1i Th\u1ee7 C\u00f4ng\",\"url\":\"https:\/\/playathome.shop\/\",\"logo\":{\"@type\":\"ImageObject\",\"inLanguage\":\"en-US\",\"@id\":\"https:\/\/playathome.shop\/#\/schema\/logo\/image\/\",\"url\":\"https:\/\/playathome.shop\/wp-content\/uploads\/2023\/05\/image.jpg\",\"contentUrl\":\"https:\/\/playathome.shop\/wp-content\/uploads\/2023\/05\/image.jpg\",\"width\":640,\"height\":640,\"caption\":\"Play At Home - \u0110\u1ed3 Ch\u01a1i Th\u1ee7 C\u00f4ng\"},\"image\":{\"@id\":\"https:\/\/playathome.shop\/#\/schema\/logo\/image\/\"},\"sameAs\":[\"https:\/\/www.facebook.com\/PlayAtHome.ONhaVanVui\",\"https:\/\/instagram.com\/playathome.onhavanvui\"]}]}<\/script>\n<!-- \/ Yoast SEO plugin. -->","yoast_head_json":{"title":"[KIT DIY] May T\u00fai M\u00e8o \u0110eo Ch\u00e9o 20x35cm - Play At Home - \u0110\u1ed3 Ch\u01a1i Th\u1ee7 C\u00f4ng","robots":{"index":"index","follow":"follow","max-snippet":"max-snippet:-1","max-image-preview":"max-image-preview:large","max-video-preview":"max-video-preview:-1"},"canonical":"https:\/\/playathome.shop\/en\/product\/kit-diy-may-tui-meo-deo-cheo-20x35cm\/","og_locale":"en_US","og_type":"article","og_title":"[KIT DIY] May T\u00fai M\u00e8o \u0110eo Ch\u00e9o 20x35cm - Play At Home - \u0110\u1ed3 Ch\u01a1i Th\u1ee7 C\u00f4ng","og_description":"KIT t\u1ef1 may t\u00fai M\u00c8O \u0111eo ch\u00e9o cho b\u00e9. Ph\u00f9 h\u1ee3p cho tr\u1ebb t\u1eeb 4 tu\u1ed5i tr\u1edf l\u00ean.  S\u1ea3n ph\u1ea9m bao g\u1ed3m:   R\u1eadp v\u1ea3i gi\u1ea3 da h\u00ecnh M\u00c8O \u0111\u00e3 \u0111\u01b0\u1ee3c \u0111\u1ee5c l\u1ed7 s\u1eb5n v\u00e0 g\u1eafn n\u00fat h\u00edt nam ch\u00e2m  Ch\u1ec9 may  Kim nh\u1ef1a  D\u00e2y \u0111eo cotton","og_url":"https:\/\/playathome.shop\/en\/product\/kit-diy-may-tui-meo-deo-cheo-20x35cm\/","og_site_name":"Play At Home - \u0110\u1ed3 Ch\u01a1i Th\u1ee7 C\u00f4ng","article_publisher":"https:\/\/www.facebook.com\/PlayAtHome.ONhaVanVui","article_modified_time":"2024-03-02T22:31:37+00:00","og_image":[{"width":1440,"height":1920,"url":"https:\/\/playathome.shop\/wp-content\/uploads\/2023\/06\/IMG_6137-scaled.jpg?v=1694229319","type":"image\/jpeg"}],"twitter_card":"summary_large_image","twitter_misc":{"Est. reading time":"2 minutes"},"schema":{"@context":"https:\/\/schema.org","@graph":[{"@type":"WebPage","@id":"https:\/\/playathome.shop\/san-pham\/kit-diy-may-tui-meo-deo-cheo-20x35cm\/","url":"https:\/\/playathome.shop\/san-pham\/kit-diy-may-tui-meo-deo-cheo-20x35cm\/","name":"[KIT DIY] May T\u00fai M\u00e8o \u0110eo Ch\u00e9o 20x35cm - Play At Home - \u0110\u1ed3 Ch\u01a1i Th\u1ee7 C\u00f4ng","isPartOf":{"@id":"https:\/\/playathome.shop\/#website"},"primaryImageOfPage":{"@id":"https:\/\/playathome.shop\/san-pham\/kit-diy-may-tui-meo-deo-cheo-20x35cm\/#primaryimage"},"image":{"@id":"https:\/\/playathome.shop\/san-pham\/kit-diy-may-tui-meo-deo-cheo-20x35cm\/#primaryimage"},"thumbnailUrl":"https:\/\/playathome.shop\/wp-content\/uploads\/2023\/06\/IMG_6137-scaled.jpg?v=1694229319","datePublished":"2023-06-06T04:44:30+00:00","dateModified":"2024-03-02T22:31:37+00:00","breadcrumb":{"@id":"https:\/\/playathome.shop\/san-pham\/kit-diy-may-tui-meo-deo-cheo-20x35cm\/#breadcrumb"},"inLanguage":"en-US","potentialAction":[{"@type":"ReadAction","target":["https:\/\/playathome.shop\/san-pham\/kit-diy-may-tui-meo-deo-cheo-20x35cm\/"]}]},{"@type":"ImageObject","inLanguage":"en-US","@id":"https:\/\/playathome.shop\/san-pham\/kit-diy-may-tui-meo-deo-cheo-20x35cm\/#primaryimage","url":"https:\/\/playathome.shop\/wp-content\/uploads\/2023\/06\/IMG_6137-scaled.jpg?v=1694229319","contentUrl":"https:\/\/playathome.shop\/wp-content\/uploads\/2023\/06\/IMG_6137-scaled.jpg?v=1694229319","width":1440,"height":1920},{"@type":"BreadcrumbList","@id":"https:\/\/playathome.shop\/san-pham\/kit-diy-may-tui-meo-deo-cheo-20x35cm\/#breadcrumb","itemListElement":[{"@type":"ListItem","position":1,"name":"Trang ch\u1ee7","item":"https:\/\/playathome.shop\/"},{"@type":"ListItem","position":2,"name":"C\u1eeda h\u00e0ng","item":"https:\/\/playathome.shop\/cua-hang\/"},{"@type":"ListItem","position":3,"name":"[KIT DIY] May T\u00fai M\u00e8o \u0110eo Ch\u00e9o 20x35cm"}]},{"@type":"WebSite","@id":"https:\/\/playathome.shop\/#website","url":"https:\/\/playathome.shop\/","name":"Play At Home - Handmade Toys","description":"Handmade &amp; Heartmade Toys For Kids","publisher":{"@id":"https:\/\/playathome.shop\/#organization"},"potentialAction":[{"@type":"SearchAction","target":{"@type":"EntryPoint","urlTemplate":"https:\/\/playathome.shop\/?s={search_term_string}"},"query-input":{"@type":"PropertyValueSpecification","valueRequired":true,"valueName":"search_term_string"}}],"inLanguage":"en-US"},{"@type":"Organization","@id":"https:\/\/playathome.shop\/#organization","name":"Play At Home - Handmade Toys","url":"https:\/\/playathome.shop\/","logo":{"@type":"ImageObject","inLanguage":"en-US","@id":"https:\/\/playathome.shop\/#\/schema\/logo\/image\/","url":"https:\/\/playathome.shop\/wp-content\/uploads\/2023\/05\/image.jpg","contentUrl":"https:\/\/playathome.shop\/wp-content\/uploads\/2023\/05\/image.jpg","width":640,"height":640,"caption":"Play At Home - \u0110\u1ed3 Ch\u01a1i Th\u1ee7 C\u00f4ng"},"image":{"@id":"https:\/\/playathome.shop\/#\/schema\/logo\/image\/"},"sameAs":["https:\/\/www.facebook.com\/PlayAtHome.ONhaVanVui","https:\/\/instagram.com\/playathome.onhavanvui"]}]}},"jetpack_sharing_enabled":true,"_links":{"self":[{"href":"https:\/\/playathome.shop\/en\/wp-json\/wp\/v2\/product\/1703","targetHints":{"allow":["GET"]}}],"collection":[{"href":"https:\/\/playathome.shop\/en\/wp-json\/wp\/v2\/product"}],"about":[{"href":"https:\/\/playathome.shop\/en\/wp-json\/wp\/v2\/types\/product"}],"replies":[{"embeddable":true,"href":"https:\/\/playathome.shop\/en\/wp-json\/wp\/v2\/comments?post=1703"}],"wp:featuredmedia":[{"embeddable":true,"href":"https:\/\/playathome.shop\/en\/wp-json\/wp\/v2\/media\/1955"}],"wp:attachment":[{"href":"https:\/\/playathome.shop\/en\/wp-json\/wp\/v2\/media?parent=1703"}],"wp:term":[{"taxonomy":"product_brand","embeddable":true,"href":"https:\/\/playathome.shop\/en\/wp-json\/wp\/v2\/product_brand?post=1703"},{"taxonomy":"product_cat","embeddable":true,"href":"https:\/\/playathome.shop\/en\/wp-json\/wp\/v2\/product_cat?post=1703"},{"taxonomy":"product_tag","embeddable":true,"href":"https:\/\/playathome.shop\/en\/wp-json\/wp\/v2\/product_tag?post=1703"}],"curies":[{"name":"wp","href":"https:\/\/api.w.org\/{rel}","templated":true}]}}