{"id":1707,"date":"2023-06-09T09:46:32","date_gmt":"2023-06-09T02:46:32","guid":{"rendered":"https:\/\/playathome.shop\/?post_type=product&#038;p=1707"},"modified":"2023-07-28T18:57:12","modified_gmt":"2023-07-28T11:57:12","slug":"kit-diy-may-thu-bong-meo-snow","status":"publish","type":"product","link":"https:\/\/playathome.shop\/en\/product\/kit-diy-may-thu-bong-meo-snow\/","title":{"rendered":"[KIT DIY] May M\u00e8o B\u00f4ng SNOW"},"content":{"rendered":"<blockquote><p>Although stuffed animals are seen as children\u2019s toys, they can also serve as transitional objects for adults. Along with being a source of comfort, stuffed animals can also provide other mental and physical benefits for the children and adults who own them.<\/p><\/blockquote>\n<p>Petite kitty <strong>SNOW<\/strong> is as white as snow but as warm as a fluffy towel and as sweet as cotton candy. She likes running back and forth, chasing after butterflies, playing with yarn, and curling up on her little master's laps. <strong>SNOW<\/strong> loves cleanliness. She enjoys bubble baths where she can gently brush her fur and then sunbathe in the warm sunlight.<\/p>\n<p>Do you want to become a little friend of <strong>SNOW<\/strong> ?<\/p>\n<p>DIY Sewing Kit KITTY <strong>SNOW<\/strong> include:<\/p>\n<ul>\n<li>Pre-cut felt shapes with pre-punched holes<\/li>\n<li>plastic needles<\/li>\n<li>embroidery floss<\/li>\n<li>high-quality polyester fiberfill<\/li>\n<\/ul>\n<div data-sliderid=\"2266\" id=\"penci-post-gallery__2266\" class=\"penci-post-gallery-container masonry grid column-3\" data-height=\"150\" data-margin=\"3\"><div class=\"inner-gallery-masonry-container\"><div class=\"item-gallery-masonry grid\"><a class=\"penci-gallery-ite item-link-relative\" href=\"https:\/\/playathome.shop\/wp-content\/uploads\/2023\/06\/IMG20230702112943-scaled.jpg?v=1694229312\"><div class=\"inner-item-masonry-gallery\"><span class=\"penci-isotope-padding\" style=\"padding-bottom:66.66666667%;\"><\/span><img decoding=\"async\" src=\"https:\/\/playathome.shop\/wp-content\/uploads\/2023\/06\/IMG20230702112943-585x390.jpg?v=1694229312\" alt=\"\" title=\"IMG20230702112943\"><\/div><\/a><\/div><div class=\"item-gallery-masonry grid\"><a class=\"penci-gallery-ite item-link-relative\" href=\"https:\/\/playathome.shop\/wp-content\/uploads\/2023\/06\/IMG20230702113048-scaled.jpg?v=1694229313\"><div class=\"inner-item-masonry-gallery\"><span class=\"penci-isotope-padding\" style=\"padding-bottom:66.66666667%;\"><\/span><img decoding=\"async\" src=\"https:\/\/playathome.shop\/wp-content\/uploads\/2023\/06\/IMG20230702113048-585x390.jpg?v=1694229313\" alt=\"\" title=\"IMG20230702113048\"><\/div><\/a><\/div><\/div><\/div>\n<p>Sewing requires patience and diligence, which are increasingly underestimated in the modern time. Children, if allowed to craft an item, will learn to appreciate it more, and from that, establish in them a love for arts, crafts and labor.<\/p>\n<p>Our plushies designs are artistic and curvy, made from light-colored Korean felt which is soft to the touch. They will be your child's loveliest little companion.<\/p>","protected":false},"excerpt":{"rendered":"<p>DIY Sewing Kit KITTY <strong>SNOW<\/strong> include:<\/p>\n<ul>\n<li>Pre-cut felt shapes with pre-punched holes<\/li>\n<li>plastic needles<\/li>\n<li>embroidery floss<\/li>\n<li>high-quality polyester fiberfill<\/li>\n<\/ul>","protected":false},"featured_media":1948,"comment_status":"open","ping_status":"closed","template":"","meta":{"_lmt_disableupdate":"","_lmt_disable":""},"product_brand":[],"product_cat":[47,53,60],"product_tag":[45,58,46,67,35,56],"class_list":{"0":"post-1707","1":"product","2":"type-product","3":"status-publish","4":"has-post-thumbnail","6":"product_cat-do-choi","7":"product_cat-kit-diy","8":"product_cat-thu-bong","9":"product_tag-diy","10":"product_tag-kit-may","11":"product_tag-may","12":"product_tag-meo","13":"product_tag-shop","14":"product_tag-thu-bong","16":"first","17":"instock","18":"taxable","19":"shipping-taxable","20":"purchasable","21":"product-type-simple"},"yoast_head":"<!-- This site is optimized with the Yoast SEO plugin v27.1.1 - https:\/\/yoast.com\/product\/yoast-seo-wordpress\/ -->\n<title>[KIT DIY] May M\u00e8o B\u00f4ng SNOW - Play At Home - \u0110\u1ed3 Ch\u01a1i Th\u1ee7 C\u00f4ng<\/title>\n<meta name=\"robots\" content=\"index, follow, max-snippet:-1, max-image-preview:large, max-video-preview:-1\" \/>\n<link rel=\"canonical\" href=\"https:\/\/playathome.shop\/en\/product\/kit-diy-may-thu-bong-meo-snow\/\" \/>\n<meta property=\"og:locale\" content=\"en_US\" \/>\n<meta property=\"og:type\" content=\"article\" \/>\n<meta property=\"og:title\" content=\"[KIT DIY] May M\u00e8o B\u00f4ng SNOW - Play At Home - \u0110\u1ed3 Ch\u01a1i Th\u1ee7 C\u00f4ng\" \/>\n<meta property=\"og:description\" content=\"1 KIT may M\u00c8O B\u00d4NG SNOW bao g\u1ed3m:   R\u1eadp v\u1ea3i n\u1ec9 H\u00e0n Qu\u1ed1c h\u00ecnh M\u00c8O \u0111\u01b0\u1ee3c \u0111\u1ee5c l\u1ed7 s\u1eb5n  Kim nh\u1ef1a an to\u00e0n  Ch\u1ec9 th\u00eau b\u00f3ng m\u01b0\u1ee3t  B\u00f4ng g\u00f2n nh\u1ed3i h\u00e0ng cao c\u1ea5p\" \/>\n<meta property=\"og:url\" content=\"https:\/\/playathome.shop\/en\/product\/kit-diy-may-thu-bong-meo-snow\/\" \/>\n<meta property=\"og:site_name\" content=\"Play At Home - \u0110\u1ed3 Ch\u01a1i Th\u1ee7 C\u00f4ng\" \/>\n<meta property=\"article:publisher\" content=\"https:\/\/www.facebook.com\/PlayAtHome.ONhaVanVui\" \/>\n<meta property=\"article:modified_time\" content=\"2023-07-28T11:57:12+00:00\" \/>\n<meta property=\"og:image\" content=\"https:\/\/playathome.shop\/wp-content\/uploads\/2023\/06\/IMG20230702105118-scaled.jpg?v=1694229308\" \/>\n\t<meta property=\"og:image:width\" content=\"1440\" \/>\n\t<meta property=\"og:image:height\" content=\"1920\" \/>\n\t<meta property=\"og:image:type\" content=\"image\/jpeg\" \/>\n<meta name=\"twitter:card\" content=\"summary_large_image\" \/>\n<meta name=\"twitter:label1\" content=\"Est. reading time\" \/>\n\t<meta name=\"twitter:data1\" content=\"2 minutes\" \/>\n<script type=\"application\/ld+json\" class=\"yoast-schema-graph\">{\"@context\":\"https:\/\/schema.org\",\"@graph\":[{\"@type\":\"WebPage\",\"@id\":\"https:\/\/playathome.shop\/san-pham\/kit-diy-may-thu-bong-meo-snow\/\",\"url\":\"https:\/\/playathome.shop\/san-pham\/kit-diy-may-thu-bong-meo-snow\/\",\"name\":\"[KIT DIY] May M\u00e8o B\u00f4ng SNOW - Play At Home - \u0110\u1ed3 Ch\u01a1i Th\u1ee7 C\u00f4ng\",\"isPartOf\":{\"@id\":\"https:\/\/playathome.shop\/#website\"},\"primaryImageOfPage\":{\"@id\":\"https:\/\/playathome.shop\/san-pham\/kit-diy-may-thu-bong-meo-snow\/#primaryimage\"},\"image\":{\"@id\":\"https:\/\/playathome.shop\/san-pham\/kit-diy-may-thu-bong-meo-snow\/#primaryimage\"},\"thumbnailUrl\":\"https:\/\/playathome.shop\/wp-content\/uploads\/2023\/06\/IMG20230702105118-scaled.jpg?v=1694229308\",\"datePublished\":\"2023-06-09T02:46:32+00:00\",\"dateModified\":\"2023-07-28T11:57:12+00:00\",\"breadcrumb\":{\"@id\":\"https:\/\/playathome.shop\/san-pham\/kit-diy-may-thu-bong-meo-snow\/#breadcrumb\"},\"inLanguage\":\"en-US\",\"potentialAction\":[{\"@type\":\"ReadAction\",\"target\":[\"https:\/\/playathome.shop\/san-pham\/kit-diy-may-thu-bong-meo-snow\/\"]}]},{\"@type\":\"ImageObject\",\"inLanguage\":\"en-US\",\"@id\":\"https:\/\/playathome.shop\/san-pham\/kit-diy-may-thu-bong-meo-snow\/#primaryimage\",\"url\":\"https:\/\/playathome.shop\/wp-content\/uploads\/2023\/06\/IMG20230702105118-scaled.jpg?v=1694229308\",\"contentUrl\":\"https:\/\/playathome.shop\/wp-content\/uploads\/2023\/06\/IMG20230702105118-scaled.jpg?v=1694229308\",\"width\":1440,\"height\":1920},{\"@type\":\"BreadcrumbList\",\"@id\":\"https:\/\/playathome.shop\/san-pham\/kit-diy-may-thu-bong-meo-snow\/#breadcrumb\",\"itemListElement\":[{\"@type\":\"ListItem\",\"position\":1,\"name\":\"Trang ch\u1ee7\",\"item\":\"https:\/\/playathome.shop\/\"},{\"@type\":\"ListItem\",\"position\":2,\"name\":\"C\u1eeda h\u00e0ng\",\"item\":\"https:\/\/playathome.shop\/cua-hang\/\"},{\"@type\":\"ListItem\",\"position\":3,\"name\":\"[KIT DIY] May M\u00e8o B\u00f4ng SNOW\"}]},{\"@type\":\"WebSite\",\"@id\":\"https:\/\/playathome.shop\/#website\",\"url\":\"https:\/\/playathome.shop\/\",\"name\":\"Play At Home - \u0110\u1ed3 Ch\u01a1i Th\u1ee7 C\u00f4ng\",\"description\":\"Handmade &amp; Heartmade Toys For Kids\",\"publisher\":{\"@id\":\"https:\/\/playathome.shop\/#organization\"},\"potentialAction\":[{\"@type\":\"SearchAction\",\"target\":{\"@type\":\"EntryPoint\",\"urlTemplate\":\"https:\/\/playathome.shop\/?s={search_term_string}\"},\"query-input\":{\"@type\":\"PropertyValueSpecification\",\"valueRequired\":true,\"valueName\":\"search_term_string\"}}],\"inLanguage\":\"en-US\"},{\"@type\":\"Organization\",\"@id\":\"https:\/\/playathome.shop\/#organization\",\"name\":\"Play At Home - \u0110\u1ed3 Ch\u01a1i Th\u1ee7 C\u00f4ng\",\"url\":\"https:\/\/playathome.shop\/\",\"logo\":{\"@type\":\"ImageObject\",\"inLanguage\":\"en-US\",\"@id\":\"https:\/\/playathome.shop\/#\/schema\/logo\/image\/\",\"url\":\"https:\/\/playathome.shop\/wp-content\/uploads\/2023\/05\/image.jpg\",\"contentUrl\":\"https:\/\/playathome.shop\/wp-content\/uploads\/2023\/05\/image.jpg\",\"width\":640,\"height\":640,\"caption\":\"Play At Home - \u0110\u1ed3 Ch\u01a1i Th\u1ee7 C\u00f4ng\"},\"image\":{\"@id\":\"https:\/\/playathome.shop\/#\/schema\/logo\/image\/\"},\"sameAs\":[\"https:\/\/www.facebook.com\/PlayAtHome.ONhaVanVui\",\"https:\/\/instagram.com\/playathome.onhavanvui\"]}]}<\/script>\n<!-- \/ Yoast SEO plugin. -->","yoast_head_json":{"title":"[KIT DIY] May M\u00e8o B\u00f4ng SNOW - Play At Home - \u0110\u1ed3 Ch\u01a1i Th\u1ee7 C\u00f4ng","robots":{"index":"index","follow":"follow","max-snippet":"max-snippet:-1","max-image-preview":"max-image-preview:large","max-video-preview":"max-video-preview:-1"},"canonical":"https:\/\/playathome.shop\/en\/product\/kit-diy-may-thu-bong-meo-snow\/","og_locale":"en_US","og_type":"article","og_title":"[KIT DIY] May M\u00e8o B\u00f4ng SNOW - Play At Home - \u0110\u1ed3 Ch\u01a1i Th\u1ee7 C\u00f4ng","og_description":"1 KIT may M\u00c8O B\u00d4NG SNOW bao g\u1ed3m:   R\u1eadp v\u1ea3i n\u1ec9 H\u00e0n Qu\u1ed1c h\u00ecnh M\u00c8O \u0111\u01b0\u1ee3c \u0111\u1ee5c l\u1ed7 s\u1eb5n  Kim nh\u1ef1a an to\u00e0n  Ch\u1ec9 th\u00eau b\u00f3ng m\u01b0\u1ee3t  B\u00f4ng g\u00f2n nh\u1ed3i h\u00e0ng cao c\u1ea5p","og_url":"https:\/\/playathome.shop\/en\/product\/kit-diy-may-thu-bong-meo-snow\/","og_site_name":"Play At Home - \u0110\u1ed3 Ch\u01a1i Th\u1ee7 C\u00f4ng","article_publisher":"https:\/\/www.facebook.com\/PlayAtHome.ONhaVanVui","article_modified_time":"2023-07-28T11:57:12+00:00","og_image":[{"width":1440,"height":1920,"url":"https:\/\/playathome.shop\/wp-content\/uploads\/2023\/06\/IMG20230702105118-scaled.jpg?v=1694229308","type":"image\/jpeg"}],"twitter_card":"summary_large_image","twitter_misc":{"Est. reading time":"2 minutes"},"schema":{"@context":"https:\/\/schema.org","@graph":[{"@type":"WebPage","@id":"https:\/\/playathome.shop\/san-pham\/kit-diy-may-thu-bong-meo-snow\/","url":"https:\/\/playathome.shop\/san-pham\/kit-diy-may-thu-bong-meo-snow\/","name":"[KIT DIY] May M\u00e8o B\u00f4ng SNOW - Play At Home - \u0110\u1ed3 Ch\u01a1i Th\u1ee7 C\u00f4ng","isPartOf":{"@id":"https:\/\/playathome.shop\/#website"},"primaryImageOfPage":{"@id":"https:\/\/playathome.shop\/san-pham\/kit-diy-may-thu-bong-meo-snow\/#primaryimage"},"image":{"@id":"https:\/\/playathome.shop\/san-pham\/kit-diy-may-thu-bong-meo-snow\/#primaryimage"},"thumbnailUrl":"https:\/\/playathome.shop\/wp-content\/uploads\/2023\/06\/IMG20230702105118-scaled.jpg?v=1694229308","datePublished":"2023-06-09T02:46:32+00:00","dateModified":"2023-07-28T11:57:12+00:00","breadcrumb":{"@id":"https:\/\/playathome.shop\/san-pham\/kit-diy-may-thu-bong-meo-snow\/#breadcrumb"},"inLanguage":"en-US","potentialAction":[{"@type":"ReadAction","target":["https:\/\/playathome.shop\/san-pham\/kit-diy-may-thu-bong-meo-snow\/"]}]},{"@type":"ImageObject","inLanguage":"en-US","@id":"https:\/\/playathome.shop\/san-pham\/kit-diy-may-thu-bong-meo-snow\/#primaryimage","url":"https:\/\/playathome.shop\/wp-content\/uploads\/2023\/06\/IMG20230702105118-scaled.jpg?v=1694229308","contentUrl":"https:\/\/playathome.shop\/wp-content\/uploads\/2023\/06\/IMG20230702105118-scaled.jpg?v=1694229308","width":1440,"height":1920},{"@type":"BreadcrumbList","@id":"https:\/\/playathome.shop\/san-pham\/kit-diy-may-thu-bong-meo-snow\/#breadcrumb","itemListElement":[{"@type":"ListItem","position":1,"name":"Trang ch\u1ee7","item":"https:\/\/playathome.shop\/"},{"@type":"ListItem","position":2,"name":"C\u1eeda h\u00e0ng","item":"https:\/\/playathome.shop\/cua-hang\/"},{"@type":"ListItem","position":3,"name":"[KIT DIY] May M\u00e8o B\u00f4ng SNOW"}]},{"@type":"WebSite","@id":"https:\/\/playathome.shop\/#website","url":"https:\/\/playathome.shop\/","name":"Play At Home - Handmade Toys","description":"Handmade &amp; Heartmade Toys For Kids","publisher":{"@id":"https:\/\/playathome.shop\/#organization"},"potentialAction":[{"@type":"SearchAction","target":{"@type":"EntryPoint","urlTemplate":"https:\/\/playathome.shop\/?s={search_term_string}"},"query-input":{"@type":"PropertyValueSpecification","valueRequired":true,"valueName":"search_term_string"}}],"inLanguage":"en-US"},{"@type":"Organization","@id":"https:\/\/playathome.shop\/#organization","name":"Play At Home - Handmade Toys","url":"https:\/\/playathome.shop\/","logo":{"@type":"ImageObject","inLanguage":"en-US","@id":"https:\/\/playathome.shop\/#\/schema\/logo\/image\/","url":"https:\/\/playathome.shop\/wp-content\/uploads\/2023\/05\/image.jpg","contentUrl":"https:\/\/playathome.shop\/wp-content\/uploads\/2023\/05\/image.jpg","width":640,"height":640,"caption":"Play At Home - \u0110\u1ed3 Ch\u01a1i Th\u1ee7 C\u00f4ng"},"image":{"@id":"https:\/\/playathome.shop\/#\/schema\/logo\/image\/"},"sameAs":["https:\/\/www.facebook.com\/PlayAtHome.ONhaVanVui","https:\/\/instagram.com\/playathome.onhavanvui"]}]}},"jetpack_sharing_enabled":true,"_links":{"self":[{"href":"https:\/\/playathome.shop\/en\/wp-json\/wp\/v2\/product\/1707","targetHints":{"allow":["GET"]}}],"collection":[{"href":"https:\/\/playathome.shop\/en\/wp-json\/wp\/v2\/product"}],"about":[{"href":"https:\/\/playathome.shop\/en\/wp-json\/wp\/v2\/types\/product"}],"replies":[{"embeddable":true,"href":"https:\/\/playathome.shop\/en\/wp-json\/wp\/v2\/comments?post=1707"}],"wp:featuredmedia":[{"embeddable":true,"href":"https:\/\/playathome.shop\/en\/wp-json\/wp\/v2\/media\/1948"}],"wp:attachment":[{"href":"https:\/\/playathome.shop\/en\/wp-json\/wp\/v2\/media?parent=1707"}],"wp:term":[{"taxonomy":"product_brand","embeddable":true,"href":"https:\/\/playathome.shop\/en\/wp-json\/wp\/v2\/product_brand?post=1707"},{"taxonomy":"product_cat","embeddable":true,"href":"https:\/\/playathome.shop\/en\/wp-json\/wp\/v2\/product_cat?post=1707"},{"taxonomy":"product_tag","embeddable":true,"href":"https:\/\/playathome.shop\/en\/wp-json\/wp\/v2\/product_tag?post=1707"}],"curies":[{"name":"wp","href":"https:\/\/api.w.org\/{rel}","templated":true}]}}