{"id":1709,"date":"2023-06-09T10:05:58","date_gmt":"2023-06-09T03:05:58","guid":{"rendered":"https:\/\/playathome.shop\/?post_type=product&#038;p=1709"},"modified":"2023-07-28T18:56:40","modified_gmt":"2023-07-28T11:56:40","slug":"kit-diy-may-thu-bong-ngua-pony-xanh-duong-sky","status":"publish","type":"product","link":"https:\/\/playathome.shop\/en\/product\/kit-diy-may-thu-bong-ngua-pony-xanh-duong-sky\/","title":{"rendered":"[KIT DIY] May Th\u00fa B\u00f4ng NG\u1ef0A SKY (m\u00e0u xanh d\u01b0\u01a1ng)"},"content":{"rendered":"<blockquote><p><a href=\"https:\/\/playathome.shop\/loi-ich-cua-thu-bong-o-tre-nho-va-nguoi-lon-2\/\">M\u1eb7c d\u00f9 th\u00fa b\u00f4ng \u0111\u01b0\u1ee3c xem nh\u01b0 m\u1ed9t m\u00f3n \u0111\u1ed3 ch\u01a1i cho tr\u1ebb em, nh\u01b0ng ch\u00fang c\u0169ng c\u00f3 ch\u1ee9c n\u0103ng nh\u01b0 m\u1ed9t m\u00f3n \u0111\u1ed3 mang t\u00ednh chuy\u1ec3n ti\u1ebfp cho ng\u01b0\u1eddi l\u1edbn. C\u00f9ng v\u1edbi vai tr\u00f2 l\u00e0 m\u1ed9t ngu\u1ed3n an \u1ee7i cho ch\u1ee7 nh\u00e2n c\u1ee7a ch\u00fang, th\u00fa b\u00f4ng c\u00f2n mang l\u1ea1i cho c\u1ea3 tr\u1ebb em l\u1eabn ng\u01b0\u1eddi tr\u01b0\u1edfng th\u00e0nh nh\u1eefng l\u1ee3i \u00edch v\u1ec1 tinh th\u1ea7n v\u00e0 th\u1ec3 ch\u1ea5t kh\u00e1c.<\/a><\/p><\/blockquote>\n<p><strong>SKY<\/strong> (ngh\u0129a l\u00e0 B\u1ea7u tr\u1eddi) l\u00e0 m\u1ed9t c\u00f4 n\u00e0ng pony t\u00ednh t\u00ecnh l\u1ea1c quan, y\u00eau \u0111\u1eddi v\u00e0 th\u00edch gi\u00fap \u0111\u1ee1 ng\u01b0\u1eddi kh\u00e1c, c\u0169ng r\u1ed9ng l\u1edbn nh\u01b0 c\u00e1i t\u00ean c\u1ee7a c\u00f4 v\u1eady. C\u00f4 n\u00e0ng <strong>SKY<\/strong> th\u00edch ch\u1ea1y ch\u01a1i n\u01a1i b\u00e3i bi\u1ec3n xanh m\u00e1t, n\u01a1i b\u1ea7u tr\u1eddi v\u00e0 m\u1eb7t bi\u1ec3n giao ho\u00e0 l\u00e0m m\u1ed9t, t\u1ea1o n\u00ean m\u00e0u xanh th\u0103m th\u1eb3m nh\u01b0 m\u00e0u t\u00f3c c\u1ee7a c\u00f4 n\u00e0ng v\u1eady.<\/p>\n<p>C\u00f4 n\u00e0ng <strong>SKY<\/strong> c\u00f9ng v\u1edbi hai b\u1ea1n c\u1ee7a m\u00ecnh l\u00e0 <a href=\"https:\/\/playathome.shop\/san-pham\/kit-diy-may-thu-bong-ngua-pony-cherry-mau-do\/\">CHERRY<\/a> v\u00e0<a href=\"https:\/\/playathome.shop\/san-pham\/kit-diy-may-thu-bong-ngua-pony-clover-mau-xanh-la\/\"> CLOVER<\/a> th\u00edch k\u1ebft b\u1ea1n, v\u00e0 mong ch\u1edd \u0111\u01b0\u1ee3c v\u1ec1 v\u1edbi c\u00e1c b\u00e9 l\u1eafm \u0111\u00f3!<\/p>\n<p>Mua tr\u1ecdn <a href=\"https:\/\/playathome.shop\/san-pham\/combo-kit-diy-may-thu-bong-ngua-pony-ba-mau\/\">COMBO 3 NG\u1ef0A PONY<\/a> \u0111\u1ec3 \u0111\u01b0\u1ee3c gi\u00e1 \u01b0u \u0111\u00e3i.<\/p>\n<p>1 KIT may th\u00fa b\u00f4ng NG\u1ef0A PONY <strong>SKY<\/strong> bao g\u1ed3m:<\/p>\n<ul>\n<li>R\u1eadp v\u1ea3i n\u1ec9 H\u00e0n Qu\u1ed1c h\u00ecnh NG\u1ef0A PONY <strong>SKY<\/strong> b\u1eddm xanh d\u01b0\u01a1ng \u0111\u01b0\u1ee3c \u0111\u1ee5c l\u1ed7 s\u1eb5n<\/li>\n<li>Kim nh\u1ef1a an to\u00e0n<\/li>\n<li>Ch\u1ec9 th\u00eau b\u00f3ng m\u01b0\u1ee3t<\/li>\n<li>B\u00f4ng g\u00f2n nh\u1ed3i h\u00e0ng cao c\u1ea5p<\/li>\n<\/ul>\n<div data-sliderid=\"20981\" id=\"penci-post-gallery__20981\" class=\"penci-post-gallery-container masonry grid column-2\" data-height=\"150\" data-margin=\"3\"><div class=\"inner-gallery-masonry-container\"><div class=\"item-gallery-masonry grid\"><a class=\"penci-gallery-ite item-link-relative\" href=\"https:\/\/playathome.shop\/wp-content\/uploads\/2023\/06\/File_0031-e1689486580470.png?v=1694229291\"><div class=\"inner-item-masonry-gallery\"><span class=\"penci-isotope-padding\" style=\"padding-bottom:66.66666667%;\"><\/span><img decoding=\"async\" src=\"https:\/\/playathome.shop\/wp-content\/uploads\/2023\/06\/File_0031-e1689486580470-585x390.png?v=1694229291\" alt=\"\" title=\"File_003(1)\"><\/div><\/a><\/div><div class=\"item-gallery-masonry grid\"><a class=\"penci-gallery-ite item-link-relative\" href=\"https:\/\/playathome.shop\/wp-content\/uploads\/2023\/07\/File_0001-e1689495640370.png?v=1694229283\"><div class=\"inner-item-masonry-gallery\"><span class=\"penci-isotope-padding\" style=\"padding-bottom:66.66666667%;\"><\/span><img decoding=\"async\" src=\"https:\/\/playathome.shop\/wp-content\/uploads\/2023\/07\/File_0001-e1689495640370-585x390.png?v=1694229283\" alt=\"\" title=\"File_000(1)\"><\/div><\/a><\/div><\/div><\/div>\n<p>Vi\u1ec7c may v\u00e1 \u0111\u00f2i h\u1ecfi l\u00f2ng ki\u00ean nh\u1eabn v\u00e0 t\u1ec9 m\u1ec9, \u0111i\u1ec1u \u0111ang b\u1ecb l\u00e3ng qu\u00ean trong x\u00e3 h\u1ed9i c\u00f4ng ngh\u1ec7 t\u1ed1c \u0111\u1ed9 cao hi\u1ec7n nay. Tr\u1ebb t\u1ef1 t\u1ea1o ra \u0111\u1ed3 ch\u01a1i cho m\u00ecnh th\u00ec s\u1ebd n\u00e2ng niu, tr\u00e2n qu\u00fd m\u00f3n \u0111\u1ed3 \u1ea5y h\u01a1n, v\u00e0 t\u1eeb \u0111\u00f3 h\u00ecnh th\u00e0nh s\u1edf th\u00edch l\u00e0m th\u1ee7 c\u00f4ng, y\u00eau lao \u0111\u1ed9ng.<\/p>\n<p><iframe title=\"[PLAY AT HOME - \u0110\u1ed2 CH\u01a0I TH\u1ee6 C\u00d4NG] PONY PLUSHIE TUTORIAL - MAY TH\u00da B\u00d4NG PONY HOPE\" width=\"1170\" height=\"658\" src=\"https:\/\/www.youtube.com\/embed\/GKHujrgnvUs?feature=oembed\" frameborder=\"0\" allow=\"accelerometer; autoplay; clipboard-write; encrypted-media; gyroscope; picture-in-picture; web-share\" allowfullscreen><\/iframe><\/p>\n<p>Th\u00fa b\u00f4ng c\u1ee7a th\u01b0\u01a1ng hi\u1ec7u Play at Home v\u1edbi thi\u1ebft k\u1ebf uy\u1ec3n chuy\u1ec3n, mang t\u00ednh ngh\u1ec7 thu\u1eadt, c\u00f9ng v\u1edbi ch\u1ea5t li\u1ec7u n\u1ec9 H\u00e0n Qu\u1ed1c m\u00e0u s\u1eafc t\u01b0\u01a1i s\u00e1ng, c\u1ea3m nh\u1eadn \u00eam \u00e1i, s\u1ebd \u0111em l\u1ea1i cho b\u00e9 m\u1ed9t ng\u01b0\u1eddi b\u1ea1n \u0111\u1ed3ng h\u00e0nh nh\u1ecf \u0111\u00e1ng y\u00eau v\u00e0 \u1ea5m \u00e1p.<\/p>\n","protected":false},"excerpt":{"rendered":"<p>DIY Sewing Kit PONY <strong>SKY<\/strong> include:<\/p>\n<ul>\n<li>Pre-cut green-maned pony <strong>SKY<\/strong> Green mane is pre-punched<\/li>\n<li>plastic needles<\/li>\n<li>embroidery floss<\/li>\n<li>high-quality polyester fiberfill<\/li>\n<\/ul>","protected":false},"featured_media":1953,"comment_status":"open","ping_status":"closed","template":"","meta":{"_lmt_disableupdate":"","_lmt_disable":""},"product_brand":[],"product_cat":[47,53,60],"product_tag":[45,58,46,69,68,35,102,56,101],"class_list":{"0":"post-1709","1":"product","2":"type-product","3":"status-publish","4":"has-post-thumbnail","6":"product_cat-do-choi","7":"product_cat-kit-diy","8":"product_cat-thu-bong","9":"product_tag-diy","10":"product_tag-kit-may","11":"product_tag-may","12":"product_tag-ngua","13":"product_tag-pony","14":"product_tag-shop","15":"product_tag-sky","16":"product_tag-thu-bong","17":"product_tag-xanh-duong","19":"first","20":"instock","21":"taxable","22":"shipping-taxable","23":"purchasable","24":"product-type-simple"},"yoast_head":"<!-- This site is optimized with the Yoast SEO plugin v27.1.1 - https:\/\/yoast.com\/product\/yoast-seo-wordpress\/ -->\n<title>[KIT DIY] May Th\u00fa B\u00f4ng NG\u1ef0A SKY (m\u00e0u xanh d\u01b0\u01a1ng) - Play At Home - \u0110\u1ed3 Ch\u01a1i Th\u1ee7 C\u00f4ng<\/title>\n<meta name=\"robots\" content=\"index, follow, max-snippet:-1, max-image-preview:large, max-video-preview:-1\" \/>\n<link rel=\"canonical\" href=\"https:\/\/playathome.shop\/en\/product\/kit-diy-may-thu-bong-ngua-pony-xanh-duong-sky\/\" \/>\n<meta property=\"og:locale\" content=\"en_US\" \/>\n<meta property=\"og:type\" content=\"article\" \/>\n<meta property=\"og:title\" content=\"[KIT DIY] May Th\u00fa B\u00f4ng NG\u1ef0A SKY (m\u00e0u xanh d\u01b0\u01a1ng) - Play At Home - \u0110\u1ed3 Ch\u01a1i Th\u1ee7 C\u00f4ng\" \/>\n<meta property=\"og:description\" content=\"1 KIT may th\u00fa b\u00f4ng NG\u1ef0A PONY SKY bao g\u1ed3m:   R\u1eadp v\u1ea3i n\u1ec9 H\u00e0n Qu\u1ed1c h\u00ecnh NG\u1ef0A PONY SKY b\u1eddm xanh \u0111\u01b0\u1ee3c \u0111\u1ee5c l\u1ed7 s\u1eb5n  Kim nh\u1ef1a an to\u00e0n  Ch\u1ec9 th\u00eau b\u00f3ng m\u01b0\u1ee3t  B\u00f4ng g\u00f2n nh\u1ed3i h\u00e0ng cao c\u1ea5p\" \/>\n<meta property=\"og:url\" content=\"https:\/\/playathome.shop\/en\/product\/kit-diy-may-thu-bong-ngua-pony-xanh-duong-sky\/\" \/>\n<meta property=\"og:site_name\" content=\"Play At Home - \u0110\u1ed3 Ch\u01a1i Th\u1ee7 C\u00f4ng\" \/>\n<meta property=\"article:publisher\" content=\"https:\/\/www.facebook.com\/PlayAtHome.ONhaVanVui\" \/>\n<meta property=\"article:modified_time\" content=\"2023-07-28T11:56:40+00:00\" \/>\n<meta property=\"og:image\" content=\"https:\/\/playathome.shop\/wp-content\/uploads\/2023\/06\/IMG20230702105649-scaled.jpg?v=1694229315\" \/>\n\t<meta property=\"og:image:width\" content=\"1440\" \/>\n\t<meta property=\"og:image:height\" content=\"1920\" \/>\n\t<meta property=\"og:image:type\" content=\"image\/jpeg\" \/>\n<meta name=\"twitter:card\" content=\"summary_large_image\" \/>\n<meta name=\"twitter:label1\" content=\"Est. reading time\" \/>\n\t<meta name=\"twitter:data1\" content=\"2 minutes\" \/>\n<script type=\"application\/ld+json\" class=\"yoast-schema-graph\">{\"@context\":\"https:\/\/schema.org\",\"@graph\":[{\"@type\":\"WebPage\",\"@id\":\"https:\/\/playathome.shop\/san-pham\/kit-diy-may-thu-bong-ngua-pony-xanh-duong-sky\/\",\"url\":\"https:\/\/playathome.shop\/san-pham\/kit-diy-may-thu-bong-ngua-pony-xanh-duong-sky\/\",\"name\":\"[KIT DIY] May Th\u00fa B\u00f4ng NG\u1ef0A SKY (m\u00e0u xanh d\u01b0\u01a1ng) - Play At Home - \u0110\u1ed3 Ch\u01a1i Th\u1ee7 C\u00f4ng\",\"isPartOf\":{\"@id\":\"https:\/\/playathome.shop\/#website\"},\"primaryImageOfPage\":{\"@id\":\"https:\/\/playathome.shop\/san-pham\/kit-diy-may-thu-bong-ngua-pony-xanh-duong-sky\/#primaryimage\"},\"image\":{\"@id\":\"https:\/\/playathome.shop\/san-pham\/kit-diy-may-thu-bong-ngua-pony-xanh-duong-sky\/#primaryimage\"},\"thumbnailUrl\":\"https:\/\/playathome.shop\/wp-content\/uploads\/2023\/06\/IMG20230702105649-scaled.jpg?v=1694229315\",\"datePublished\":\"2023-06-09T03:05:58+00:00\",\"dateModified\":\"2023-07-28T11:56:40+00:00\",\"breadcrumb\":{\"@id\":\"https:\/\/playathome.shop\/san-pham\/kit-diy-may-thu-bong-ngua-pony-xanh-duong-sky\/#breadcrumb\"},\"inLanguage\":\"en-US\",\"potentialAction\":[{\"@type\":\"ReadAction\",\"target\":[\"https:\/\/playathome.shop\/san-pham\/kit-diy-may-thu-bong-ngua-pony-xanh-duong-sky\/\"]}]},{\"@type\":\"ImageObject\",\"inLanguage\":\"en-US\",\"@id\":\"https:\/\/playathome.shop\/san-pham\/kit-diy-may-thu-bong-ngua-pony-xanh-duong-sky\/#primaryimage\",\"url\":\"https:\/\/playathome.shop\/wp-content\/uploads\/2023\/06\/IMG20230702105649-scaled.jpg?v=1694229315\",\"contentUrl\":\"https:\/\/playathome.shop\/wp-content\/uploads\/2023\/06\/IMG20230702105649-scaled.jpg?v=1694229315\",\"width\":1440,\"height\":1920},{\"@type\":\"BreadcrumbList\",\"@id\":\"https:\/\/playathome.shop\/san-pham\/kit-diy-may-thu-bong-ngua-pony-xanh-duong-sky\/#breadcrumb\",\"itemListElement\":[{\"@type\":\"ListItem\",\"position\":1,\"name\":\"Trang ch\u1ee7\",\"item\":\"https:\/\/playathome.shop\/\"},{\"@type\":\"ListItem\",\"position\":2,\"name\":\"C\u1eeda h\u00e0ng\",\"item\":\"https:\/\/playathome.shop\/cua-hang\/\"},{\"@type\":\"ListItem\",\"position\":3,\"name\":\"[KIT DIY] May Th\u00fa B\u00f4ng NG\u1ef0A SKY (m\u00e0u xanh d\u01b0\u01a1ng)\"}]},{\"@type\":\"WebSite\",\"@id\":\"https:\/\/playathome.shop\/#website\",\"url\":\"https:\/\/playathome.shop\/\",\"name\":\"Play At Home - \u0110\u1ed3 Ch\u01a1i Th\u1ee7 C\u00f4ng\",\"description\":\"Handmade &amp; Heartmade Toys For Kids\",\"publisher\":{\"@id\":\"https:\/\/playathome.shop\/#organization\"},\"potentialAction\":[{\"@type\":\"SearchAction\",\"target\":{\"@type\":\"EntryPoint\",\"urlTemplate\":\"https:\/\/playathome.shop\/?s={search_term_string}\"},\"query-input\":{\"@type\":\"PropertyValueSpecification\",\"valueRequired\":true,\"valueName\":\"search_term_string\"}}],\"inLanguage\":\"en-US\"},{\"@type\":\"Organization\",\"@id\":\"https:\/\/playathome.shop\/#organization\",\"name\":\"Play At Home - \u0110\u1ed3 Ch\u01a1i Th\u1ee7 C\u00f4ng\",\"url\":\"https:\/\/playathome.shop\/\",\"logo\":{\"@type\":\"ImageObject\",\"inLanguage\":\"en-US\",\"@id\":\"https:\/\/playathome.shop\/#\/schema\/logo\/image\/\",\"url\":\"https:\/\/playathome.shop\/wp-content\/uploads\/2023\/05\/image.jpg\",\"contentUrl\":\"https:\/\/playathome.shop\/wp-content\/uploads\/2023\/05\/image.jpg\",\"width\":640,\"height\":640,\"caption\":\"Play At Home - \u0110\u1ed3 Ch\u01a1i Th\u1ee7 C\u00f4ng\"},\"image\":{\"@id\":\"https:\/\/playathome.shop\/#\/schema\/logo\/image\/\"},\"sameAs\":[\"https:\/\/www.facebook.com\/PlayAtHome.ONhaVanVui\",\"https:\/\/instagram.com\/playathome.onhavanvui\"]}]}<\/script>\n<!-- \/ Yoast SEO plugin. -->","yoast_head_json":{"title":"[KIT DIY] May Th\u00fa B\u00f4ng NG\u1ef0A SKY (m\u00e0u xanh d\u01b0\u01a1ng) - Play At Home - \u0110\u1ed3 Ch\u01a1i Th\u1ee7 C\u00f4ng","robots":{"index":"index","follow":"follow","max-snippet":"max-snippet:-1","max-image-preview":"max-image-preview:large","max-video-preview":"max-video-preview:-1"},"canonical":"https:\/\/playathome.shop\/en\/product\/kit-diy-may-thu-bong-ngua-pony-xanh-duong-sky\/","og_locale":"en_US","og_type":"article","og_title":"[KIT DIY] May Th\u00fa B\u00f4ng NG\u1ef0A SKY (m\u00e0u xanh d\u01b0\u01a1ng) - Play At Home - \u0110\u1ed3 Ch\u01a1i Th\u1ee7 C\u00f4ng","og_description":"1 KIT may th\u00fa b\u00f4ng NG\u1ef0A PONY SKY bao g\u1ed3m:   R\u1eadp v\u1ea3i n\u1ec9 H\u00e0n Qu\u1ed1c h\u00ecnh NG\u1ef0A PONY SKY b\u1eddm xanh \u0111\u01b0\u1ee3c \u0111\u1ee5c l\u1ed7 s\u1eb5n  Kim nh\u1ef1a an to\u00e0n  Ch\u1ec9 th\u00eau b\u00f3ng m\u01b0\u1ee3t  B\u00f4ng g\u00f2n nh\u1ed3i h\u00e0ng cao c\u1ea5p","og_url":"https:\/\/playathome.shop\/en\/product\/kit-diy-may-thu-bong-ngua-pony-xanh-duong-sky\/","og_site_name":"Play At Home - \u0110\u1ed3 Ch\u01a1i Th\u1ee7 C\u00f4ng","article_publisher":"https:\/\/www.facebook.com\/PlayAtHome.ONhaVanVui","article_modified_time":"2023-07-28T11:56:40+00:00","og_image":[{"width":1440,"height":1920,"url":"https:\/\/playathome.shop\/wp-content\/uploads\/2023\/06\/IMG20230702105649-scaled.jpg?v=1694229315","type":"image\/jpeg"}],"twitter_card":"summary_large_image","twitter_misc":{"Est. reading time":"2 minutes"},"schema":{"@context":"https:\/\/schema.org","@graph":[{"@type":"WebPage","@id":"https:\/\/playathome.shop\/san-pham\/kit-diy-may-thu-bong-ngua-pony-xanh-duong-sky\/","url":"https:\/\/playathome.shop\/san-pham\/kit-diy-may-thu-bong-ngua-pony-xanh-duong-sky\/","name":"[KIT DIY] May Th\u00fa B\u00f4ng NG\u1ef0A SKY (m\u00e0u xanh d\u01b0\u01a1ng) - Play At Home - \u0110\u1ed3 Ch\u01a1i Th\u1ee7 C\u00f4ng","isPartOf":{"@id":"https:\/\/playathome.shop\/#website"},"primaryImageOfPage":{"@id":"https:\/\/playathome.shop\/san-pham\/kit-diy-may-thu-bong-ngua-pony-xanh-duong-sky\/#primaryimage"},"image":{"@id":"https:\/\/playathome.shop\/san-pham\/kit-diy-may-thu-bong-ngua-pony-xanh-duong-sky\/#primaryimage"},"thumbnailUrl":"https:\/\/playathome.shop\/wp-content\/uploads\/2023\/06\/IMG20230702105649-scaled.jpg?v=1694229315","datePublished":"2023-06-09T03:05:58+00:00","dateModified":"2023-07-28T11:56:40+00:00","breadcrumb":{"@id":"https:\/\/playathome.shop\/san-pham\/kit-diy-may-thu-bong-ngua-pony-xanh-duong-sky\/#breadcrumb"},"inLanguage":"en-US","potentialAction":[{"@type":"ReadAction","target":["https:\/\/playathome.shop\/san-pham\/kit-diy-may-thu-bong-ngua-pony-xanh-duong-sky\/"]}]},{"@type":"ImageObject","inLanguage":"en-US","@id":"https:\/\/playathome.shop\/san-pham\/kit-diy-may-thu-bong-ngua-pony-xanh-duong-sky\/#primaryimage","url":"https:\/\/playathome.shop\/wp-content\/uploads\/2023\/06\/IMG20230702105649-scaled.jpg?v=1694229315","contentUrl":"https:\/\/playathome.shop\/wp-content\/uploads\/2023\/06\/IMG20230702105649-scaled.jpg?v=1694229315","width":1440,"height":1920},{"@type":"BreadcrumbList","@id":"https:\/\/playathome.shop\/san-pham\/kit-diy-may-thu-bong-ngua-pony-xanh-duong-sky\/#breadcrumb","itemListElement":[{"@type":"ListItem","position":1,"name":"Trang ch\u1ee7","item":"https:\/\/playathome.shop\/"},{"@type":"ListItem","position":2,"name":"C\u1eeda h\u00e0ng","item":"https:\/\/playathome.shop\/cua-hang\/"},{"@type":"ListItem","position":3,"name":"[KIT DIY] May Th\u00fa B\u00f4ng NG\u1ef0A SKY (m\u00e0u xanh d\u01b0\u01a1ng)"}]},{"@type":"WebSite","@id":"https:\/\/playathome.shop\/#website","url":"https:\/\/playathome.shop\/","name":"Play At Home - Handmade Toys","description":"Handmade &amp; Heartmade Toys For Kids","publisher":{"@id":"https:\/\/playathome.shop\/#organization"},"potentialAction":[{"@type":"SearchAction","target":{"@type":"EntryPoint","urlTemplate":"https:\/\/playathome.shop\/?s={search_term_string}"},"query-input":{"@type":"PropertyValueSpecification","valueRequired":true,"valueName":"search_term_string"}}],"inLanguage":"en-US"},{"@type":"Organization","@id":"https:\/\/playathome.shop\/#organization","name":"Play At Home - Handmade Toys","url":"https:\/\/playathome.shop\/","logo":{"@type":"ImageObject","inLanguage":"en-US","@id":"https:\/\/playathome.shop\/#\/schema\/logo\/image\/","url":"https:\/\/playathome.shop\/wp-content\/uploads\/2023\/05\/image.jpg","contentUrl":"https:\/\/playathome.shop\/wp-content\/uploads\/2023\/05\/image.jpg","width":640,"height":640,"caption":"Play At Home - \u0110\u1ed3 Ch\u01a1i Th\u1ee7 C\u00f4ng"},"image":{"@id":"https:\/\/playathome.shop\/#\/schema\/logo\/image\/"},"sameAs":["https:\/\/www.facebook.com\/PlayAtHome.ONhaVanVui","https:\/\/instagram.com\/playathome.onhavanvui"]}]}},"jetpack_sharing_enabled":true,"_links":{"self":[{"href":"https:\/\/playathome.shop\/en\/wp-json\/wp\/v2\/product\/1709","targetHints":{"allow":["GET"]}}],"collection":[{"href":"https:\/\/playathome.shop\/en\/wp-json\/wp\/v2\/product"}],"about":[{"href":"https:\/\/playathome.shop\/en\/wp-json\/wp\/v2\/types\/product"}],"replies":[{"embeddable":true,"href":"https:\/\/playathome.shop\/en\/wp-json\/wp\/v2\/comments?post=1709"}],"wp:featuredmedia":[{"embeddable":true,"href":"https:\/\/playathome.shop\/en\/wp-json\/wp\/v2\/media\/1953"}],"wp:attachment":[{"href":"https:\/\/playathome.shop\/en\/wp-json\/wp\/v2\/media?parent=1709"}],"wp:term":[{"taxonomy":"product_brand","embeddable":true,"href":"https:\/\/playathome.shop\/en\/wp-json\/wp\/v2\/product_brand?post=1709"},{"taxonomy":"product_cat","embeddable":true,"href":"https:\/\/playathome.shop\/en\/wp-json\/wp\/v2\/product_cat?post=1709"},{"taxonomy":"product_tag","embeddable":true,"href":"https:\/\/playathome.shop\/en\/wp-json\/wp\/v2\/product_tag?post=1709"}],"curies":[{"name":"wp","href":"https:\/\/api.w.org\/{rel}","templated":true}]}}