{"id":1719,"date":"2023-06-09T11:54:34","date_gmt":"2023-06-09T04:54:34","guid":{"rendered":"https:\/\/playathome.shop\/?post_type=product&#038;p=1719"},"modified":"2023-07-28T19:04:19","modified_gmt":"2023-07-28T12:04:19","slug":"kit-diy-may-thu-bong-ngua-pony-clover-mau-xanh-la","status":"publish","type":"product","link":"https:\/\/playathome.shop\/en\/product\/kit-diy-may-thu-bong-ngua-pony-clover-mau-xanh-la\/","title":{"rendered":"[KIT DIY] May Th\u00fa B\u00f4ng NG\u1ef0A PONY CLOVER (m\u00e0u xanh l\u00e1)"},"content":{"rendered":"<blockquote><p><a href=\"https:\/\/playathome.shop\/en\/loi-ich-cua-thu-bong-o-tre-nho-va-nguoi-lon-2\/\">Although stuffed animals are seen as children\u2019s toys, they can also serve as transitional objects for adults. Along with being a source of comfort, stuffed animals can also provide other mental and physical benefits for the children and adults who own them.<\/a><\/p><\/blockquote>\n<p><strong>CLOVER<\/strong> is a gentle, level-headed pony who enjoys contemplating everything she does. She is easy-going and loves taking care of everyone around her. With <strong>CLOVER<\/strong> by your side, you don't have to be worried or upset about anything.<\/p>\n<p>Little <strong>CLOVER<\/strong> , along with her 2 friends, <a href=\"https:\/\/playathome.shop\/en\/product\/kit-diy-may-thu-bong-ngua-pony-xanh-duong\/\">SKY<\/a> and <a href=\"https:\/\/playathome.shop\/en\/product\/kit-diy-may-thu-bong-ngua-pony-cherry-mau-do\/\">CHERY<\/a> would love to make new friends, and can't wait to go home with you!<\/p>\n<p>Shop all <a href=\"https:\/\/playathome.shop\/en\/product\/combo-kit-diy-may-thu-bong-ngua-pony-ba-mau\/\">SET of 3 ponies<\/a> to get discount.<\/p>\n<p>DIY Sewing Kit PONY <strong>CLOVER<\/strong> include:<\/p>\n<ul>\n<li>Pre-cut green-maned pony <strong>CLOVER<\/strong> felt shapes with pre-punched holes<\/li>\n<li>plastic needles<\/li>\n<li>embroidery floss<\/li>\n<li>high-quality polyester fiberfill<\/li>\n<\/ul>\n<div data-sliderid=\"18981\" id=\"penci-post-gallery__18981\" class=\"penci-post-gallery-container masonry grid column-2\" data-height=\"150\" data-margin=\"3\"><div class=\"inner-gallery-masonry-container\"><div class=\"item-gallery-masonry grid\"><a class=\"penci-gallery-ite item-link-relative\" href=\"https:\/\/playathome.shop\/wp-content\/uploads\/2023\/06\/File_003.png?v=1694229299\"><div class=\"inner-item-masonry-gallery\"><span class=\"penci-isotope-padding\" style=\"padding-bottom:66.66666667%;\"><\/span><img decoding=\"async\" src=\"https:\/\/playathome.shop\/wp-content\/uploads\/2023\/06\/File_003-585x390.png?v=1694229299\" alt=\"\" title=\"File_003\"><\/div><\/a><\/div><div class=\"item-gallery-masonry grid\"><a class=\"penci-gallery-ite item-link-relative\" href=\"https:\/\/playathome.shop\/wp-content\/uploads\/2023\/06\/IMG20230702110712-scaled-e1689494615905.jpg?v=1694229292\"><div class=\"inner-item-masonry-gallery\"><span class=\"penci-isotope-padding\" style=\"padding-bottom:66.66666667%;\"><\/span><img decoding=\"async\" src=\"https:\/\/playathome.shop\/wp-content\/uploads\/2023\/06\/IMG20230702110712-scaled-e1689494615905-585x390.jpg?v=1694229292\" alt=\"\" title=\"IMG20230702110712\"><\/div><\/a><\/div><\/div><\/div>\n<p>Sewing requires patience and diligence, which are increasingly underestimated in the modern time. Children, if allowed to craft an item, will learn to appreciate it more, and from that, establish in them a love for arts, crafts and labor.<\/p>\n<p>Children learn through imitation, so adults probably have to sit with them for a while to provide aid when necessary. Once the project is finished, we can guarantee a mixed feeling of joy and pride.<\/p>\n<p>Our plushies designs are artistic and curvy, made from light-colored Korean felt which is soft to the touch. They will be your child's loveliest little companion.<\/p>","protected":false},"excerpt":{"rendered":"<p>DIY Sewing Kit PONY <strong>CLOVER<\/strong> include:<\/p>\n<ul>\n<li>Pre-cut green-maned pony felt shapes with pre-punched holes<\/li>\n<li>plastic needles<\/li>\n<li>embroidery floss<\/li>\n<li>high-quality polyester fiberfill<\/li>\n<\/ul>","protected":false},"featured_media":1939,"comment_status":"open","ping_status":"closed","template":"","meta":{"_lmt_disableupdate":"","_lmt_disable":""},"product_brand":[],"product_cat":[47,53,60],"product_tag":[45,58,46,69,68,35,56],"class_list":{"0":"post-1719","1":"product","2":"type-product","3":"status-publish","4":"has-post-thumbnail","6":"product_cat-do-choi","7":"product_cat-kit-diy","8":"product_cat-thu-bong","9":"product_tag-diy","10":"product_tag-kit-may","11":"product_tag-may","12":"product_tag-ngua","13":"product_tag-pony","14":"product_tag-shop","15":"product_tag-thu-bong","17":"first","18":"instock","19":"taxable","20":"shipping-taxable","21":"purchasable","22":"product-type-simple"},"yoast_head":"<!-- This site is optimized with the Yoast SEO plugin v27.1.1 - https:\/\/yoast.com\/product\/yoast-seo-wordpress\/ -->\n<title>[KIT DIY] May Th\u00fa B\u00f4ng NG\u1ef0A PONY CLOVER (m\u00e0u xanh l\u00e1) - Play At Home - \u0110\u1ed3 Ch\u01a1i Th\u1ee7 C\u00f4ng<\/title>\n<meta name=\"robots\" content=\"index, follow, max-snippet:-1, max-image-preview:large, max-video-preview:-1\" \/>\n<link rel=\"canonical\" href=\"https:\/\/playathome.shop\/en\/product\/kit-diy-may-thu-bong-ngua-pony-clover-mau-xanh-la\/\" \/>\n<meta property=\"og:locale\" content=\"en_US\" \/>\n<meta property=\"og:type\" content=\"article\" \/>\n<meta property=\"og:title\" content=\"[KIT DIY] May Th\u00fa B\u00f4ng NG\u1ef0A PONY CLOVER (m\u00e0u xanh l\u00e1) - Play At Home - \u0110\u1ed3 Ch\u01a1i Th\u1ee7 C\u00f4ng\" \/>\n<meta property=\"og:description\" content=\"1 KIT may th\u00fa b\u00f4ng NG\u1ef0A PONY CLOVER bao g\u1ed3m:   R\u1eadp v\u1ea3i n\u1ec9 H\u00e0n Qu\u1ed1c h\u00ecnh NG\u1ef0A PONY b\u1eddm xanh l\u00e1 \u0111\u01b0\u1ee3c \u0111\u1ee5c l\u1ed7 s\u1eb5n  Kim nh\u1ef1a an to\u00e0n  Ch\u1ec9 th\u00eau b\u00f3ng m\u01b0\u1ee3t  B\u00f4ng g\u00f2n nh\u1ed3i h\u00e0ng cao c\u1ea5p\" \/>\n<meta property=\"og:url\" content=\"https:\/\/playathome.shop\/en\/product\/kit-diy-may-thu-bong-ngua-pony-clover-mau-xanh-la\/\" \/>\n<meta property=\"og:site_name\" content=\"Play At Home - \u0110\u1ed3 Ch\u01a1i Th\u1ee7 C\u00f4ng\" \/>\n<meta property=\"article:publisher\" content=\"https:\/\/www.facebook.com\/PlayAtHome.ONhaVanVui\" \/>\n<meta property=\"article:modified_time\" content=\"2023-07-28T12:04:19+00:00\" \/>\n<meta property=\"og:image\" content=\"https:\/\/playathome.shop\/wp-content\/uploads\/2023\/06\/IMG20230702110712-scaled-e1689494615905.jpg?v=1694229292\" \/>\n\t<meta property=\"og:image:width\" content=\"1440\" \/>\n\t<meta property=\"og:image:height\" content=\"1920\" \/>\n\t<meta property=\"og:image:type\" content=\"image\/jpeg\" \/>\n<meta name=\"twitter:card\" content=\"summary_large_image\" \/>\n<meta name=\"twitter:label1\" content=\"Est. reading time\" \/>\n\t<meta name=\"twitter:data1\" content=\"2 minutes\" \/>\n<script type=\"application\/ld+json\" class=\"yoast-schema-graph\">{\"@context\":\"https:\/\/schema.org\",\"@graph\":[{\"@type\":\"WebPage\",\"@id\":\"https:\/\/playathome.shop\/san-pham\/kit-diy-may-thu-bong-ngua-pony-clover-mau-xanh-la\/\",\"url\":\"https:\/\/playathome.shop\/san-pham\/kit-diy-may-thu-bong-ngua-pony-clover-mau-xanh-la\/\",\"name\":\"[KIT DIY] May Th\u00fa B\u00f4ng NG\u1ef0A PONY CLOVER (m\u00e0u xanh l\u00e1) - Play At Home - \u0110\u1ed3 Ch\u01a1i Th\u1ee7 C\u00f4ng\",\"isPartOf\":{\"@id\":\"https:\/\/playathome.shop\/#website\"},\"primaryImageOfPage\":{\"@id\":\"https:\/\/playathome.shop\/san-pham\/kit-diy-may-thu-bong-ngua-pony-clover-mau-xanh-la\/#primaryimage\"},\"image\":{\"@id\":\"https:\/\/playathome.shop\/san-pham\/kit-diy-may-thu-bong-ngua-pony-clover-mau-xanh-la\/#primaryimage\"},\"thumbnailUrl\":\"https:\/\/playathome.shop\/wp-content\/uploads\/2023\/06\/IMG20230702110712-scaled-e1689494615905.jpg?v=1694229292\",\"datePublished\":\"2023-06-09T04:54:34+00:00\",\"dateModified\":\"2023-07-28T12:04:19+00:00\",\"breadcrumb\":{\"@id\":\"https:\/\/playathome.shop\/san-pham\/kit-diy-may-thu-bong-ngua-pony-clover-mau-xanh-la\/#breadcrumb\"},\"inLanguage\":\"en-US\",\"potentialAction\":[{\"@type\":\"ReadAction\",\"target\":[\"https:\/\/playathome.shop\/san-pham\/kit-diy-may-thu-bong-ngua-pony-clover-mau-xanh-la\/\"]}]},{\"@type\":\"ImageObject\",\"inLanguage\":\"en-US\",\"@id\":\"https:\/\/playathome.shop\/san-pham\/kit-diy-may-thu-bong-ngua-pony-clover-mau-xanh-la\/#primaryimage\",\"url\":\"https:\/\/playathome.shop\/wp-content\/uploads\/2023\/06\/IMG20230702110712-scaled-e1689494615905.jpg?v=1694229292\",\"contentUrl\":\"https:\/\/playathome.shop\/wp-content\/uploads\/2023\/06\/IMG20230702110712-scaled-e1689494615905.jpg?v=1694229292\",\"width\":1440,\"height\":1920},{\"@type\":\"BreadcrumbList\",\"@id\":\"https:\/\/playathome.shop\/san-pham\/kit-diy-may-thu-bong-ngua-pony-clover-mau-xanh-la\/#breadcrumb\",\"itemListElement\":[{\"@type\":\"ListItem\",\"position\":1,\"name\":\"Trang ch\u1ee7\",\"item\":\"https:\/\/playathome.shop\/\"},{\"@type\":\"ListItem\",\"position\":2,\"name\":\"C\u1eeda h\u00e0ng\",\"item\":\"https:\/\/playathome.shop\/cua-hang\/\"},{\"@type\":\"ListItem\",\"position\":3,\"name\":\"[KIT DIY] May Th\u00fa B\u00f4ng NG\u1ef0A PONY CLOVER (m\u00e0u xanh l\u00e1)\"}]},{\"@type\":\"WebSite\",\"@id\":\"https:\/\/playathome.shop\/#website\",\"url\":\"https:\/\/playathome.shop\/\",\"name\":\"Play At Home - \u0110\u1ed3 Ch\u01a1i Th\u1ee7 C\u00f4ng\",\"description\":\"Handmade &amp; Heartmade Toys For Kids\",\"publisher\":{\"@id\":\"https:\/\/playathome.shop\/#organization\"},\"potentialAction\":[{\"@type\":\"SearchAction\",\"target\":{\"@type\":\"EntryPoint\",\"urlTemplate\":\"https:\/\/playathome.shop\/?s={search_term_string}\"},\"query-input\":{\"@type\":\"PropertyValueSpecification\",\"valueRequired\":true,\"valueName\":\"search_term_string\"}}],\"inLanguage\":\"en-US\"},{\"@type\":\"Organization\",\"@id\":\"https:\/\/playathome.shop\/#organization\",\"name\":\"Play At Home - \u0110\u1ed3 Ch\u01a1i Th\u1ee7 C\u00f4ng\",\"url\":\"https:\/\/playathome.shop\/\",\"logo\":{\"@type\":\"ImageObject\",\"inLanguage\":\"en-US\",\"@id\":\"https:\/\/playathome.shop\/#\/schema\/logo\/image\/\",\"url\":\"https:\/\/playathome.shop\/wp-content\/uploads\/2023\/05\/image.jpg\",\"contentUrl\":\"https:\/\/playathome.shop\/wp-content\/uploads\/2023\/05\/image.jpg\",\"width\":640,\"height\":640,\"caption\":\"Play At Home - \u0110\u1ed3 Ch\u01a1i Th\u1ee7 C\u00f4ng\"},\"image\":{\"@id\":\"https:\/\/playathome.shop\/#\/schema\/logo\/image\/\"},\"sameAs\":[\"https:\/\/www.facebook.com\/PlayAtHome.ONhaVanVui\",\"https:\/\/instagram.com\/playathome.onhavanvui\"]}]}<\/script>\n<!-- \/ Yoast SEO plugin. -->","yoast_head_json":{"title":"[KIT DIY] May Th\u00fa B\u00f4ng NG\u1ef0A PONY CLOVER (m\u00e0u xanh l\u00e1) - Play At Home - \u0110\u1ed3 Ch\u01a1i Th\u1ee7 C\u00f4ng","robots":{"index":"index","follow":"follow","max-snippet":"max-snippet:-1","max-image-preview":"max-image-preview:large","max-video-preview":"max-video-preview:-1"},"canonical":"https:\/\/playathome.shop\/en\/product\/kit-diy-may-thu-bong-ngua-pony-clover-mau-xanh-la\/","og_locale":"en_US","og_type":"article","og_title":"[KIT DIY] May Th\u00fa B\u00f4ng NG\u1ef0A PONY CLOVER (m\u00e0u xanh l\u00e1) - Play At Home - \u0110\u1ed3 Ch\u01a1i Th\u1ee7 C\u00f4ng","og_description":"1 KIT may th\u00fa b\u00f4ng NG\u1ef0A PONY CLOVER bao g\u1ed3m:   R\u1eadp v\u1ea3i n\u1ec9 H\u00e0n Qu\u1ed1c h\u00ecnh NG\u1ef0A PONY b\u1eddm xanh l\u00e1 \u0111\u01b0\u1ee3c \u0111\u1ee5c l\u1ed7 s\u1eb5n  Kim nh\u1ef1a an to\u00e0n  Ch\u1ec9 th\u00eau b\u00f3ng m\u01b0\u1ee3t  B\u00f4ng g\u00f2n nh\u1ed3i h\u00e0ng cao c\u1ea5p","og_url":"https:\/\/playathome.shop\/en\/product\/kit-diy-may-thu-bong-ngua-pony-clover-mau-xanh-la\/","og_site_name":"Play At Home - \u0110\u1ed3 Ch\u01a1i Th\u1ee7 C\u00f4ng","article_publisher":"https:\/\/www.facebook.com\/PlayAtHome.ONhaVanVui","article_modified_time":"2023-07-28T12:04:19+00:00","og_image":[{"width":1440,"height":1920,"url":"https:\/\/playathome.shop\/wp-content\/uploads\/2023\/06\/IMG20230702110712-scaled-e1689494615905.jpg?v=1694229292","type":"image\/jpeg"}],"twitter_card":"summary_large_image","twitter_misc":{"Est. reading time":"2 minutes"},"schema":{"@context":"https:\/\/schema.org","@graph":[{"@type":"WebPage","@id":"https:\/\/playathome.shop\/san-pham\/kit-diy-may-thu-bong-ngua-pony-clover-mau-xanh-la\/","url":"https:\/\/playathome.shop\/san-pham\/kit-diy-may-thu-bong-ngua-pony-clover-mau-xanh-la\/","name":"[KIT DIY] May Th\u00fa B\u00f4ng NG\u1ef0A PONY CLOVER (m\u00e0u xanh l\u00e1) - Play At Home - \u0110\u1ed3 Ch\u01a1i Th\u1ee7 C\u00f4ng","isPartOf":{"@id":"https:\/\/playathome.shop\/#website"},"primaryImageOfPage":{"@id":"https:\/\/playathome.shop\/san-pham\/kit-diy-may-thu-bong-ngua-pony-clover-mau-xanh-la\/#primaryimage"},"image":{"@id":"https:\/\/playathome.shop\/san-pham\/kit-diy-may-thu-bong-ngua-pony-clover-mau-xanh-la\/#primaryimage"},"thumbnailUrl":"https:\/\/playathome.shop\/wp-content\/uploads\/2023\/06\/IMG20230702110712-scaled-e1689494615905.jpg?v=1694229292","datePublished":"2023-06-09T04:54:34+00:00","dateModified":"2023-07-28T12:04:19+00:00","breadcrumb":{"@id":"https:\/\/playathome.shop\/san-pham\/kit-diy-may-thu-bong-ngua-pony-clover-mau-xanh-la\/#breadcrumb"},"inLanguage":"en-US","potentialAction":[{"@type":"ReadAction","target":["https:\/\/playathome.shop\/san-pham\/kit-diy-may-thu-bong-ngua-pony-clover-mau-xanh-la\/"]}]},{"@type":"ImageObject","inLanguage":"en-US","@id":"https:\/\/playathome.shop\/san-pham\/kit-diy-may-thu-bong-ngua-pony-clover-mau-xanh-la\/#primaryimage","url":"https:\/\/playathome.shop\/wp-content\/uploads\/2023\/06\/IMG20230702110712-scaled-e1689494615905.jpg?v=1694229292","contentUrl":"https:\/\/playathome.shop\/wp-content\/uploads\/2023\/06\/IMG20230702110712-scaled-e1689494615905.jpg?v=1694229292","width":1440,"height":1920},{"@type":"BreadcrumbList","@id":"https:\/\/playathome.shop\/san-pham\/kit-diy-may-thu-bong-ngua-pony-clover-mau-xanh-la\/#breadcrumb","itemListElement":[{"@type":"ListItem","position":1,"name":"Trang ch\u1ee7","item":"https:\/\/playathome.shop\/"},{"@type":"ListItem","position":2,"name":"C\u1eeda h\u00e0ng","item":"https:\/\/playathome.shop\/cua-hang\/"},{"@type":"ListItem","position":3,"name":"[KIT DIY] May Th\u00fa B\u00f4ng NG\u1ef0A PONY CLOVER (m\u00e0u xanh l\u00e1)"}]},{"@type":"WebSite","@id":"https:\/\/playathome.shop\/#website","url":"https:\/\/playathome.shop\/","name":"Play At Home - Handmade Toys","description":"Handmade &amp; Heartmade Toys For Kids","publisher":{"@id":"https:\/\/playathome.shop\/#organization"},"potentialAction":[{"@type":"SearchAction","target":{"@type":"EntryPoint","urlTemplate":"https:\/\/playathome.shop\/?s={search_term_string}"},"query-input":{"@type":"PropertyValueSpecification","valueRequired":true,"valueName":"search_term_string"}}],"inLanguage":"en-US"},{"@type":"Organization","@id":"https:\/\/playathome.shop\/#organization","name":"Play At Home - Handmade Toys","url":"https:\/\/playathome.shop\/","logo":{"@type":"ImageObject","inLanguage":"en-US","@id":"https:\/\/playathome.shop\/#\/schema\/logo\/image\/","url":"https:\/\/playathome.shop\/wp-content\/uploads\/2023\/05\/image.jpg","contentUrl":"https:\/\/playathome.shop\/wp-content\/uploads\/2023\/05\/image.jpg","width":640,"height":640,"caption":"Play At Home - \u0110\u1ed3 Ch\u01a1i Th\u1ee7 C\u00f4ng"},"image":{"@id":"https:\/\/playathome.shop\/#\/schema\/logo\/image\/"},"sameAs":["https:\/\/www.facebook.com\/PlayAtHome.ONhaVanVui","https:\/\/instagram.com\/playathome.onhavanvui"]}]}},"jetpack_sharing_enabled":true,"_links":{"self":[{"href":"https:\/\/playathome.shop\/en\/wp-json\/wp\/v2\/product\/1719","targetHints":{"allow":["GET"]}}],"collection":[{"href":"https:\/\/playathome.shop\/en\/wp-json\/wp\/v2\/product"}],"about":[{"href":"https:\/\/playathome.shop\/en\/wp-json\/wp\/v2\/types\/product"}],"replies":[{"embeddable":true,"href":"https:\/\/playathome.shop\/en\/wp-json\/wp\/v2\/comments?post=1719"}],"wp:featuredmedia":[{"embeddable":true,"href":"https:\/\/playathome.shop\/en\/wp-json\/wp\/v2\/media\/1939"}],"wp:attachment":[{"href":"https:\/\/playathome.shop\/en\/wp-json\/wp\/v2\/media?parent=1719"}],"wp:term":[{"taxonomy":"product_brand","embeddable":true,"href":"https:\/\/playathome.shop\/en\/wp-json\/wp\/v2\/product_brand?post=1719"},{"taxonomy":"product_cat","embeddable":true,"href":"https:\/\/playathome.shop\/en\/wp-json\/wp\/v2\/product_cat?post=1719"},{"taxonomy":"product_tag","embeddable":true,"href":"https:\/\/playathome.shop\/en\/wp-json\/wp\/v2\/product_tag?post=1719"}],"curies":[{"name":"wp","href":"https:\/\/api.w.org\/{rel}","templated":true}]}}