{"id":1724,"date":"2023-06-09T12:46:42","date_gmt":"2023-06-09T05:46:42","guid":{"rendered":"https:\/\/playathome.shop\/?post_type=product&#038;p=1724"},"modified":"2024-03-03T05:31:06","modified_gmt":"2024-03-02T22:31:06","slug":"kit-diy-may-tui-su-tu-deo-cheo-20x35cm","status":"publish","type":"product","link":"https:\/\/playathome.shop\/en\/product\/kit-diy-may-tui-su-tu-deo-cheo-20x35cm\/","title":{"rendered":"[KIT DIY] May T\u00fai S\u01b0 T\u1eed \u0110eo Ch\u00e9o 20x35cm"},"content":{"rendered":"<blockquote><p><a href=\"https:\/\/playathome.shop\/en\/nhung-loi-ich-tu-cac-du-an-diy-toi-tu-lam-danh-cho-tre-em\/\">DIY projects have been proven to benefit children in many ways: make fun learning, encourage creativity, improve fine motor skills, recycle waste, teach survival skills, and help them express their personalities.<\/a><\/p><\/blockquote>\n<p>Allowing children to have DIY projects is now a trend among parents. It balances their studies between sit-down lessons and hands-on activities, with the former has long been much more preferable than the latter. However, popular DIY ideas mostly focus on the experience of the hand-eye coordination and somehow lessen the importance of usefulness. Coloring, drawing, painting or sewing would bring a more practical value to children if it can help to craft a real object that can be used in everyday life.<\/p>\n<p><a href=\"https:\/\/playathome.shop\/en\/about-us\/\">Play at Home<\/a> is proud to present <strong>DIY Sewing Kits <\/strong><strong>CROSSBODY BAGS.\u00a0<\/strong>These products are suitable for children from 4 years old. With a little support from parents, your child will be able to sew a lovely durable bag. It is also a great present to gift young children or pre-teens.<\/p>\n<p><a href=\"https:\/\/playathome.shop\/en\/cua-hang\/\">Shop now<\/a> with various other exclusive designs, only available at Play at Home.<\/p>\n<p>This DIY Sewing kit of<strong> LION BAG <\/strong>is suitable for children 4 years old and up. Products include:<\/p>\n<ul>\n<li>Pre-cut LION shapes with pre-punched holes and attached magnetic snap button<\/li>\n<li>Embroidery floss<\/li>\n<li>1 plastic needle<\/li>\n<li>Cotton Strap<\/li>\n<\/ul>\n<div data-sliderid=\"21630\" id=\"penci-post-gallery__21630\" class=\"penci-post-gallery-container masonry grid column-2\" data-height=\"150\" data-margin=\"3\"><div class=\"inner-gallery-masonry-container\"><div class=\"item-gallery-masonry grid\"><a class=\"penci-gallery-ite item-link-relative\" href=\"https:\/\/playathome.shop\/wp-content\/uploads\/2023\/06\/6-scaled.jpg?v=1694229321\"><div class=\"inner-item-masonry-gallery\"><span class=\"penci-isotope-padding\" style=\"padding-bottom:66.66666667%;\"><\/span><img decoding=\"async\" src=\"https:\/\/playathome.shop\/wp-content\/uploads\/2023\/06\/6-585x390.jpg?v=1694229321\" alt=\"\" title=\"6\"><\/div><\/a><\/div><div class=\"item-gallery-masonry grid\"><a class=\"penci-gallery-ite item-link-relative\" href=\"https:\/\/playathome.shop\/wp-content\/uploads\/2023\/06\/1-scaled.jpg?v=1694229323\"><div class=\"inner-item-masonry-gallery\"><span class=\"penci-isotope-padding\" style=\"padding-bottom:66.66666667%;\"><\/span><img decoding=\"async\" src=\"https:\/\/playathome.shop\/wp-content\/uploads\/2023\/06\/1-585x390.jpg?v=1694229323\" alt=\"\" title=\"1\"><\/div><\/a><\/div><\/div><\/div>\n<p>Children learn through imitation, so adults probably have to sit with them for a while to provide aid when necessary. Once the project is finished, we can guarantee a mixed feeling of joy and pride.<\/p>\n<p>With detailed sewing instructions, and the help of parents, any child can make <strong>this LION BAG<\/strong> .<\/p>\n<p>&nbsp;<\/p>\n<p>With all necessary tools and materials provided for the making, <strong>this LION BAG<\/strong> can absolutely be used as any other crossbody bag purchased from stores.<\/p>\n<p>Simple yet effective, children get used to sewing, practice patience, and create practical useful products. You can store many small items in it, and can proudly show off your very own hand-sewn bag, what's better than that?<\/p>","protected":false},"excerpt":{"rendered":"<p>This DIY Sewing Kit of <strong>LION BAG<\/strong>\u00a0<strong>Cross-body<\/strong>\u00a0is a wonderful option for children from 4 years old to practice basic running stitch.<\/p>\n<p>Product includes<\/p>\n<ul>\n<li>Pre-cut LION shapes with pre-punched holes and attached magnetic snap button<\/li>\n<li>Embroidery floss<\/li>\n<li>1 plastic needle<\/li>\n<li>Cotton Strap<\/li>\n<\/ul>","protected":false},"featured_media":2029,"comment_status":"open","ping_status":"closed","template":"","meta":{"_lmt_disableupdate":"","_lmt_disable":""},"product_brand":[],"product_cat":[53,42,212],"product_tag":[45,46,35,76,43],"class_list":{"0":"post-1724","1":"product","2":"type-product","3":"status-publish","4":"has-post-thumbnail","6":"product_cat-kit-diy","7":"product_cat-tui-deo-cheo","8":"product_cat-tui-deo-va-bop-viet","9":"product_tag-diy","10":"product_tag-may","11":"product_tag-shop","12":"product_tag-su-tu","13":"product_tag-tui","15":"first","16":"instock","17":"taxable","18":"shipping-taxable","19":"purchasable","20":"product-type-simple"},"yoast_head":"<!-- This site is optimized with the Yoast SEO plugin v27.1.1 - https:\/\/yoast.com\/product\/yoast-seo-wordpress\/ -->\n<title>[KIT DIY] May T\u00fai S\u01b0 T\u1eed \u0110eo Ch\u00e9o 20x35cm - Play At Home - \u0110\u1ed3 Ch\u01a1i Th\u1ee7 C\u00f4ng<\/title>\n<meta name=\"robots\" content=\"index, follow, max-snippet:-1, max-image-preview:large, max-video-preview:-1\" \/>\n<link rel=\"canonical\" href=\"https:\/\/playathome.shop\/en\/product\/kit-diy-may-tui-su-tu-deo-cheo-20x35cm\/\" \/>\n<meta property=\"og:locale\" content=\"en_US\" \/>\n<meta property=\"og:type\" content=\"article\" \/>\n<meta property=\"og:title\" content=\"[KIT DIY] May T\u00fai S\u01b0 T\u1eed \u0110eo Ch\u00e9o 20x35cm - Play At Home - \u0110\u1ed3 Ch\u01a1i Th\u1ee7 C\u00f4ng\" \/>\n<meta property=\"og:description\" content=\"KIT t\u1ef1 may T\u00daI S\u01af T\u1eec\u00a0\u0110EO CH\u00c9O\u00a0cho b\u00e9. Ph\u00f9 h\u1ee3p cho tr\u1ebb t\u1eeb 4 tu\u1ed5i tr\u1edf l\u00ean.  S\u1ea3n ph\u1ea9m bao g\u1ed3m:   R\u1eadp v\u1ea3i gi\u1ea3 da h\u00ecnh S\u01af T\u1eec \u0111\u00e3 \u0111\u01b0\u1ee3c \u0111\u1ee5c l\u1ed7 s\u1eb5n v\u00e0 g\u1eafn n\u00fat h\u00edt nam ch\u00e2m  Ch\u1ec9 may  Kim nh\u1ef1a  D\u00e2y \u0111eo cotton\" \/>\n<meta property=\"og:url\" content=\"https:\/\/playathome.shop\/en\/product\/kit-diy-may-tui-su-tu-deo-cheo-20x35cm\/\" \/>\n<meta property=\"og:site_name\" content=\"Play At Home - \u0110\u1ed3 Ch\u01a1i Th\u1ee7 C\u00f4ng\" \/>\n<meta property=\"article:publisher\" content=\"https:\/\/www.facebook.com\/PlayAtHome.ONhaVanVui\" \/>\n<meta property=\"article:modified_time\" content=\"2024-03-02T22:31:06+00:00\" \/>\n<meta property=\"og:image\" content=\"https:\/\/playathome.shop\/wp-content\/uploads\/2023\/06\/IMG_1962-scaled.jpg?v=1694229434\" \/>\n\t<meta property=\"og:image:width\" content=\"1441\" \/>\n\t<meta property=\"og:image:height\" content=\"1920\" \/>\n\t<meta property=\"og:image:type\" content=\"image\/jpeg\" \/>\n<meta name=\"twitter:card\" content=\"summary_large_image\" \/>\n<meta name=\"twitter:label1\" content=\"Est. reading time\" \/>\n\t<meta name=\"twitter:data1\" content=\"3 minutes\" \/>\n<script type=\"application\/ld+json\" class=\"yoast-schema-graph\">{\"@context\":\"https:\/\/schema.org\",\"@graph\":[{\"@type\":\"WebPage\",\"@id\":\"https:\/\/playathome.shop\/san-pham\/kit-diy-may-tui-su-tu-deo-cheo-20x35cm\/\",\"url\":\"https:\/\/playathome.shop\/san-pham\/kit-diy-may-tui-su-tu-deo-cheo-20x35cm\/\",\"name\":\"[KIT DIY] May T\u00fai S\u01b0 T\u1eed \u0110eo Ch\u00e9o 20x35cm - Play At Home - \u0110\u1ed3 Ch\u01a1i Th\u1ee7 C\u00f4ng\",\"isPartOf\":{\"@id\":\"https:\/\/playathome.shop\/#website\"},\"primaryImageOfPage\":{\"@id\":\"https:\/\/playathome.shop\/san-pham\/kit-diy-may-tui-su-tu-deo-cheo-20x35cm\/#primaryimage\"},\"image\":{\"@id\":\"https:\/\/playathome.shop\/san-pham\/kit-diy-may-tui-su-tu-deo-cheo-20x35cm\/#primaryimage\"},\"thumbnailUrl\":\"https:\/\/playathome.shop\/wp-content\/uploads\/2023\/06\/IMG_1962-scaled.jpg?v=1694229434\",\"datePublished\":\"2023-06-09T05:46:42+00:00\",\"dateModified\":\"2024-03-02T22:31:06+00:00\",\"breadcrumb\":{\"@id\":\"https:\/\/playathome.shop\/san-pham\/kit-diy-may-tui-su-tu-deo-cheo-20x35cm\/#breadcrumb\"},\"inLanguage\":\"en-US\",\"potentialAction\":[{\"@type\":\"ReadAction\",\"target\":[\"https:\/\/playathome.shop\/san-pham\/kit-diy-may-tui-su-tu-deo-cheo-20x35cm\/\"]}]},{\"@type\":\"ImageObject\",\"inLanguage\":\"en-US\",\"@id\":\"https:\/\/playathome.shop\/san-pham\/kit-diy-may-tui-su-tu-deo-cheo-20x35cm\/#primaryimage\",\"url\":\"https:\/\/playathome.shop\/wp-content\/uploads\/2023\/06\/IMG_1962-scaled.jpg?v=1694229434\",\"contentUrl\":\"https:\/\/playathome.shop\/wp-content\/uploads\/2023\/06\/IMG_1962-scaled.jpg?v=1694229434\",\"width\":1441,\"height\":1920},{\"@type\":\"BreadcrumbList\",\"@id\":\"https:\/\/playathome.shop\/san-pham\/kit-diy-may-tui-su-tu-deo-cheo-20x35cm\/#breadcrumb\",\"itemListElement\":[{\"@type\":\"ListItem\",\"position\":1,\"name\":\"Trang ch\u1ee7\",\"item\":\"https:\/\/playathome.shop\/\"},{\"@type\":\"ListItem\",\"position\":2,\"name\":\"C\u1eeda h\u00e0ng\",\"item\":\"https:\/\/playathome.shop\/cua-hang\/\"},{\"@type\":\"ListItem\",\"position\":3,\"name\":\"[KIT DIY] May T\u00fai S\u01b0 T\u1eed \u0110eo Ch\u00e9o 20x35cm\"}]},{\"@type\":\"WebSite\",\"@id\":\"https:\/\/playathome.shop\/#website\",\"url\":\"https:\/\/playathome.shop\/\",\"name\":\"Play At Home - \u0110\u1ed3 Ch\u01a1i Th\u1ee7 C\u00f4ng\",\"description\":\"Handmade &amp; Heartmade Toys For Kids\",\"publisher\":{\"@id\":\"https:\/\/playathome.shop\/#organization\"},\"potentialAction\":[{\"@type\":\"SearchAction\",\"target\":{\"@type\":\"EntryPoint\",\"urlTemplate\":\"https:\/\/playathome.shop\/?s={search_term_string}\"},\"query-input\":{\"@type\":\"PropertyValueSpecification\",\"valueRequired\":true,\"valueName\":\"search_term_string\"}}],\"inLanguage\":\"en-US\"},{\"@type\":\"Organization\",\"@id\":\"https:\/\/playathome.shop\/#organization\",\"name\":\"Play At Home - \u0110\u1ed3 Ch\u01a1i Th\u1ee7 C\u00f4ng\",\"url\":\"https:\/\/playathome.shop\/\",\"logo\":{\"@type\":\"ImageObject\",\"inLanguage\":\"en-US\",\"@id\":\"https:\/\/playathome.shop\/#\/schema\/logo\/image\/\",\"url\":\"https:\/\/playathome.shop\/wp-content\/uploads\/2023\/05\/image.jpg\",\"contentUrl\":\"https:\/\/playathome.shop\/wp-content\/uploads\/2023\/05\/image.jpg\",\"width\":640,\"height\":640,\"caption\":\"Play At Home - \u0110\u1ed3 Ch\u01a1i Th\u1ee7 C\u00f4ng\"},\"image\":{\"@id\":\"https:\/\/playathome.shop\/#\/schema\/logo\/image\/\"},\"sameAs\":[\"https:\/\/www.facebook.com\/PlayAtHome.ONhaVanVui\",\"https:\/\/instagram.com\/playathome.onhavanvui\"]}]}<\/script>\n<!-- \/ Yoast SEO plugin. -->","yoast_head_json":{"title":"[KIT DIY] May T\u00fai S\u01b0 T\u1eed \u0110eo Ch\u00e9o 20x35cm - Play At Home - \u0110\u1ed3 Ch\u01a1i Th\u1ee7 C\u00f4ng","robots":{"index":"index","follow":"follow","max-snippet":"max-snippet:-1","max-image-preview":"max-image-preview:large","max-video-preview":"max-video-preview:-1"},"canonical":"https:\/\/playathome.shop\/en\/product\/kit-diy-may-tui-su-tu-deo-cheo-20x35cm\/","og_locale":"en_US","og_type":"article","og_title":"[KIT DIY] May T\u00fai S\u01b0 T\u1eed \u0110eo Ch\u00e9o 20x35cm - Play At Home - \u0110\u1ed3 Ch\u01a1i Th\u1ee7 C\u00f4ng","og_description":"KIT t\u1ef1 may T\u00daI S\u01af T\u1eec\u00a0\u0110EO CH\u00c9O\u00a0cho b\u00e9. Ph\u00f9 h\u1ee3p cho tr\u1ebb t\u1eeb 4 tu\u1ed5i tr\u1edf l\u00ean.  S\u1ea3n ph\u1ea9m bao g\u1ed3m:   R\u1eadp v\u1ea3i gi\u1ea3 da h\u00ecnh S\u01af T\u1eec \u0111\u00e3 \u0111\u01b0\u1ee3c \u0111\u1ee5c l\u1ed7 s\u1eb5n v\u00e0 g\u1eafn n\u00fat h\u00edt nam ch\u00e2m  Ch\u1ec9 may  Kim nh\u1ef1a  D\u00e2y \u0111eo cotton","og_url":"https:\/\/playathome.shop\/en\/product\/kit-diy-may-tui-su-tu-deo-cheo-20x35cm\/","og_site_name":"Play At Home - \u0110\u1ed3 Ch\u01a1i Th\u1ee7 C\u00f4ng","article_publisher":"https:\/\/www.facebook.com\/PlayAtHome.ONhaVanVui","article_modified_time":"2024-03-02T22:31:06+00:00","og_image":[{"width":1441,"height":1920,"url":"https:\/\/playathome.shop\/wp-content\/uploads\/2023\/06\/IMG_1962-scaled.jpg?v=1694229434","type":"image\/jpeg"}],"twitter_card":"summary_large_image","twitter_misc":{"Est. reading time":"3 minutes"},"schema":{"@context":"https:\/\/schema.org","@graph":[{"@type":"WebPage","@id":"https:\/\/playathome.shop\/san-pham\/kit-diy-may-tui-su-tu-deo-cheo-20x35cm\/","url":"https:\/\/playathome.shop\/san-pham\/kit-diy-may-tui-su-tu-deo-cheo-20x35cm\/","name":"[KIT DIY] May T\u00fai S\u01b0 T\u1eed \u0110eo Ch\u00e9o 20x35cm - Play At Home - \u0110\u1ed3 Ch\u01a1i Th\u1ee7 C\u00f4ng","isPartOf":{"@id":"https:\/\/playathome.shop\/#website"},"primaryImageOfPage":{"@id":"https:\/\/playathome.shop\/san-pham\/kit-diy-may-tui-su-tu-deo-cheo-20x35cm\/#primaryimage"},"image":{"@id":"https:\/\/playathome.shop\/san-pham\/kit-diy-may-tui-su-tu-deo-cheo-20x35cm\/#primaryimage"},"thumbnailUrl":"https:\/\/playathome.shop\/wp-content\/uploads\/2023\/06\/IMG_1962-scaled.jpg?v=1694229434","datePublished":"2023-06-09T05:46:42+00:00","dateModified":"2024-03-02T22:31:06+00:00","breadcrumb":{"@id":"https:\/\/playathome.shop\/san-pham\/kit-diy-may-tui-su-tu-deo-cheo-20x35cm\/#breadcrumb"},"inLanguage":"en-US","potentialAction":[{"@type":"ReadAction","target":["https:\/\/playathome.shop\/san-pham\/kit-diy-may-tui-su-tu-deo-cheo-20x35cm\/"]}]},{"@type":"ImageObject","inLanguage":"en-US","@id":"https:\/\/playathome.shop\/san-pham\/kit-diy-may-tui-su-tu-deo-cheo-20x35cm\/#primaryimage","url":"https:\/\/playathome.shop\/wp-content\/uploads\/2023\/06\/IMG_1962-scaled.jpg?v=1694229434","contentUrl":"https:\/\/playathome.shop\/wp-content\/uploads\/2023\/06\/IMG_1962-scaled.jpg?v=1694229434","width":1441,"height":1920},{"@type":"BreadcrumbList","@id":"https:\/\/playathome.shop\/san-pham\/kit-diy-may-tui-su-tu-deo-cheo-20x35cm\/#breadcrumb","itemListElement":[{"@type":"ListItem","position":1,"name":"Trang ch\u1ee7","item":"https:\/\/playathome.shop\/"},{"@type":"ListItem","position":2,"name":"C\u1eeda h\u00e0ng","item":"https:\/\/playathome.shop\/cua-hang\/"},{"@type":"ListItem","position":3,"name":"[KIT DIY] May T\u00fai S\u01b0 T\u1eed \u0110eo Ch\u00e9o 20x35cm"}]},{"@type":"WebSite","@id":"https:\/\/playathome.shop\/#website","url":"https:\/\/playathome.shop\/","name":"Play At Home - Handmade Toys","description":"Handmade &amp; Heartmade Toys For Kids","publisher":{"@id":"https:\/\/playathome.shop\/#organization"},"potentialAction":[{"@type":"SearchAction","target":{"@type":"EntryPoint","urlTemplate":"https:\/\/playathome.shop\/?s={search_term_string}"},"query-input":{"@type":"PropertyValueSpecification","valueRequired":true,"valueName":"search_term_string"}}],"inLanguage":"en-US"},{"@type":"Organization","@id":"https:\/\/playathome.shop\/#organization","name":"Play At Home - Handmade Toys","url":"https:\/\/playathome.shop\/","logo":{"@type":"ImageObject","inLanguage":"en-US","@id":"https:\/\/playathome.shop\/#\/schema\/logo\/image\/","url":"https:\/\/playathome.shop\/wp-content\/uploads\/2023\/05\/image.jpg","contentUrl":"https:\/\/playathome.shop\/wp-content\/uploads\/2023\/05\/image.jpg","width":640,"height":640,"caption":"Play At Home - \u0110\u1ed3 Ch\u01a1i Th\u1ee7 C\u00f4ng"},"image":{"@id":"https:\/\/playathome.shop\/#\/schema\/logo\/image\/"},"sameAs":["https:\/\/www.facebook.com\/PlayAtHome.ONhaVanVui","https:\/\/instagram.com\/playathome.onhavanvui"]}]}},"jetpack_sharing_enabled":true,"_links":{"self":[{"href":"https:\/\/playathome.shop\/en\/wp-json\/wp\/v2\/product\/1724","targetHints":{"allow":["GET"]}}],"collection":[{"href":"https:\/\/playathome.shop\/en\/wp-json\/wp\/v2\/product"}],"about":[{"href":"https:\/\/playathome.shop\/en\/wp-json\/wp\/v2\/types\/product"}],"replies":[{"embeddable":true,"href":"https:\/\/playathome.shop\/en\/wp-json\/wp\/v2\/comments?post=1724"}],"wp:featuredmedia":[{"embeddable":true,"href":"https:\/\/playathome.shop\/en\/wp-json\/wp\/v2\/media\/2029"}],"wp:attachment":[{"href":"https:\/\/playathome.shop\/en\/wp-json\/wp\/v2\/media?parent=1724"}],"wp:term":[{"taxonomy":"product_brand","embeddable":true,"href":"https:\/\/playathome.shop\/en\/wp-json\/wp\/v2\/product_brand?post=1724"},{"taxonomy":"product_cat","embeddable":true,"href":"https:\/\/playathome.shop\/en\/wp-json\/wp\/v2\/product_cat?post=1724"},{"taxonomy":"product_tag","embeddable":true,"href":"https:\/\/playathome.shop\/en\/wp-json\/wp\/v2\/product_tag?post=1724"}],"curies":[{"name":"wp","href":"https:\/\/api.w.org\/{rel}","templated":true}]}}