{"id":1794,"date":"2023-06-17T10:04:39","date_gmt":"2023-06-17T03:04:39","guid":{"rendered":"https:\/\/playathome.shop\/?post_type=product&#038;p=1794"},"modified":"2026-02-12T03:13:36","modified_gmt":"2026-02-11T20:13:36","slug":"bup-be-ngu-waldorf-dau-do","status":"publish","type":"product","link":"https:\/\/playathome.shop\/en\/product\/bup-be-ngu-waldorf-dau-do\/","title":{"rendered":"Cuddle Doll Bean"},"content":{"rendered":"<blockquote><p><a href=\"https:\/\/playathome.shop\/en\/loi-ich-cua-thu-bong-o-tre-nho-va-nguoi-lon-1\/\">For many children, stuffed animals are loyal and comforting companions. A fluffy friend can make a trip to the doctor or sleeping in the dark seem a little less daunting.<\/a><\/p><\/blockquote>\n<p>A Waldorf Cuddle Doll with a very Vietnamese name, Hot Ga <strong>Bean<\/strong>Bean is a little soft pal who is always ready to cuddle with you during your sleep.<strong>Bean<\/strong><strong>\u00a0<\/strong>is sweet and fluffy. You  share your bed with Bean and Bean shares your dreams.<\/p>\n<p>Some Waldorf dolls are designed without facial feature details in order to allow the children to develop imagination and creative play.<\/p>\n<div data-sliderid=\"18207\" id=\"penci-post-gallery__18207\" class=\"penci-post-gallery-container masonry grid column-3\" data-height=\"150\" data-margin=\"3\"><div class=\"inner-gallery-masonry-container\"><div class=\"item-gallery-masonry grid\"><a class=\"penci-gallery-ite item-link-relative\" href=\"https:\/\/playathome.shop\/wp-content\/uploads\/2023\/06\/IMG_2022-scaled.jpg?v=1694229240\"><div class=\"inner-item-masonry-gallery\"><span class=\"penci-isotope-padding\" style=\"padding-bottom:66.66666667%;\"><\/span><img decoding=\"async\" src=\"https:\/\/playathome.shop\/wp-content\/uploads\/2023\/06\/IMG_2022-585x390.jpg?v=1694229240\" alt=\"\" title=\"IMG_2022\"><\/div><\/a><\/div><div class=\"item-gallery-masonry grid\"><a class=\"penci-gallery-ite item-link-relative\" href=\"https:\/\/playathome.shop\/wp-content\/uploads\/2023\/06\/IMG_2020-scaled.jpg?v=1694229238\"><div class=\"inner-item-masonry-gallery\"><span class=\"penci-isotope-padding\" style=\"padding-bottom:66.66666667%;\"><\/span><img decoding=\"async\" src=\"https:\/\/playathome.shop\/wp-content\/uploads\/2023\/06\/IMG_2020-585x390.jpg?v=1694229238\" alt=\"\" title=\"IMG_2020\"><\/div><\/a><\/div><\/div><\/div>\n<p><strong>Bean <\/strong>is made from cotton stockinette, dressed in corduroy outfit. She is filled with high-quality polyester fiberfill. She is 7 inches tall, with a 4-inch hat on her head.<\/p>","protected":false},"excerpt":{"rendered":"<p><strong>Bean <\/strong>is made from cotton stockinette, dressed in corduroy outfit. She is filled with high-quality polyester fiberfill. She is 7 inches tall, with a 4-inch hat on her head.<\/p>","protected":false},"featured_media":1801,"comment_status":"open","ping_status":"closed","template":"","meta":{"_lmt_disableupdate":"","_lmt_disable":""},"product_brand":[],"product_cat":[79,87,78,47],"product_tag":[80,91,82,35,81],"class_list":{"0":"post-1794","1":"product","2":"type-product","3":"status-publish","4":"has-post-thumbnail","6":"product_cat-bup-be-ngu","7":"product_cat-bup-be-vai","8":"product_cat-bup-be-waldorf","9":"product_cat-do-choi","10":"product_tag-bup-be","11":"product_tag-dau-do","12":"product_tag-ngu","13":"product_tag-shop","14":"product_tag-waldorf","16":"first","17":"instock","18":"taxable","19":"shipping-taxable","20":"purchasable","21":"product-type-simple"},"yoast_head":"<!-- This site is optimized with the Yoast SEO plugin v27.1.1 - https:\/\/yoast.com\/product\/yoast-seo-wordpress\/ -->\n<title>B\u00fap B\u00ea Ng\u1ee7 Waldorf \u0110\u1eacU \u0110\u1ece - Play At Home - \u0110\u1ed3 Ch\u01a1i Th\u1ee7 C\u00f4ng<\/title>\n<meta name=\"description\" content=\"\u0110\u1eacU \u0110\u1ece c\u00f3 m\u1eb7t v\u00e0 tay b\u1eb1ng thun cotton 2 chi\u1ec1u, th\u00e2n l\u00e0 v\u1ea3i nhung \u1ea5m \u00e1p, b\u1ee5ng nh\u1ed3i g\u00f2n bi cao c\u1ea5p. Em cao 18 cm, \u0111\u1ed9i chi\u1ebfc n\u00f3n cao 11 cm. S\u1edf d\u0129 m\u1ed9t s\u1ed1 b\u00fap b\u00ea Waldorf kh\u00f4ng c\u00f3 m\u1eaft m\u0169i mi\u1ec7ng l\u00e0 \u0111\u1ec3 h\u1ed7 tr\u1ee3 b\u00e9 ph\u00e1t tri\u1ebfn m\u1ed9ng t\u01b0\u1edfng - m\u1ed9t khu\u00f4n m\u1eb7t \u0111\u01b0\u1ee3c thi\u1ebft k\u1ebf v\u1edbi bi\u1ec3u c\u1ea3m nh\u1ea5t \u0111\u1ecbnh v\u00f4 h\u00ecnh chung s\u1ebd h\u1ea1n ch\u1ebf kh\u1ea3 n\u0103ng t\u01b0\u1edfng t\u01b0\u1ee3ng v\u00e0 s\u1eafm vai trong cu\u1ed9c ch\u01a1i c\u1ee7a b\u00e9.\" \/>\n<meta name=\"robots\" content=\"index, follow, max-snippet:-1, max-image-preview:large, max-video-preview:-1\" \/>\n<link rel=\"canonical\" href=\"https:\/\/playathome.shop\/en\/product\/bup-be-ngu-waldorf-dau-do\/\" \/>\n<meta property=\"og:locale\" content=\"en_US\" \/>\n<meta property=\"og:type\" content=\"article\" \/>\n<meta property=\"og:title\" content=\"B\u00fap B\u00ea Ng\u1ee7 Waldorf \u0110\u1eacU \u0110\u1ece - Play At Home - \u0110\u1ed3 Ch\u01a1i Th\u1ee7 C\u00f4ng\" \/>\n<meta property=\"og:description\" content=\"\u0110\u1eacU \u0110\u1ece c\u00f3 m\u1eb7t v\u00e0 tay b\u1eb1ng thun cotton 2 chi\u1ec1u, th\u00e2n l\u00e0 v\u1ea3i nhung \u1ea5m \u00e1p, b\u1ee5ng nh\u1ed3i g\u00f2n bi cao c\u1ea5p. Em cao 18 cm, \u0111\u1ed9i chi\u1ebfc n\u00f3n cao 11 cm. S\u1edf d\u0129 m\u1ed9t s\u1ed1 b\u00fap b\u00ea Waldorf kh\u00f4ng c\u00f3 m\u1eaft m\u0169i mi\u1ec7ng l\u00e0 \u0111\u1ec3 h\u1ed7 tr\u1ee3 b\u00e9 ph\u00e1t tri\u1ebfn m\u1ed9ng t\u01b0\u1edfng - m\u1ed9t khu\u00f4n m\u1eb7t \u0111\u01b0\u1ee3c thi\u1ebft k\u1ebf v\u1edbi bi\u1ec3u c\u1ea3m nh\u1ea5t \u0111\u1ecbnh v\u00f4 h\u00ecnh chung s\u1ebd h\u1ea1n ch\u1ebf kh\u1ea3 n\u0103ng t\u01b0\u1edfng t\u01b0\u1ee3ng v\u00e0 s\u1eafm vai trong cu\u1ed9c ch\u01a1i c\u1ee7a b\u00e9.\" \/>\n<meta property=\"og:url\" content=\"https:\/\/playathome.shop\/en\/product\/bup-be-ngu-waldorf-dau-do\/\" \/>\n<meta property=\"og:site_name\" content=\"Play At Home - \u0110\u1ed3 Ch\u01a1i Th\u1ee7 C\u00f4ng\" \/>\n<meta property=\"article:publisher\" content=\"https:\/\/www.facebook.com\/PlayAtHome.ONhaVanVui\" \/>\n<meta property=\"article:modified_time\" content=\"2026-02-11T20:13:36+00:00\" \/>\n<meta property=\"og:image\" content=\"https:\/\/playathome.shop\/wp-content\/uploads\/2023\/06\/IMG_2030_1-scaled.jpg?v=1694229244\" \/>\n\t<meta property=\"og:image:width\" content=\"1458\" \/>\n\t<meta property=\"og:image:height\" content=\"1920\" \/>\n\t<meta property=\"og:image:type\" content=\"image\/jpeg\" \/>\n<meta name=\"twitter:card\" content=\"summary_large_image\" \/>\n<meta name=\"twitter:label1\" content=\"Est. reading time\" \/>\n\t<meta name=\"twitter:data1\" content=\"1 minute\" \/>\n<script type=\"application\/ld+json\" class=\"yoast-schema-graph\">{\"@context\":\"https:\/\/schema.org\",\"@graph\":[{\"@type\":\"WebPage\",\"@id\":\"https:\/\/playathome.shop\/san-pham\/bup-be-ngu-waldorf-dau-do\/\",\"url\":\"https:\/\/playathome.shop\/san-pham\/bup-be-ngu-waldorf-dau-do\/\",\"name\":\"B\u00fap B\u00ea Ng\u1ee7 Waldorf \u0110\u1eacU \u0110\u1ece - Play At Home - \u0110\u1ed3 Ch\u01a1i Th\u1ee7 C\u00f4ng\",\"isPartOf\":{\"@id\":\"https:\/\/playathome.shop\/#website\"},\"primaryImageOfPage\":{\"@id\":\"https:\/\/playathome.shop\/san-pham\/bup-be-ngu-waldorf-dau-do\/#primaryimage\"},\"image\":{\"@id\":\"https:\/\/playathome.shop\/san-pham\/bup-be-ngu-waldorf-dau-do\/#primaryimage\"},\"thumbnailUrl\":\"https:\/\/playathome.shop\/wp-content\/uploads\/2023\/06\/IMG_2030_1-scaled.jpg?v=1694229244\",\"datePublished\":\"2023-06-17T03:04:39+00:00\",\"dateModified\":\"2026-02-11T20:13:36+00:00\",\"description\":\"\u0110\u1eacU \u0110\u1ece c\u00f3 m\u1eb7t v\u00e0 tay b\u1eb1ng thun cotton 2 chi\u1ec1u, th\u00e2n l\u00e0 v\u1ea3i nhung \u1ea5m \u00e1p, b\u1ee5ng nh\u1ed3i g\u00f2n bi cao c\u1ea5p. Em cao 18 cm, \u0111\u1ed9i chi\u1ebfc n\u00f3n cao 11 cm. S\u1edf d\u0129 m\u1ed9t s\u1ed1 b\u00fap b\u00ea Waldorf kh\u00f4ng c\u00f3 m\u1eaft m\u0169i mi\u1ec7ng l\u00e0 \u0111\u1ec3 h\u1ed7 tr\u1ee3 b\u00e9 ph\u00e1t tri\u1ebfn m\u1ed9ng t\u01b0\u1edfng - m\u1ed9t khu\u00f4n m\u1eb7t \u0111\u01b0\u1ee3c thi\u1ebft k\u1ebf v\u1edbi bi\u1ec3u c\u1ea3m nh\u1ea5t \u0111\u1ecbnh v\u00f4 h\u00ecnh chung s\u1ebd h\u1ea1n ch\u1ebf kh\u1ea3 n\u0103ng t\u01b0\u1edfng t\u01b0\u1ee3ng v\u00e0 s\u1eafm vai trong cu\u1ed9c ch\u01a1i c\u1ee7a b\u00e9.\",\"breadcrumb\":{\"@id\":\"https:\/\/playathome.shop\/san-pham\/bup-be-ngu-waldorf-dau-do\/#breadcrumb\"},\"inLanguage\":\"en-US\",\"potentialAction\":[{\"@type\":\"ReadAction\",\"target\":[\"https:\/\/playathome.shop\/san-pham\/bup-be-ngu-waldorf-dau-do\/\"]}]},{\"@type\":\"ImageObject\",\"inLanguage\":\"en-US\",\"@id\":\"https:\/\/playathome.shop\/san-pham\/bup-be-ngu-waldorf-dau-do\/#primaryimage\",\"url\":\"https:\/\/playathome.shop\/wp-content\/uploads\/2023\/06\/IMG_2030_1-scaled.jpg?v=1694229244\",\"contentUrl\":\"https:\/\/playathome.shop\/wp-content\/uploads\/2023\/06\/IMG_2030_1-scaled.jpg?v=1694229244\",\"width\":1458,\"height\":1920},{\"@type\":\"BreadcrumbList\",\"@id\":\"https:\/\/playathome.shop\/san-pham\/bup-be-ngu-waldorf-dau-do\/#breadcrumb\",\"itemListElement\":[{\"@type\":\"ListItem\",\"position\":1,\"name\":\"Trang ch\u1ee7\",\"item\":\"https:\/\/playathome.shop\/\"},{\"@type\":\"ListItem\",\"position\":2,\"name\":\"C\u1eeda h\u00e0ng\",\"item\":\"https:\/\/playathome.shop\/cua-hang\/\"},{\"@type\":\"ListItem\",\"position\":3,\"name\":\"B\u00fap B\u00ea Ng\u1ee7 Waldorf \u0110\u1eacU \u0110\u1ece\"}]},{\"@type\":\"WebSite\",\"@id\":\"https:\/\/playathome.shop\/#website\",\"url\":\"https:\/\/playathome.shop\/\",\"name\":\"Play At Home - \u0110\u1ed3 Ch\u01a1i Th\u1ee7 C\u00f4ng\",\"description\":\"Handmade &amp; Heartmade Toys For Kids\",\"publisher\":{\"@id\":\"https:\/\/playathome.shop\/#organization\"},\"potentialAction\":[{\"@type\":\"SearchAction\",\"target\":{\"@type\":\"EntryPoint\",\"urlTemplate\":\"https:\/\/playathome.shop\/?s={search_term_string}\"},\"query-input\":{\"@type\":\"PropertyValueSpecification\",\"valueRequired\":true,\"valueName\":\"search_term_string\"}}],\"inLanguage\":\"en-US\"},{\"@type\":\"Organization\",\"@id\":\"https:\/\/playathome.shop\/#organization\",\"name\":\"Play At Home - \u0110\u1ed3 Ch\u01a1i Th\u1ee7 C\u00f4ng\",\"url\":\"https:\/\/playathome.shop\/\",\"logo\":{\"@type\":\"ImageObject\",\"inLanguage\":\"en-US\",\"@id\":\"https:\/\/playathome.shop\/#\/schema\/logo\/image\/\",\"url\":\"https:\/\/playathome.shop\/wp-content\/uploads\/2023\/05\/image.jpg\",\"contentUrl\":\"https:\/\/playathome.shop\/wp-content\/uploads\/2023\/05\/image.jpg\",\"width\":640,\"height\":640,\"caption\":\"Play At Home - \u0110\u1ed3 Ch\u01a1i Th\u1ee7 C\u00f4ng\"},\"image\":{\"@id\":\"https:\/\/playathome.shop\/#\/schema\/logo\/image\/\"},\"sameAs\":[\"https:\/\/www.facebook.com\/PlayAtHome.ONhaVanVui\",\"https:\/\/instagram.com\/playathome.onhavanvui\"]}]}<\/script>\n<!-- \/ Yoast SEO plugin. -->","yoast_head_json":{"title":"Waldorf Sleeping Doll RED BEAN - Play At Home - Handmade Toys","description":"RED BEAN has a face and arms made of 2-way cotton spandex, a body made of warm velvet, and a belly stuffed with high-quality cotton balls. She is 18 cm tall, wearing an 11 cm tall hat. The reason some Waldorf dolls do not have eyes, nose, or mouth is to support the child&#039;s development of fantasy - a face designed with a certain expression will invisibly limit the child&#039;s ability to imagine and role-play in play.","robots":{"index":"index","follow":"follow","max-snippet":"max-snippet:-1","max-image-preview":"max-image-preview:large","max-video-preview":"max-video-preview:-1"},"canonical":"https:\/\/playathome.shop\/en\/product\/bup-be-ngu-waldorf-dau-do\/","og_locale":"en_US","og_type":"article","og_title":"B\u00fap B\u00ea Ng\u1ee7 Waldorf \u0110\u1eacU \u0110\u1ece - Play At Home - \u0110\u1ed3 Ch\u01a1i Th\u1ee7 C\u00f4ng","og_description":"\u0110\u1eacU \u0110\u1ece c\u00f3 m\u1eb7t v\u00e0 tay b\u1eb1ng thun cotton 2 chi\u1ec1u, th\u00e2n l\u00e0 v\u1ea3i nhung \u1ea5m \u00e1p, b\u1ee5ng nh\u1ed3i g\u00f2n bi cao c\u1ea5p. Em cao 18 cm, \u0111\u1ed9i chi\u1ebfc n\u00f3n cao 11 cm. S\u1edf d\u0129 m\u1ed9t s\u1ed1 b\u00fap b\u00ea Waldorf kh\u00f4ng c\u00f3 m\u1eaft m\u0169i mi\u1ec7ng l\u00e0 \u0111\u1ec3 h\u1ed7 tr\u1ee3 b\u00e9 ph\u00e1t tri\u1ebfn m\u1ed9ng t\u01b0\u1edfng - m\u1ed9t khu\u00f4n m\u1eb7t \u0111\u01b0\u1ee3c thi\u1ebft k\u1ebf v\u1edbi bi\u1ec3u c\u1ea3m nh\u1ea5t \u0111\u1ecbnh v\u00f4 h\u00ecnh chung s\u1ebd h\u1ea1n ch\u1ebf kh\u1ea3 n\u0103ng t\u01b0\u1edfng t\u01b0\u1ee3ng v\u00e0 s\u1eafm vai trong cu\u1ed9c ch\u01a1i c\u1ee7a b\u00e9.","og_url":"https:\/\/playathome.shop\/en\/product\/bup-be-ngu-waldorf-dau-do\/","og_site_name":"Play At Home - \u0110\u1ed3 Ch\u01a1i Th\u1ee7 C\u00f4ng","article_publisher":"https:\/\/www.facebook.com\/PlayAtHome.ONhaVanVui","article_modified_time":"2026-02-11T20:13:36+00:00","og_image":[{"width":1458,"height":1920,"url":"https:\/\/playathome.shop\/wp-content\/uploads\/2023\/06\/IMG_2030_1-scaled.jpg?v=1694229244","type":"image\/jpeg"}],"twitter_card":"summary_large_image","twitter_misc":{"Est. reading time":"1 minute"},"schema":{"@context":"https:\/\/schema.org","@graph":[{"@type":"WebPage","@id":"https:\/\/playathome.shop\/san-pham\/bup-be-ngu-waldorf-dau-do\/","url":"https:\/\/playathome.shop\/san-pham\/bup-be-ngu-waldorf-dau-do\/","name":"Waldorf Sleeping Doll RED BEAN - Play At Home - Handmade Toys","isPartOf":{"@id":"https:\/\/playathome.shop\/#website"},"primaryImageOfPage":{"@id":"https:\/\/playathome.shop\/san-pham\/bup-be-ngu-waldorf-dau-do\/#primaryimage"},"image":{"@id":"https:\/\/playathome.shop\/san-pham\/bup-be-ngu-waldorf-dau-do\/#primaryimage"},"thumbnailUrl":"https:\/\/playathome.shop\/wp-content\/uploads\/2023\/06\/IMG_2030_1-scaled.jpg?v=1694229244","datePublished":"2023-06-17T03:04:39+00:00","dateModified":"2026-02-11T20:13:36+00:00","description":"RED BEAN has a face and arms made of 2-way cotton spandex, a body made of warm velvet, and a belly stuffed with high-quality cotton balls. She is 18 cm tall, wearing an 11 cm tall hat. The reason some Waldorf dolls do not have eyes, nose, or mouth is to support the child&#039;s development of fantasy - a face designed with a certain expression will invisibly limit the child&#039;s ability to imagine and role-play in play.","breadcrumb":{"@id":"https:\/\/playathome.shop\/san-pham\/bup-be-ngu-waldorf-dau-do\/#breadcrumb"},"inLanguage":"en-US","potentialAction":[{"@type":"ReadAction","target":["https:\/\/playathome.shop\/san-pham\/bup-be-ngu-waldorf-dau-do\/"]}]},{"@type":"ImageObject","inLanguage":"en-US","@id":"https:\/\/playathome.shop\/san-pham\/bup-be-ngu-waldorf-dau-do\/#primaryimage","url":"https:\/\/playathome.shop\/wp-content\/uploads\/2023\/06\/IMG_2030_1-scaled.jpg?v=1694229244","contentUrl":"https:\/\/playathome.shop\/wp-content\/uploads\/2023\/06\/IMG_2030_1-scaled.jpg?v=1694229244","width":1458,"height":1920},{"@type":"BreadcrumbList","@id":"https:\/\/playathome.shop\/san-pham\/bup-be-ngu-waldorf-dau-do\/#breadcrumb","itemListElement":[{"@type":"ListItem","position":1,"name":"Trang ch\u1ee7","item":"https:\/\/playathome.shop\/"},{"@type":"ListItem","position":2,"name":"C\u1eeda h\u00e0ng","item":"https:\/\/playathome.shop\/cua-hang\/"},{"@type":"ListItem","position":3,"name":"B\u00fap B\u00ea Ng\u1ee7 Waldorf \u0110\u1eacU \u0110\u1ece"}]},{"@type":"WebSite","@id":"https:\/\/playathome.shop\/#website","url":"https:\/\/playathome.shop\/","name":"Play At Home - Handmade Toys","description":"Handmade &amp; Heartmade Toys For Kids","publisher":{"@id":"https:\/\/playathome.shop\/#organization"},"potentialAction":[{"@type":"SearchAction","target":{"@type":"EntryPoint","urlTemplate":"https:\/\/playathome.shop\/?s={search_term_string}"},"query-input":{"@type":"PropertyValueSpecification","valueRequired":true,"valueName":"search_term_string"}}],"inLanguage":"en-US"},{"@type":"Organization","@id":"https:\/\/playathome.shop\/#organization","name":"Play At Home - Handmade Toys","url":"https:\/\/playathome.shop\/","logo":{"@type":"ImageObject","inLanguage":"en-US","@id":"https:\/\/playathome.shop\/#\/schema\/logo\/image\/","url":"https:\/\/playathome.shop\/wp-content\/uploads\/2023\/05\/image.jpg","contentUrl":"https:\/\/playathome.shop\/wp-content\/uploads\/2023\/05\/image.jpg","width":640,"height":640,"caption":"Play At Home - \u0110\u1ed3 Ch\u01a1i Th\u1ee7 C\u00f4ng"},"image":{"@id":"https:\/\/playathome.shop\/#\/schema\/logo\/image\/"},"sameAs":["https:\/\/www.facebook.com\/PlayAtHome.ONhaVanVui","https:\/\/instagram.com\/playathome.onhavanvui"]}]}},"jetpack_sharing_enabled":true,"_links":{"self":[{"href":"https:\/\/playathome.shop\/en\/wp-json\/wp\/v2\/product\/1794","targetHints":{"allow":["GET"]}}],"collection":[{"href":"https:\/\/playathome.shop\/en\/wp-json\/wp\/v2\/product"}],"about":[{"href":"https:\/\/playathome.shop\/en\/wp-json\/wp\/v2\/types\/product"}],"replies":[{"embeddable":true,"href":"https:\/\/playathome.shop\/en\/wp-json\/wp\/v2\/comments?post=1794"}],"wp:featuredmedia":[{"embeddable":true,"href":"https:\/\/playathome.shop\/en\/wp-json\/wp\/v2\/media\/1801"}],"wp:attachment":[{"href":"https:\/\/playathome.shop\/en\/wp-json\/wp\/v2\/media?parent=1794"}],"wp:term":[{"taxonomy":"product_brand","embeddable":true,"href":"https:\/\/playathome.shop\/en\/wp-json\/wp\/v2\/product_brand?post=1794"},{"taxonomy":"product_cat","embeddable":true,"href":"https:\/\/playathome.shop\/en\/wp-json\/wp\/v2\/product_cat?post=1794"},{"taxonomy":"product_tag","embeddable":true,"href":"https:\/\/playathome.shop\/en\/wp-json\/wp\/v2\/product_tag?post=1794"}],"curies":[{"name":"wp","href":"https:\/\/api.w.org\/{rel}","templated":true}]}}