{"id":2154,"date":"2023-07-28T20:28:43","date_gmt":"2023-07-28T13:28:43","guid":{"rendered":"https:\/\/playathome.shop\/?post_type=product&#038;p=2154"},"modified":"2026-02-12T03:16:10","modified_gmt":"2026-02-11T20:16:10","slug":"quan-ao-bup-be","status":"publish","type":"product","link":"https:\/\/playathome.shop\/en\/product\/quan-ao-bup-be\/","title":{"rendered":"Doll Clothes"},"content":{"rendered":"<p>All PLAY AT HOME dolls and clothes are:<\/p>\n<p>\ud83c\udf3cExclusively designed by PLAY AT HOME and you can't find it anywhere else. The product is stuffed by hand, with details of eyes, nose and mouth all hand-embroidered, bringing life and distinctive features to each and every doll. Clothing items are of elegant colors, with trendy styles, and carefully sewn. All designs have an inner lining, and resemble 90% real clothes for real people. Clothes are attached with wooden buttons to help children practice fine motor skills.<\/p>\n<p>\ud83c\udf3cNo toxic dyes, no itching or allergies for sensitive skin.<\/p>\n<p>\ud83c\udf3cBefore delivery, all cloth dolls and clothes are washed with biological laundry detergent. We also apply a little organic lavender essential oil onto the doll's cheeks and chest to bring the child a pleasant, floral kiss.<\/p>\n<p>&nbsp;<\/p>\n<div data-sliderid=\"99377\" id=\"penci-post-gallery__99377\" class=\"penci-post-gallery-container justified column-3\" data-height=\"150\" data-margin=\"3\"><a class=\"penci-gallery-ite item-gallery-justified\" href=\"https:\/\/playathome.shop\/wp-content\/uploads\/2023\/07\/IMG_2275-1-scaled.jpg?v=1694229523\"><img decoding=\"async\" src=\"https:\/\/playathome.shop\/wp-content\/uploads\/2023\/07\/IMG_2275-1-scaled-585x390.jpg?v=1694229523\" alt=\"\" title=\"IMG_2275\"><\/a><a class=\"penci-gallery-ite item-gallery-justified\" href=\"https:\/\/playathome.shop\/wp-content\/uploads\/2023\/07\/IMG_2263-scaled.jpg?v=1694229496\"><img decoding=\"async\" src=\"https:\/\/playathome.shop\/wp-content\/uploads\/2023\/07\/IMG_2263-585x390.jpg?v=1694229496\" alt=\"\" title=\"IMG_2263\"><\/a><a class=\"penci-gallery-ite item-gallery-justified\" href=\"https:\/\/playathome.shop\/wp-content\/uploads\/2023\/07\/IMG_2283-scaled.jpg?v=1694229516\"><img decoding=\"async\" src=\"https:\/\/playathome.shop\/wp-content\/uploads\/2023\/07\/IMG_2283-scaled-585x390.jpg?v=1694229516\" alt=\"\" title=\"IMG_2283\"><\/a><a class=\"penci-gallery-ite item-gallery-justified\" href=\"https:\/\/playathome.shop\/wp-content\/uploads\/2023\/07\/IMG_2255-scaled.jpg?v=1694229487\"><img decoding=\"async\" src=\"https:\/\/playathome.shop\/wp-content\/uploads\/2023\/07\/IMG_2255-585x390.jpg?v=1694229487\" alt=\"\" title=\"IMG_2255\"><\/a><a class=\"penci-gallery-ite item-gallery-justified\" href=\"https:\/\/playathome.shop\/wp-content\/uploads\/2021\/09\/IMG_2259-scaled.jpg?v=1694229450\"><img decoding=\"async\" src=\"https:\/\/playathome.shop\/wp-content\/uploads\/2021\/09\/IMG_2259-585x390.jpg?v=1694229450\" alt=\"\" title=\"IMG_2259\"><\/a><a class=\"penci-gallery-ite item-gallery-justified\" href=\"https:\/\/playathome.shop\/wp-content\/uploads\/2023\/07\/IMG_3235-Small.jpeg?v=1705995388\"><img decoding=\"async\" src=\"https:\/\/playathome.shop\/wp-content\/uploads\/2023\/07\/IMG_3235-Small.jpeg?v=1705995388\" alt=\"\" title=\"IMG_3235 Small\"><\/a><\/div>\n<p>Clothes suitable for dolls 34cm tall with 15cm bust and 21cm waist.<\/p>","protected":false},"excerpt":{"rendered":"<p>Clothes and accessories complete doll play. Play at Home has a variety of designs suitable for the size of all the M's dolls (Mia - May - Mi - Min - Mun) and many Waldorf dolls. Shop now.<\/p>\n<p>Various designs with soft materials, elegant colors, and a lined bodice. Carefully sewn and attached by wooden buttons and button holes. All clothes are washed with bio-detergent, dried in the sun and well ironed before delivery.<\/p>\n<p>Clothes suitable for dolls 34cm tall with 15cm bust and 21cm waist.<\/p>","protected":false},"featured_media":2094,"comment_status":"open","ping_status":"closed","template":"","meta":{"_lmt_disableupdate":"no","_lmt_disable":""},"product_brand":[],"product_cat":[88,87,47,150],"product_tag":[134,133,90,132],"class_list":{"0":"post-2154","1":"product","2":"type-product","3":"status-publish","4":"has-post-thumbnail","6":"product_cat-bup-be-tho","7":"product_cat-bup-be-vai","8":"product_cat-do-choi","9":"product_cat-quan-ao-phu-kien-bup-be","10":"product_tag-dam","11":"product_tag-hoa","12":"product_tag-mia","13":"product_tag-quan-ao","15":"first","16":"instock","17":"taxable","18":"shipping-taxable","19":"purchasable","20":"product-type-variable"},"yoast_head":"<!-- This site is optimized with the Yoast SEO plugin v27.1.1 - https:\/\/yoast.com\/product\/yoast-seo-wordpress\/ -->\n<title>Qu\u1ea7n \u00e1o B\u00fap b\u00ea - Play At Home - \u0110\u1ed3 Ch\u01a1i Th\u1ee7 C\u00f4ng<\/title>\n<meta name=\"description\" content=\"Ch\u01a1i b\u00fap b\u00ea m\u00e0 thi\u1ebfu qu\u1ea7n \u00e1o, ph\u1ee5 ki\u1ec7n th\u00ec th\u1eadt \u0111\u00e1ng ti\u1ebfc. Play at Home c\u00f3 nhi\u1ec1u m\u1eabu thi\u1ebft k\u1ebf \u0111a d\u1ea1ng ph\u00f9 h\u1ee3p cho v\u00f3c ng\u01b0\u1eddi c\u1ee7a c\u00e1c b\u1ea1n b\u00fap b\u00ea Ms v\u00e0 c\u1ea3 m\u1ed9t s\u1ed1 b\u00fap b\u00ea Waldorf. M\u1ebfn m\u1eddi Ba M\u1eb9 v\u00e0 c\u00e1c b\u00e9 ch\u1ecdn l\u1ef1a. \u0110a d\u1ea1ng thi\u1ebft k\u1ebf v\u1edbi ch\u1ea5t li\u1ec7u m\u1ec1m m\u1ea1i, m\u00e0u s\u1eafc trang nh\u00e3, \u0111\u01b0\u1ee3c may t\u1ec9 m\u1ec9, l\u00f3t ph\u1ea7n ng\u1ef1c v\u00e0 \u0111\u00ednh n\u00fat g\u1ed7 ch\u1eafc ch\u1eafn. T\u1ea5t c\u1ea3 qu\u1ea7n \u00e1o \u0111\u1ec1u \u0111\u01b0\u1ee3c gi\u1eb7t s\u1ea1ch, ph\u01a1i n\u1eafng v\u00e0 \u1ee7i ph\u1eb3ng tr\u01b0\u1edbc khi giao \u0111\u1ebfn tay c\u00e1c b\u00e9. Qu\u1ea7n \u00e1o ph\u00f9 h\u1ee3p cho b\u00fap b\u00ea cao 34cm, v\u00f2ng ng\u1ef1c 15cm, v\u00f2ng b\u1ee5ng 21cm.\" \/>\n<meta name=\"robots\" content=\"index, follow, max-snippet:-1, max-image-preview:large, max-video-preview:-1\" \/>\n<link rel=\"canonical\" href=\"https:\/\/playathome.shop\/en\/product\/quan-ao-bup-be\/\" \/>\n<meta property=\"og:locale\" content=\"en_US\" \/>\n<meta property=\"og:type\" content=\"article\" \/>\n<meta property=\"og:title\" content=\"Qu\u1ea7n \u00e1o B\u00fap b\u00ea - Play At Home - \u0110\u1ed3 Ch\u01a1i Th\u1ee7 C\u00f4ng\" \/>\n<meta property=\"og:description\" content=\"Ch\u01a1i b\u00fap b\u00ea m\u00e0 thi\u1ebfu qu\u1ea7n \u00e1o, ph\u1ee5 ki\u1ec7n th\u00ec th\u1eadt \u0111\u00e1ng ti\u1ebfc. Play at Home c\u00f3 nhi\u1ec1u m\u1eabu thi\u1ebft k\u1ebf \u0111a d\u1ea1ng ph\u00f9 h\u1ee3p cho v\u00f3c ng\u01b0\u1eddi c\u1ee7a c\u00e1c b\u1ea1n b\u00fap b\u00ea Ms v\u00e0 c\u1ea3 m\u1ed9t s\u1ed1 b\u00fap b\u00ea Waldorf. M\u1ebfn m\u1eddi Ba M\u1eb9 v\u00e0 c\u00e1c b\u00e9 ch\u1ecdn l\u1ef1a. \u0110a d\u1ea1ng thi\u1ebft k\u1ebf v\u1edbi ch\u1ea5t li\u1ec7u m\u1ec1m m\u1ea1i, m\u00e0u s\u1eafc trang nh\u00e3, \u0111\u01b0\u1ee3c may t\u1ec9 m\u1ec9, l\u00f3t ph\u1ea7n ng\u1ef1c v\u00e0 \u0111\u00ednh n\u00fat g\u1ed7 ch\u1eafc ch\u1eafn. T\u1ea5t c\u1ea3 qu\u1ea7n \u00e1o \u0111\u1ec1u \u0111\u01b0\u1ee3c gi\u1eb7t s\u1ea1ch, ph\u01a1i n\u1eafng v\u00e0 \u1ee7i ph\u1eb3ng tr\u01b0\u1edbc khi giao \u0111\u1ebfn tay c\u00e1c b\u00e9. Qu\u1ea7n \u00e1o ph\u00f9 h\u1ee3p cho b\u00fap b\u00ea cao 34cm, v\u00f2ng ng\u1ef1c 15cm, v\u00f2ng b\u1ee5ng 21cm.\" \/>\n<meta property=\"og:url\" content=\"https:\/\/playathome.shop\/en\/product\/quan-ao-bup-be\/\" \/>\n<meta property=\"og:site_name\" content=\"Play At Home - \u0110\u1ed3 Ch\u01a1i Th\u1ee7 C\u00f4ng\" \/>\n<meta property=\"article:publisher\" content=\"https:\/\/www.facebook.com\/PlayAtHome.ONhaVanVui\" \/>\n<meta property=\"article:modified_time\" content=\"2026-02-11T20:16:10+00:00\" \/>\n<meta property=\"og:image\" content=\"https:\/\/playathome.shop\/wp-content\/uploads\/2023\/07\/IMG_2245-scaled.jpg?v=1694229480\" \/>\n\t<meta property=\"og:image:width\" content=\"1920\" \/>\n\t<meta property=\"og:image:height\" content=\"1280\" \/>\n\t<meta property=\"og:image:type\" content=\"image\/jpeg\" \/>\n<meta name=\"twitter:card\" content=\"summary_large_image\" \/>\n<meta name=\"twitter:label1\" content=\"Est. reading time\" \/>\n\t<meta name=\"twitter:data1\" content=\"2 minutes\" \/>\n<script type=\"application\/ld+json\" class=\"yoast-schema-graph\">{\"@context\":\"https:\/\/schema.org\",\"@graph\":[{\"@type\":\"WebPage\",\"@id\":\"https:\/\/playathome.shop\/san-pham\/quan-ao-bup-be\/\",\"url\":\"https:\/\/playathome.shop\/san-pham\/quan-ao-bup-be\/\",\"name\":\"Qu\u1ea7n \u00e1o B\u00fap b\u00ea - Play At Home - \u0110\u1ed3 Ch\u01a1i Th\u1ee7 C\u00f4ng\",\"isPartOf\":{\"@id\":\"https:\/\/playathome.shop\/#website\"},\"primaryImageOfPage\":{\"@id\":\"https:\/\/playathome.shop\/san-pham\/quan-ao-bup-be\/#primaryimage\"},\"image\":{\"@id\":\"https:\/\/playathome.shop\/san-pham\/quan-ao-bup-be\/#primaryimage\"},\"thumbnailUrl\":\"https:\/\/playathome.shop\/wp-content\/uploads\/2023\/07\/IMG_2245-scaled.jpg?v=1694229480\",\"datePublished\":\"2023-07-28T13:28:43+00:00\",\"dateModified\":\"2026-02-11T20:16:10+00:00\",\"description\":\"Ch\u01a1i b\u00fap b\u00ea m\u00e0 thi\u1ebfu qu\u1ea7n \u00e1o, ph\u1ee5 ki\u1ec7n th\u00ec th\u1eadt \u0111\u00e1ng ti\u1ebfc. Play at Home c\u00f3 nhi\u1ec1u m\u1eabu thi\u1ebft k\u1ebf \u0111a d\u1ea1ng ph\u00f9 h\u1ee3p cho v\u00f3c ng\u01b0\u1eddi c\u1ee7a c\u00e1c b\u1ea1n b\u00fap b\u00ea Ms v\u00e0 c\u1ea3 m\u1ed9t s\u1ed1 b\u00fap b\u00ea Waldorf. M\u1ebfn m\u1eddi Ba M\u1eb9 v\u00e0 c\u00e1c b\u00e9 ch\u1ecdn l\u1ef1a. \u0110a d\u1ea1ng thi\u1ebft k\u1ebf v\u1edbi ch\u1ea5t li\u1ec7u m\u1ec1m m\u1ea1i, m\u00e0u s\u1eafc trang nh\u00e3, \u0111\u01b0\u1ee3c may t\u1ec9 m\u1ec9, l\u00f3t ph\u1ea7n ng\u1ef1c v\u00e0 \u0111\u00ednh n\u00fat g\u1ed7 ch\u1eafc ch\u1eafn. T\u1ea5t c\u1ea3 qu\u1ea7n \u00e1o \u0111\u1ec1u \u0111\u01b0\u1ee3c gi\u1eb7t s\u1ea1ch, ph\u01a1i n\u1eafng v\u00e0 \u1ee7i ph\u1eb3ng tr\u01b0\u1edbc khi giao \u0111\u1ebfn tay c\u00e1c b\u00e9. Qu\u1ea7n \u00e1o ph\u00f9 h\u1ee3p cho b\u00fap b\u00ea cao 34cm, v\u00f2ng ng\u1ef1c 15cm, v\u00f2ng b\u1ee5ng 21cm.\",\"breadcrumb\":{\"@id\":\"https:\/\/playathome.shop\/san-pham\/quan-ao-bup-be\/#breadcrumb\"},\"inLanguage\":\"en-US\",\"potentialAction\":[{\"@type\":\"ReadAction\",\"target\":[\"https:\/\/playathome.shop\/san-pham\/quan-ao-bup-be\/\"]}]},{\"@type\":\"ImageObject\",\"inLanguage\":\"en-US\",\"@id\":\"https:\/\/playathome.shop\/san-pham\/quan-ao-bup-be\/#primaryimage\",\"url\":\"https:\/\/playathome.shop\/wp-content\/uploads\/2023\/07\/IMG_2245-scaled.jpg?v=1694229480\",\"contentUrl\":\"https:\/\/playathome.shop\/wp-content\/uploads\/2023\/07\/IMG_2245-scaled.jpg?v=1694229480\",\"width\":1920,\"height\":1280},{\"@type\":\"BreadcrumbList\",\"@id\":\"https:\/\/playathome.shop\/san-pham\/quan-ao-bup-be\/#breadcrumb\",\"itemListElement\":[{\"@type\":\"ListItem\",\"position\":1,\"name\":\"Trang ch\u1ee7\",\"item\":\"https:\/\/playathome.shop\/\"},{\"@type\":\"ListItem\",\"position\":2,\"name\":\"C\u1eeda h\u00e0ng\",\"item\":\"https:\/\/playathome.shop\/cua-hang\/\"},{\"@type\":\"ListItem\",\"position\":3,\"name\":\"Qu\u1ea7n \u00e1o B\u00fap b\u00ea\"}]},{\"@type\":\"WebSite\",\"@id\":\"https:\/\/playathome.shop\/#website\",\"url\":\"https:\/\/playathome.shop\/\",\"name\":\"Play At Home - \u0110\u1ed3 Ch\u01a1i Th\u1ee7 C\u00f4ng\",\"description\":\"Handmade &amp; Heartmade Toys For Kids\",\"publisher\":{\"@id\":\"https:\/\/playathome.shop\/#organization\"},\"potentialAction\":[{\"@type\":\"SearchAction\",\"target\":{\"@type\":\"EntryPoint\",\"urlTemplate\":\"https:\/\/playathome.shop\/?s={search_term_string}\"},\"query-input\":{\"@type\":\"PropertyValueSpecification\",\"valueRequired\":true,\"valueName\":\"search_term_string\"}}],\"inLanguage\":\"en-US\"},{\"@type\":\"Organization\",\"@id\":\"https:\/\/playathome.shop\/#organization\",\"name\":\"Play At Home - \u0110\u1ed3 Ch\u01a1i Th\u1ee7 C\u00f4ng\",\"url\":\"https:\/\/playathome.shop\/\",\"logo\":{\"@type\":\"ImageObject\",\"inLanguage\":\"en-US\",\"@id\":\"https:\/\/playathome.shop\/#\/schema\/logo\/image\/\",\"url\":\"https:\/\/playathome.shop\/wp-content\/uploads\/2023\/05\/image.jpg\",\"contentUrl\":\"https:\/\/playathome.shop\/wp-content\/uploads\/2023\/05\/image.jpg\",\"width\":640,\"height\":640,\"caption\":\"Play At Home - \u0110\u1ed3 Ch\u01a1i Th\u1ee7 C\u00f4ng\"},\"image\":{\"@id\":\"https:\/\/playathome.shop\/#\/schema\/logo\/image\/\"},\"sameAs\":[\"https:\/\/www.facebook.com\/PlayAtHome.ONhaVanVui\",\"https:\/\/instagram.com\/playathome.onhavanvui\"]}]}<\/script>\n<!-- \/ Yoast SEO plugin. -->","yoast_head_json":{"title":"Qu\u1ea7n \u00e1o B\u00fap b\u00ea - Play At Home - \u0110\u1ed3 Ch\u01a1i Th\u1ee7 C\u00f4ng","description":"Ch\u01a1i b\u00fap b\u00ea m\u00e0 thi\u1ebfu qu\u1ea7n \u00e1o, ph\u1ee5 ki\u1ec7n th\u00ec th\u1eadt \u0111\u00e1ng ti\u1ebfc. Play at Home c\u00f3 nhi\u1ec1u m\u1eabu thi\u1ebft k\u1ebf \u0111a d\u1ea1ng ph\u00f9 h\u1ee3p cho v\u00f3c ng\u01b0\u1eddi c\u1ee7a c\u00e1c b\u1ea1n b\u00fap b\u00ea Ms v\u00e0 c\u1ea3 m\u1ed9t s\u1ed1 b\u00fap b\u00ea Waldorf. M\u1ebfn m\u1eddi Ba M\u1eb9 v\u00e0 c\u00e1c b\u00e9 ch\u1ecdn l\u1ef1a. \u0110a d\u1ea1ng thi\u1ebft k\u1ebf v\u1edbi ch\u1ea5t li\u1ec7u m\u1ec1m m\u1ea1i, m\u00e0u s\u1eafc trang nh\u00e3, \u0111\u01b0\u1ee3c may t\u1ec9 m\u1ec9, l\u00f3t ph\u1ea7n ng\u1ef1c v\u00e0 \u0111\u00ednh n\u00fat g\u1ed7 ch\u1eafc ch\u1eafn. T\u1ea5t c\u1ea3 qu\u1ea7n \u00e1o \u0111\u1ec1u \u0111\u01b0\u1ee3c gi\u1eb7t s\u1ea1ch, ph\u01a1i n\u1eafng v\u00e0 \u1ee7i ph\u1eb3ng tr\u01b0\u1edbc khi giao \u0111\u1ebfn tay c\u00e1c b\u00e9. Qu\u1ea7n \u00e1o ph\u00f9 h\u1ee3p cho b\u00fap b\u00ea cao 34cm, v\u00f2ng ng\u1ef1c 15cm, v\u00f2ng b\u1ee5ng 21cm.","robots":{"index":"index","follow":"follow","max-snippet":"max-snippet:-1","max-image-preview":"max-image-preview:large","max-video-preview":"max-video-preview:-1"},"canonical":"https:\/\/playathome.shop\/en\/product\/quan-ao-bup-be\/","og_locale":"en_US","og_type":"article","og_title":"Qu\u1ea7n \u00e1o B\u00fap b\u00ea - Play At Home - \u0110\u1ed3 Ch\u01a1i Th\u1ee7 C\u00f4ng","og_description":"Ch\u01a1i b\u00fap b\u00ea m\u00e0 thi\u1ebfu qu\u1ea7n \u00e1o, ph\u1ee5 ki\u1ec7n th\u00ec th\u1eadt \u0111\u00e1ng ti\u1ebfc. Play at Home c\u00f3 nhi\u1ec1u m\u1eabu thi\u1ebft k\u1ebf \u0111a d\u1ea1ng ph\u00f9 h\u1ee3p cho v\u00f3c ng\u01b0\u1eddi c\u1ee7a c\u00e1c b\u1ea1n b\u00fap b\u00ea Ms v\u00e0 c\u1ea3 m\u1ed9t s\u1ed1 b\u00fap b\u00ea Waldorf. M\u1ebfn m\u1eddi Ba M\u1eb9 v\u00e0 c\u00e1c b\u00e9 ch\u1ecdn l\u1ef1a. \u0110a d\u1ea1ng thi\u1ebft k\u1ebf v\u1edbi ch\u1ea5t li\u1ec7u m\u1ec1m m\u1ea1i, m\u00e0u s\u1eafc trang nh\u00e3, \u0111\u01b0\u1ee3c may t\u1ec9 m\u1ec9, l\u00f3t ph\u1ea7n ng\u1ef1c v\u00e0 \u0111\u00ednh n\u00fat g\u1ed7 ch\u1eafc ch\u1eafn. T\u1ea5t c\u1ea3 qu\u1ea7n \u00e1o \u0111\u1ec1u \u0111\u01b0\u1ee3c gi\u1eb7t s\u1ea1ch, ph\u01a1i n\u1eafng v\u00e0 \u1ee7i ph\u1eb3ng tr\u01b0\u1edbc khi giao \u0111\u1ebfn tay c\u00e1c b\u00e9. Qu\u1ea7n \u00e1o ph\u00f9 h\u1ee3p cho b\u00fap b\u00ea cao 34cm, v\u00f2ng ng\u1ef1c 15cm, v\u00f2ng b\u1ee5ng 21cm.","og_url":"https:\/\/playathome.shop\/en\/product\/quan-ao-bup-be\/","og_site_name":"Play At Home - \u0110\u1ed3 Ch\u01a1i Th\u1ee7 C\u00f4ng","article_publisher":"https:\/\/www.facebook.com\/PlayAtHome.ONhaVanVui","article_modified_time":"2026-02-11T20:16:10+00:00","og_image":[{"width":1920,"height":1280,"url":"https:\/\/playathome.shop\/wp-content\/uploads\/2023\/07\/IMG_2245-scaled.jpg?v=1694229480","type":"image\/jpeg"}],"twitter_card":"summary_large_image","twitter_misc":{"Est. reading time":"2 minutes"},"schema":{"@context":"https:\/\/schema.org","@graph":[{"@type":"WebPage","@id":"https:\/\/playathome.shop\/san-pham\/quan-ao-bup-be\/","url":"https:\/\/playathome.shop\/san-pham\/quan-ao-bup-be\/","name":"Qu\u1ea7n \u00e1o B\u00fap b\u00ea - Play At Home - \u0110\u1ed3 Ch\u01a1i Th\u1ee7 C\u00f4ng","isPartOf":{"@id":"https:\/\/playathome.shop\/#website"},"primaryImageOfPage":{"@id":"https:\/\/playathome.shop\/san-pham\/quan-ao-bup-be\/#primaryimage"},"image":{"@id":"https:\/\/playathome.shop\/san-pham\/quan-ao-bup-be\/#primaryimage"},"thumbnailUrl":"https:\/\/playathome.shop\/wp-content\/uploads\/2023\/07\/IMG_2245-scaled.jpg?v=1694229480","datePublished":"2023-07-28T13:28:43+00:00","dateModified":"2026-02-11T20:16:10+00:00","description":"Ch\u01a1i b\u00fap b\u00ea m\u00e0 thi\u1ebfu qu\u1ea7n \u00e1o, ph\u1ee5 ki\u1ec7n th\u00ec th\u1eadt \u0111\u00e1ng ti\u1ebfc. Play at Home c\u00f3 nhi\u1ec1u m\u1eabu thi\u1ebft k\u1ebf \u0111a d\u1ea1ng ph\u00f9 h\u1ee3p cho v\u00f3c ng\u01b0\u1eddi c\u1ee7a c\u00e1c b\u1ea1n b\u00fap b\u00ea Ms v\u00e0 c\u1ea3 m\u1ed9t s\u1ed1 b\u00fap b\u00ea Waldorf. M\u1ebfn m\u1eddi Ba M\u1eb9 v\u00e0 c\u00e1c b\u00e9 ch\u1ecdn l\u1ef1a. \u0110a d\u1ea1ng thi\u1ebft k\u1ebf v\u1edbi ch\u1ea5t li\u1ec7u m\u1ec1m m\u1ea1i, m\u00e0u s\u1eafc trang nh\u00e3, \u0111\u01b0\u1ee3c may t\u1ec9 m\u1ec9, l\u00f3t ph\u1ea7n ng\u1ef1c v\u00e0 \u0111\u00ednh n\u00fat g\u1ed7 ch\u1eafc ch\u1eafn. T\u1ea5t c\u1ea3 qu\u1ea7n \u00e1o \u0111\u1ec1u \u0111\u01b0\u1ee3c gi\u1eb7t s\u1ea1ch, ph\u01a1i n\u1eafng v\u00e0 \u1ee7i ph\u1eb3ng tr\u01b0\u1edbc khi giao \u0111\u1ebfn tay c\u00e1c b\u00e9. Qu\u1ea7n \u00e1o ph\u00f9 h\u1ee3p cho b\u00fap b\u00ea cao 34cm, v\u00f2ng ng\u1ef1c 15cm, v\u00f2ng b\u1ee5ng 21cm.","breadcrumb":{"@id":"https:\/\/playathome.shop\/san-pham\/quan-ao-bup-be\/#breadcrumb"},"inLanguage":"en-US","potentialAction":[{"@type":"ReadAction","target":["https:\/\/playathome.shop\/san-pham\/quan-ao-bup-be\/"]}]},{"@type":"ImageObject","inLanguage":"en-US","@id":"https:\/\/playathome.shop\/san-pham\/quan-ao-bup-be\/#primaryimage","url":"https:\/\/playathome.shop\/wp-content\/uploads\/2023\/07\/IMG_2245-scaled.jpg?v=1694229480","contentUrl":"https:\/\/playathome.shop\/wp-content\/uploads\/2023\/07\/IMG_2245-scaled.jpg?v=1694229480","width":1920,"height":1280},{"@type":"BreadcrumbList","@id":"https:\/\/playathome.shop\/san-pham\/quan-ao-bup-be\/#breadcrumb","itemListElement":[{"@type":"ListItem","position":1,"name":"Trang ch\u1ee7","item":"https:\/\/playathome.shop\/"},{"@type":"ListItem","position":2,"name":"C\u1eeda h\u00e0ng","item":"https:\/\/playathome.shop\/cua-hang\/"},{"@type":"ListItem","position":3,"name":"Qu\u1ea7n \u00e1o B\u00fap b\u00ea"}]},{"@type":"WebSite","@id":"https:\/\/playathome.shop\/#website","url":"https:\/\/playathome.shop\/","name":"Play At Home - Handmade Toys","description":"Handmade &amp; Heartmade Toys For Kids","publisher":{"@id":"https:\/\/playathome.shop\/#organization"},"potentialAction":[{"@type":"SearchAction","target":{"@type":"EntryPoint","urlTemplate":"https:\/\/playathome.shop\/?s={search_term_string}"},"query-input":{"@type":"PropertyValueSpecification","valueRequired":true,"valueName":"search_term_string"}}],"inLanguage":"en-US"},{"@type":"Organization","@id":"https:\/\/playathome.shop\/#organization","name":"Play At Home - Handmade Toys","url":"https:\/\/playathome.shop\/","logo":{"@type":"ImageObject","inLanguage":"en-US","@id":"https:\/\/playathome.shop\/#\/schema\/logo\/image\/","url":"https:\/\/playathome.shop\/wp-content\/uploads\/2023\/05\/image.jpg","contentUrl":"https:\/\/playathome.shop\/wp-content\/uploads\/2023\/05\/image.jpg","width":640,"height":640,"caption":"Play At Home - \u0110\u1ed3 Ch\u01a1i Th\u1ee7 C\u00f4ng"},"image":{"@id":"https:\/\/playathome.shop\/#\/schema\/logo\/image\/"},"sameAs":["https:\/\/www.facebook.com\/PlayAtHome.ONhaVanVui","https:\/\/instagram.com\/playathome.onhavanvui"]}]}},"jetpack_sharing_enabled":true,"_links":{"self":[{"href":"https:\/\/playathome.shop\/en\/wp-json\/wp\/v2\/product\/2154","targetHints":{"allow":["GET"]}}],"collection":[{"href":"https:\/\/playathome.shop\/en\/wp-json\/wp\/v2\/product"}],"about":[{"href":"https:\/\/playathome.shop\/en\/wp-json\/wp\/v2\/types\/product"}],"replies":[{"embeddable":true,"href":"https:\/\/playathome.shop\/en\/wp-json\/wp\/v2\/comments?post=2154"}],"wp:featuredmedia":[{"embeddable":true,"href":"https:\/\/playathome.shop\/en\/wp-json\/wp\/v2\/media\/2094"}],"wp:attachment":[{"href":"https:\/\/playathome.shop\/en\/wp-json\/wp\/v2\/media?parent=2154"}],"wp:term":[{"taxonomy":"product_brand","embeddable":true,"href":"https:\/\/playathome.shop\/en\/wp-json\/wp\/v2\/product_brand?post=2154"},{"taxonomy":"product_cat","embeddable":true,"href":"https:\/\/playathome.shop\/en\/wp-json\/wp\/v2\/product_cat?post=2154"},{"taxonomy":"product_tag","embeddable":true,"href":"https:\/\/playathome.shop\/en\/wp-json\/wp\/v2\/product_tag?post=2154"}],"curies":[{"name":"wp","href":"https:\/\/api.w.org\/{rel}","templated":true}]}}