{"id":2805,"date":"2024-01-19T14:10:06","date_gmt":"2024-01-19T07:10:06","guid":{"rendered":"https:\/\/playathome.shop\/?post_type=product&#038;p=2805"},"modified":"2026-02-12T03:12:44","modified_gmt":"2026-02-11T20:12:44","slug":"bup-be-chuot-mi-tai-tim","status":"publish","type":"product","link":"https:\/\/playathome.shop\/en\/product\/bup-be-chuot-mi-tai-tim\/","title":{"rendered":"Mi Mouse Doll (Purple Ears)"},"content":{"rendered":"<p>Mi l\u00e0 m\u1ed9t em chu\u1ed9t tinh ngh\u1ecbch v\u00e0 l\u00e9m l\u1ec9nh. Mi r\u1ea5t th\u00edch ch\u01a1i v\u1edbi M\u00eda. Bi\u1ebft M\u00eda t\u00ednh hay m\u1ed9ng m\u01a1, th\u00edch \u0111i d\u1ea1o ng\u1eafm tr\u1eddi m\u00e2y, n\u00ean Mi hay r\u1ee7 M\u00eda d\u1ea1o ch\u01a1i vui v\u1ebb c\u1ea3 ng\u00e0y tr\u00ean \u0110\u1ed3ng C\u1ecf Xanh m\u00e0 kh\u00f4ng bi\u1ebft ch\u00e1n.<\/p>\n<p>C\u00e1c b\u00e9 c\u00f3 mu\u1ed1n l\u00e0m b\u1ea1n v\u1edbi Mi kh\u00f4ng n\u00e8?<\/p>\n<p><iframe title=\"[PLAY AT HOME -\u0110\u1ed2 CH\u01a0I TH\u1ee6 C\u00d4NG] Chu\u1ed9t B\u00fap B\u00ea \/ Chu\u1ed9t Mi \/ Chu\u1ed9t Tai To\" width=\"1170\" height=\"658\" src=\"https:\/\/www.youtube.com\/embed\/cn6owLxeqFQ?feature=oembed\" frameborder=\"0\" allow=\"accelerometer; autoplay; clipboard-write; encrypted-media; gyroscope; picture-in-picture; web-share\" allowfullscreen><\/iframe><\/p>\n<p>Mi cao 34cm, \u0111\u01b0\u1ee3c l\u00e0m t\u1eeb ch\u1ea5t li\u1ec7u linen cotton, nh\u1ed3i b\u00f4ng g\u00f2n cao c\u1ea5p xu\u1ea5t H\u00e0n Qu\u1ed1c. Mi s\u1edf h\u1eefu m\u1ed9t b\u1ed9 s\u01b0u t\u1eadp qu\u1ea7n \u00e1o &#8211; ph\u1ee5 ki\u1ec7n \u0111a d\u1ea1ng ki\u1ec3u d\u00e1ng v\u00e0 ch\u1ea5t li\u1ec7u, ph\u00f9 h\u1ee3p \u0111\u1ec3 b\u00e9 ph\u1ed1i h\u1ee3p \u0111\u1ee7 c\u00e1c ki\u1ec3u kh\u00f4ng ch\u00e1n. \u0110\u1eb7c bi\u1ec7t, Mi c\u00f2n c\u00f3 ri\u00eang m\u1ed9t BST qu\u1ea7n \u00e1o Noel \u0111\u1ee7 t\u00f4ng \u0111\u1ecf lu\u00f4n \u0111\u00f3 nha. T\u1ea5t c\u1ea3 thi\u1ebft k\u1ebf \u0111\u1ec1u l\u00e0 h\u00e0ng \u0111\u1ed9c quy\u1ec1n c\u1ee7a Play at Home m\u00e0 Ba M\u1eb9 kh\u00f4ng th\u1ec3 t\u00ecm th\u1ea5y n\u01a1i kh\u00e1c.<\/p>\n<p>T\u1ea5t c\u1ea3 b\u00fap b\u00ea v\u00e0 qu\u1ea7n \u00e1o c\u1ee7a PLAY AT HOME \u0111\u1ec1u:<\/p>\n<p>\ud83c\udf3c\u0110\u01b0\u1ee3c thi\u1ebft k\u1ebf ri\u00eang b\u1edfi PLAY AT HOME v\u00e0 b\u1ea1n kh\u00f4ng th\u1ec3 t\u00ecm th\u1ea5y \u1edf n\u01a1i kh\u00e1c. S\u1ea3n ph\u1ea9m \u0111\u01b0\u1ee3c nh\u1ed3i b\u00f4ng b\u1eb1ng tay, c\u00e1c chi ti\u1ebft m\u1eaft-m\u0169i-mi\u1ec7ng \u0111\u1ec1u \u0111\u01b0\u1ee3c th\u00eau tay n\u00ean s\u1ea3n ph\u1ea9m c\u00f3 h\u1ed3n r\u1ea5t ri\u00eang. Qu\u1ea7n \u00e1o m\u00e0u s\u1eafc h\u00e0i ho\u00e0, h\u1ee3p th\u1eddi trang, \u0111\u01b0\u1eddng n\u00e9t may t\u1ec9 m\u1ec9. T\u1ea5t c\u1ea3 c\u00e1c thi\u1ebft k\u1ebf \u0111\u1ec1u c\u00f3 l\u1edbp l\u00f3t che b\u00ean trong, s\u1ea3n ph\u1ea9m may gi\u1ed1ng 90% qu\u1ea7n \u00e1o cho ng\u01b0\u1eddi th\u1eadt. Hai v\u1ea1t \u00e1o \u0111\u00ednh l\u1ea1i b\u1eb1ng n\u00fat g\u1ed7 gi\u00fap tr\u1ebb luy\u1ec7n v\u1eadn \u0111\u1ed9ng tinh.<\/p>\n<p>\ud83c\udf3cKh\u00f4ng nhu\u1ed9m m\u00e0u \u0111\u1ed9c h\u1ea1i, kh\u00f4ng g\u00e2y ng\u1ee9a hay d\u1ecb \u1ee9ng cho l\u00e0n da m\u1eabn c\u1ea3m.<\/p>\n<p>\ud83c\udf3cTr\u01b0\u1edbc khi giao \u0111\u1ebfn kh\u00e1ch h\u00e0ng, t\u1ea5t c\u1ea3 b\u00fap b\u00ea nh\u1ed3i b\u00f4ng v\u00e0 qu\u1ea7n \u00e1o \u0111\u1ec1u \u0111\u01b0\u1ee3c gi\u1eb7t \u1ee7i s\u1ea1ch s\u1ebd b\u1eb1ng n\u01b0\u1edbc gi\u1eb7t sinh h\u1ecdc, hai b\u00ean m\u00e1 c\u1ee7a b\u00fap b\u00ea s\u1ebd \u0111\u01b0\u1ee3c thoa 1 \u00edt tinh d\u1ea7u hoa o\u1ea3i h\u01b0\u01a1ng (lavender) \u0111\u1ec3 b\u00e9 c\u00f3 m\u1ed9t n\u1ee5 h\u00f4n th\u01a1m tho d\u1ec5 ch\u1ecbu.<\/p>\n<p>CH\u00da \u00dd: B\u00fap b\u00ea \u0111\u01b0\u1ee3c b\u00e1n ri\u00eang k\u00e8m qu\u1ea7n chip. Ba m\u1eb9 vui l\u00f2ng mua qu\u1ea7n \u00e1o ri\u00eang \u1edf <a href=\"https:\/\/playathome.shop\/san-pham\/quan-ao-bup-be\/\">\u0111\u00e2y<\/a>.<\/p>\n","protected":false},"excerpt":{"rendered":"<p>Mi is 34cm tall, made from cotton linen, stuffed with high-quality polyfiber made in Korea. Mi owns a collection of clothes and accessories with various designs and materials, suitable for children to mix-and-match. Especially, Mi also has a Christmas collection with all festive colors. All designs are exclusive to Play at Home that you cannot find anywhere else.<\/p>","protected":false},"featured_media":2834,"comment_status":"open","ping_status":"closed","template":"","meta":{"_lmt_disableupdate":"no","_lmt_disable":""},"product_brand":[],"product_cat":[194,211,87,47],"product_tag":[80,89,199,195,198,200,201],"class_list":{"0":"post-2805","1":"product","2":"type-product","3":"status-publish","4":"has-post-thumbnail","6":"product_cat-bup-be-chuot","7":"product_cat-bup-be-ms","8":"product_cat-bup-be-vai","9":"product_cat-do-choi","10":"product_tag-bup-be","11":"product_tag-bup-be-vai","12":"product_tag-chuot","13":"product_tag-doll","14":"product_tag-mi","15":"product_tag-mouse","16":"product_tag-mousy","18":"first","19":"instock","20":"taxable","21":"shipping-taxable","22":"purchasable","23":"product-type-simple"},"yoast_head":"<!-- This site is optimized with the Yoast SEO plugin v27.1.1 - https:\/\/yoast.com\/product\/yoast-seo-wordpress\/ -->\n<title>B\u00fap B\u00ea Chu\u1ed9t Mi (Tai t\u00edm) - Play At Home - \u0110\u1ed3 Ch\u01a1i Th\u1ee7 C\u00f4ng<\/title>\n<meta name=\"description\" content=\"Play At Home - \u0110\u1ed3 Ch\u01a1i Th\u1ee7 C\u00f4ng - Mi cao 34cm, \u0111\u01b0\u1ee3c l\u00e0m t\u1eeb ch\u1ea5t li\u1ec7u linen cotton, nh\u1ed3i b\u00f4ng g\u00f2n cao c\u1ea5p xu\u1ea5t H\u00e0n Qu\u1ed1c. Mi s\u1edf h\u1eefu m\u1ed9t b\u1ed9 s\u01b0u t\u1eadp qu\u1ea7n \u00e1o - ph\u1ee5 ki\u1ec7n \u0111a d\u1ea1ng ki\u1ec3u d\u00e1ng v\u00e0 ch\u1ea5t li\u1ec7u, ph\u00f9 h\u1ee3p \u0111\u1ec3 b\u00e9 ph\u1ed1i h\u1ee3p \u0111\u1ee7 c\u00e1c ki\u1ec3u kh\u00f4ng ch\u00e1n. \u0110\u1eb7c bi\u1ec7t, Mi c\u00f2n c\u00f3 ri\u00eang m\u1ed9t BST qu\u1ea7n \u00e1o Noel \u0111\u1ee7 t\u00f4ng \u0111\u1ecf lu\u00f4n \u0111\u00f3 nha. T\u1ea5t c\u1ea3 thi\u1ebft k\u1ebf \u0111\u1ec1u l\u00e0 h\u00e0ng \u0111\u1ed9c quy\u1ec1n c\u1ee7a Play at Home m\u00e0 Ba M\u1eb9 kh\u00f4ng th\u1ec3 t\u00ecm th\u1ea5y n\u01a1i kh\u00e1c.\" \/>\n<meta name=\"robots\" content=\"index, follow, max-snippet:-1, max-image-preview:large, max-video-preview:-1\" \/>\n<link rel=\"canonical\" href=\"https:\/\/playathome.shop\/en\/product\/bup-be-chuot-mi-tai-tim\/\" \/>\n<meta property=\"og:locale\" content=\"en_US\" \/>\n<meta property=\"og:type\" content=\"article\" \/>\n<meta property=\"og:title\" content=\"B\u00fap B\u00ea Chu\u1ed9t Mi (Tai t\u00edm) - Play At Home - \u0110\u1ed3 Ch\u01a1i Th\u1ee7 C\u00f4ng\" \/>\n<meta property=\"og:description\" content=\"Play At Home - \u0110\u1ed3 Ch\u01a1i Th\u1ee7 C\u00f4ng - Mi cao 34cm, \u0111\u01b0\u1ee3c l\u00e0m t\u1eeb ch\u1ea5t li\u1ec7u linen cotton, nh\u1ed3i b\u00f4ng g\u00f2n cao c\u1ea5p xu\u1ea5t H\u00e0n Qu\u1ed1c. Mi s\u1edf h\u1eefu m\u1ed9t b\u1ed9 s\u01b0u t\u1eadp qu\u1ea7n \u00e1o - ph\u1ee5 ki\u1ec7n \u0111a d\u1ea1ng ki\u1ec3u d\u00e1ng v\u00e0 ch\u1ea5t li\u1ec7u, ph\u00f9 h\u1ee3p \u0111\u1ec3 b\u00e9 ph\u1ed1i h\u1ee3p \u0111\u1ee7 c\u00e1c ki\u1ec3u kh\u00f4ng ch\u00e1n. \u0110\u1eb7c bi\u1ec7t, Mi c\u00f2n c\u00f3 ri\u00eang m\u1ed9t BST qu\u1ea7n \u00e1o Noel \u0111\u1ee7 t\u00f4ng \u0111\u1ecf lu\u00f4n \u0111\u00f3 nha. T\u1ea5t c\u1ea3 thi\u1ebft k\u1ebf \u0111\u1ec1u l\u00e0 h\u00e0ng \u0111\u1ed9c quy\u1ec1n c\u1ee7a Play at Home m\u00e0 Ba M\u1eb9 kh\u00f4ng th\u1ec3 t\u00ecm th\u1ea5y n\u01a1i kh\u00e1c.\" \/>\n<meta property=\"og:url\" content=\"https:\/\/playathome.shop\/en\/product\/bup-be-chuot-mi-tai-tim\/\" \/>\n<meta property=\"og:site_name\" content=\"Play At Home - \u0110\u1ed3 Ch\u01a1i Th\u1ee7 C\u00f4ng\" \/>\n<meta property=\"article:publisher\" content=\"https:\/\/www.facebook.com\/PlayAtHome.ONhaVanVui\" \/>\n<meta property=\"article:modified_time\" content=\"2026-02-11T20:12:44+00:00\" \/>\n<meta property=\"og:image\" content=\"https:\/\/playathome.shop\/wp-content\/uploads\/2024\/01\/IMG_3356.jpg?v=1705651001\" \/>\n\t<meta property=\"og:image:width\" content=\"1280\" \/>\n\t<meta property=\"og:image:height\" content=\"1920\" \/>\n\t<meta property=\"og:image:type\" content=\"image\/jpeg\" \/>\n<meta name=\"twitter:card\" content=\"summary_large_image\" \/>\n<meta name=\"twitter:label1\" content=\"Est. reading time\" \/>\n\t<meta name=\"twitter:data1\" content=\"3 minutes\" \/>\n<script type=\"application\/ld+json\" class=\"yoast-schema-graph\">{\"@context\":\"https:\/\/schema.org\",\"@graph\":[{\"@type\":\"WebPage\",\"@id\":\"https:\/\/playathome.shop\/san-pham\/bup-be-chuot-mi-tai-tim\/\",\"url\":\"https:\/\/playathome.shop\/san-pham\/bup-be-chuot-mi-tai-tim\/\",\"name\":\"B\u00fap B\u00ea Chu\u1ed9t Mi (Tai t\u00edm) - Play At Home - \u0110\u1ed3 Ch\u01a1i Th\u1ee7 C\u00f4ng\",\"isPartOf\":{\"@id\":\"https:\/\/playathome.shop\/#website\"},\"primaryImageOfPage\":{\"@id\":\"https:\/\/playathome.shop\/san-pham\/bup-be-chuot-mi-tai-tim\/#primaryimage\"},\"image\":{\"@id\":\"https:\/\/playathome.shop\/san-pham\/bup-be-chuot-mi-tai-tim\/#primaryimage\"},\"thumbnailUrl\":\"https:\/\/playathome.shop\/wp-content\/uploads\/2024\/01\/IMG_3356.jpg?v=1705651001\",\"datePublished\":\"2024-01-19T07:10:06+00:00\",\"dateModified\":\"2026-02-11T20:12:44+00:00\",\"description\":\"Play At Home - \u0110\u1ed3 Ch\u01a1i Th\u1ee7 C\u00f4ng - Mi cao 34cm, \u0111\u01b0\u1ee3c l\u00e0m t\u1eeb ch\u1ea5t li\u1ec7u linen cotton, nh\u1ed3i b\u00f4ng g\u00f2n cao c\u1ea5p xu\u1ea5t H\u00e0n Qu\u1ed1c. Mi s\u1edf h\u1eefu m\u1ed9t b\u1ed9 s\u01b0u t\u1eadp qu\u1ea7n \u00e1o - ph\u1ee5 ki\u1ec7n \u0111a d\u1ea1ng ki\u1ec3u d\u00e1ng v\u00e0 ch\u1ea5t li\u1ec7u, ph\u00f9 h\u1ee3p \u0111\u1ec3 b\u00e9 ph\u1ed1i h\u1ee3p \u0111\u1ee7 c\u00e1c ki\u1ec3u kh\u00f4ng ch\u00e1n. \u0110\u1eb7c bi\u1ec7t, Mi c\u00f2n c\u00f3 ri\u00eang m\u1ed9t BST qu\u1ea7n \u00e1o Noel \u0111\u1ee7 t\u00f4ng \u0111\u1ecf lu\u00f4n \u0111\u00f3 nha. T\u1ea5t c\u1ea3 thi\u1ebft k\u1ebf \u0111\u1ec1u l\u00e0 h\u00e0ng \u0111\u1ed9c quy\u1ec1n c\u1ee7a Play at Home m\u00e0 Ba M\u1eb9 kh\u00f4ng th\u1ec3 t\u00ecm th\u1ea5y n\u01a1i kh\u00e1c.\",\"breadcrumb\":{\"@id\":\"https:\/\/playathome.shop\/san-pham\/bup-be-chuot-mi-tai-tim\/#breadcrumb\"},\"inLanguage\":\"en-US\",\"potentialAction\":[{\"@type\":\"ReadAction\",\"target\":[\"https:\/\/playathome.shop\/san-pham\/bup-be-chuot-mi-tai-tim\/\"]}]},{\"@type\":\"ImageObject\",\"inLanguage\":\"en-US\",\"@id\":\"https:\/\/playathome.shop\/san-pham\/bup-be-chuot-mi-tai-tim\/#primaryimage\",\"url\":\"https:\/\/playathome.shop\/wp-content\/uploads\/2024\/01\/IMG_3356.jpg?v=1705651001\",\"contentUrl\":\"https:\/\/playathome.shop\/wp-content\/uploads\/2024\/01\/IMG_3356.jpg?v=1705651001\",\"width\":1280,\"height\":1920},{\"@type\":\"BreadcrumbList\",\"@id\":\"https:\/\/playathome.shop\/san-pham\/bup-be-chuot-mi-tai-tim\/#breadcrumb\",\"itemListElement\":[{\"@type\":\"ListItem\",\"position\":1,\"name\":\"Trang ch\u1ee7\",\"item\":\"https:\/\/playathome.shop\/\"},{\"@type\":\"ListItem\",\"position\":2,\"name\":\"C\u1eeda h\u00e0ng\",\"item\":\"https:\/\/playathome.shop\/cua-hang\/\"},{\"@type\":\"ListItem\",\"position\":3,\"name\":\"B\u00fap B\u00ea Chu\u1ed9t Mi (Tai t\u00edm)\"}]},{\"@type\":\"WebSite\",\"@id\":\"https:\/\/playathome.shop\/#website\",\"url\":\"https:\/\/playathome.shop\/\",\"name\":\"Play At Home - \u0110\u1ed3 Ch\u01a1i Th\u1ee7 C\u00f4ng\",\"description\":\"Handmade &amp; Heartmade Toys For Kids\",\"publisher\":{\"@id\":\"https:\/\/playathome.shop\/#organization\"},\"potentialAction\":[{\"@type\":\"SearchAction\",\"target\":{\"@type\":\"EntryPoint\",\"urlTemplate\":\"https:\/\/playathome.shop\/?s={search_term_string}\"},\"query-input\":{\"@type\":\"PropertyValueSpecification\",\"valueRequired\":true,\"valueName\":\"search_term_string\"}}],\"inLanguage\":\"en-US\"},{\"@type\":\"Organization\",\"@id\":\"https:\/\/playathome.shop\/#organization\",\"name\":\"Play At Home - \u0110\u1ed3 Ch\u01a1i Th\u1ee7 C\u00f4ng\",\"url\":\"https:\/\/playathome.shop\/\",\"logo\":{\"@type\":\"ImageObject\",\"inLanguage\":\"en-US\",\"@id\":\"https:\/\/playathome.shop\/#\/schema\/logo\/image\/\",\"url\":\"https:\/\/playathome.shop\/wp-content\/uploads\/2023\/05\/image.jpg\",\"contentUrl\":\"https:\/\/playathome.shop\/wp-content\/uploads\/2023\/05\/image.jpg\",\"width\":640,\"height\":640,\"caption\":\"Play At Home - \u0110\u1ed3 Ch\u01a1i Th\u1ee7 C\u00f4ng\"},\"image\":{\"@id\":\"https:\/\/playathome.shop\/#\/schema\/logo\/image\/\"},\"sameAs\":[\"https:\/\/www.facebook.com\/PlayAtHome.ONhaVanVui\",\"https:\/\/instagram.com\/playathome.onhavanvui\"]}]}<\/script>\n<!-- \/ Yoast SEO plugin. -->","yoast_head_json":{"title":"B\u00fap B\u00ea Chu\u1ed9t Mi (Tai t\u00edm) - Play At Home - \u0110\u1ed3 Ch\u01a1i Th\u1ee7 C\u00f4ng","description":"Play At Home - Handmade Toys - Mi is 34cm tall, made from linen cotton and stuffed with high-quality Korean cotton. Mi has a diverse collection of clothes and accessories in various styles and materials, perfect for endless outfit combinations. Especially, Mi even has a dedicated Christmas outfit collection in shades of red! All designs are exclusive to Play at Home and cannot be found anywhere else.","robots":{"index":"index","follow":"follow","max-snippet":"max-snippet:-1","max-image-preview":"max-image-preview:large","max-video-preview":"max-video-preview:-1"},"canonical":"https:\/\/playathome.shop\/en\/product\/bup-be-chuot-mi-tai-tim\/","og_locale":"en_US","og_type":"article","og_title":"B\u00fap B\u00ea Chu\u1ed9t Mi (Tai t\u00edm) - Play At Home - \u0110\u1ed3 Ch\u01a1i Th\u1ee7 C\u00f4ng","og_description":"Play At Home - \u0110\u1ed3 Ch\u01a1i Th\u1ee7 C\u00f4ng - Mi cao 34cm, \u0111\u01b0\u1ee3c l\u00e0m t\u1eeb ch\u1ea5t li\u1ec7u linen cotton, nh\u1ed3i b\u00f4ng g\u00f2n cao c\u1ea5p xu\u1ea5t H\u00e0n Qu\u1ed1c. Mi s\u1edf h\u1eefu m\u1ed9t b\u1ed9 s\u01b0u t\u1eadp qu\u1ea7n \u00e1o - ph\u1ee5 ki\u1ec7n \u0111a d\u1ea1ng ki\u1ec3u d\u00e1ng v\u00e0 ch\u1ea5t li\u1ec7u, ph\u00f9 h\u1ee3p \u0111\u1ec3 b\u00e9 ph\u1ed1i h\u1ee3p \u0111\u1ee7 c\u00e1c ki\u1ec3u kh\u00f4ng ch\u00e1n. \u0110\u1eb7c bi\u1ec7t, Mi c\u00f2n c\u00f3 ri\u00eang m\u1ed9t BST qu\u1ea7n \u00e1o Noel \u0111\u1ee7 t\u00f4ng \u0111\u1ecf lu\u00f4n \u0111\u00f3 nha. T\u1ea5t c\u1ea3 thi\u1ebft k\u1ebf \u0111\u1ec1u l\u00e0 h\u00e0ng \u0111\u1ed9c quy\u1ec1n c\u1ee7a Play at Home m\u00e0 Ba M\u1eb9 kh\u00f4ng th\u1ec3 t\u00ecm th\u1ea5y n\u01a1i kh\u00e1c.","og_url":"https:\/\/playathome.shop\/en\/product\/bup-be-chuot-mi-tai-tim\/","og_site_name":"Play At Home - \u0110\u1ed3 Ch\u01a1i Th\u1ee7 C\u00f4ng","article_publisher":"https:\/\/www.facebook.com\/PlayAtHome.ONhaVanVui","article_modified_time":"2026-02-11T20:12:44+00:00","og_image":[{"width":1280,"height":1920,"url":"https:\/\/playathome.shop\/wp-content\/uploads\/2024\/01\/IMG_3356.jpg?v=1705651001","type":"image\/jpeg"}],"twitter_card":"summary_large_image","twitter_misc":{"Est. reading time":"3 minutes"},"schema":{"@context":"https:\/\/schema.org","@graph":[{"@type":"WebPage","@id":"https:\/\/playathome.shop\/san-pham\/bup-be-chuot-mi-tai-tim\/","url":"https:\/\/playathome.shop\/san-pham\/bup-be-chuot-mi-tai-tim\/","name":"B\u00fap B\u00ea Chu\u1ed9t Mi (Tai t\u00edm) - Play At Home - \u0110\u1ed3 Ch\u01a1i Th\u1ee7 C\u00f4ng","isPartOf":{"@id":"https:\/\/playathome.shop\/#website"},"primaryImageOfPage":{"@id":"https:\/\/playathome.shop\/san-pham\/bup-be-chuot-mi-tai-tim\/#primaryimage"},"image":{"@id":"https:\/\/playathome.shop\/san-pham\/bup-be-chuot-mi-tai-tim\/#primaryimage"},"thumbnailUrl":"https:\/\/playathome.shop\/wp-content\/uploads\/2024\/01\/IMG_3356.jpg?v=1705651001","datePublished":"2024-01-19T07:10:06+00:00","dateModified":"2026-02-11T20:12:44+00:00","description":"Play At Home - Handmade Toys - Mi is 34cm tall, made from linen cotton and stuffed with high-quality Korean cotton. Mi has a diverse collection of clothes and accessories in various styles and materials, perfect for endless outfit combinations. Especially, Mi even has a dedicated Christmas outfit collection in shades of red! All designs are exclusive to Play at Home and cannot be found anywhere else.","breadcrumb":{"@id":"https:\/\/playathome.shop\/san-pham\/bup-be-chuot-mi-tai-tim\/#breadcrumb"},"inLanguage":"en-US","potentialAction":[{"@type":"ReadAction","target":["https:\/\/playathome.shop\/san-pham\/bup-be-chuot-mi-tai-tim\/"]}]},{"@type":"ImageObject","inLanguage":"en-US","@id":"https:\/\/playathome.shop\/san-pham\/bup-be-chuot-mi-tai-tim\/#primaryimage","url":"https:\/\/playathome.shop\/wp-content\/uploads\/2024\/01\/IMG_3356.jpg?v=1705651001","contentUrl":"https:\/\/playathome.shop\/wp-content\/uploads\/2024\/01\/IMG_3356.jpg?v=1705651001","width":1280,"height":1920},{"@type":"BreadcrumbList","@id":"https:\/\/playathome.shop\/san-pham\/bup-be-chuot-mi-tai-tim\/#breadcrumb","itemListElement":[{"@type":"ListItem","position":1,"name":"Trang ch\u1ee7","item":"https:\/\/playathome.shop\/"},{"@type":"ListItem","position":2,"name":"C\u1eeda h\u00e0ng","item":"https:\/\/playathome.shop\/cua-hang\/"},{"@type":"ListItem","position":3,"name":"B\u00fap B\u00ea Chu\u1ed9t Mi (Tai t\u00edm)"}]},{"@type":"WebSite","@id":"https:\/\/playathome.shop\/#website","url":"https:\/\/playathome.shop\/","name":"Play At Home - Handmade Toys","description":"Handmade &amp; Heartmade Toys For Kids","publisher":{"@id":"https:\/\/playathome.shop\/#organization"},"potentialAction":[{"@type":"SearchAction","target":{"@type":"EntryPoint","urlTemplate":"https:\/\/playathome.shop\/?s={search_term_string}"},"query-input":{"@type":"PropertyValueSpecification","valueRequired":true,"valueName":"search_term_string"}}],"inLanguage":"en-US"},{"@type":"Organization","@id":"https:\/\/playathome.shop\/#organization","name":"Play At Home - Handmade Toys","url":"https:\/\/playathome.shop\/","logo":{"@type":"ImageObject","inLanguage":"en-US","@id":"https:\/\/playathome.shop\/#\/schema\/logo\/image\/","url":"https:\/\/playathome.shop\/wp-content\/uploads\/2023\/05\/image.jpg","contentUrl":"https:\/\/playathome.shop\/wp-content\/uploads\/2023\/05\/image.jpg","width":640,"height":640,"caption":"Play At Home - \u0110\u1ed3 Ch\u01a1i Th\u1ee7 C\u00f4ng"},"image":{"@id":"https:\/\/playathome.shop\/#\/schema\/logo\/image\/"},"sameAs":["https:\/\/www.facebook.com\/PlayAtHome.ONhaVanVui","https:\/\/instagram.com\/playathome.onhavanvui"]}]}},"jetpack_sharing_enabled":true,"_links":{"self":[{"href":"https:\/\/playathome.shop\/en\/wp-json\/wp\/v2\/product\/2805","targetHints":{"allow":["GET"]}}],"collection":[{"href":"https:\/\/playathome.shop\/en\/wp-json\/wp\/v2\/product"}],"about":[{"href":"https:\/\/playathome.shop\/en\/wp-json\/wp\/v2\/types\/product"}],"replies":[{"embeddable":true,"href":"https:\/\/playathome.shop\/en\/wp-json\/wp\/v2\/comments?post=2805"}],"wp:featuredmedia":[{"embeddable":true,"href":"https:\/\/playathome.shop\/en\/wp-json\/wp\/v2\/media\/2834"}],"wp:attachment":[{"href":"https:\/\/playathome.shop\/en\/wp-json\/wp\/v2\/media?parent=2805"}],"wp:term":[{"taxonomy":"product_brand","embeddable":true,"href":"https:\/\/playathome.shop\/en\/wp-json\/wp\/v2\/product_brand?post=2805"},{"taxonomy":"product_cat","embeddable":true,"href":"https:\/\/playathome.shop\/en\/wp-json\/wp\/v2\/product_cat?post=2805"},{"taxonomy":"product_tag","embeddable":true,"href":"https:\/\/playathome.shop\/en\/wp-json\/wp\/v2\/product_tag?post=2805"}],"curies":[{"name":"wp","href":"https:\/\/api.w.org\/{rel}","templated":true}]}}