{"id":2931,"date":"2024-01-23T14:10:36","date_gmt":"2024-01-23T07:10:36","guid":{"rendered":"https:\/\/playathome.shop\/?post_type=product&#038;p=2931"},"modified":"2026-02-12T03:12:19","modified_gmt":"2026-02-11T20:12:19","slug":"bup-be-chuot-mi-tai-hong","status":"publish","type":"product","link":"https:\/\/playathome.shop\/en\/product\/bup-be-chuot-mi-tai-hong\/","title":{"rendered":"Mi Mouse Doll (Pink Ears)"},"content":{"rendered":"<p>Mi is a mischievous little mouse. Mi loves playing with Mia. Knowing that Mia often dreams and likes to walk and watch the sky and clouds, Mi often invites Mia to hang out all day on the Green Grass without getting bored.<\/p>\n<p>Do you guys want to be friends with Mi?<\/p>\n<p>Mi is 34cm tall, made from cotton linen, stuffed with high-quality polyfiber made in Korea. Mi owns a collection of clothes and accessories with various designs and materials, suitable for children to mix-and-match. Especially, Mi also has a Christmas collection with all festive colors. All designs are exclusive to Play at Home that you cannot find anywhere else.<\/p>\n<p>All PLAY AT HOME dolls and clothes are:<\/p>\n<p>\ud83c\udf3cExclusively designed by PLAY AT HOME and you can't find it anywhere else. The product is stuffed by hand, with details of eyes, nose and mouth all hand-embroidered, bringing life and distinctive features to each and every doll. Clothing items are of elegant colors, with trendy styles, and carefully sewn. All designs have an inner lining, and resemble 90% real clothes for real people. Clothes are attached with wooden buttons to help children practice fine motor skills.<\/p>\n<p>\ud83c\udf3cNo toxic dyes, no itching or allergies for sensitive skin.<\/p>\n<p>\ud83c\udf3cBefore delivery, all cloth dolls and clothes are washed with biological laundry detergent. We also apply a little organic lavender essential oil onto the doll's cheeks and chest to bring the child a pleasant, floral kiss.<\/p>\n<p>NOTE: Doll comes with underwear sold separately. Parents please buy clothes separately at <a href=\"https:\/\/playathome.shop\/en\/product\/quan-ao-bup-be\/\">This<\/a>.<\/p>","protected":false},"excerpt":{"rendered":"<p>Mi is 34cm tall, made from cotton linen, stuffed with high-quality polyfiber made in Korea. Mi owns a collection of clothes and accessories with various designs and materials, suitable for children to mix-and-match. Especially, Mi also has a Christmas collection with all festive colors. All designs are exclusive to Play at Home that you cannot find anywhere else.<\/p>","protected":false},"featured_media":3020,"comment_status":"open","ping_status":"closed","template":"","meta":{"_lmt_disableupdate":"no","_lmt_disable":""},"product_brand":[],"product_cat":[194,211,87,47],"product_tag":[80,89,199,195,198,200,201],"class_list":{"0":"post-2931","1":"product","2":"type-product","3":"status-publish","4":"has-post-thumbnail","6":"product_cat-bup-be-chuot","7":"product_cat-bup-be-ms","8":"product_cat-bup-be-vai","9":"product_cat-do-choi","10":"product_tag-bup-be","11":"product_tag-bup-be-vai","12":"product_tag-chuot","13":"product_tag-doll","14":"product_tag-mi","15":"product_tag-mouse","16":"product_tag-mousy","18":"first","19":"instock","20":"taxable","21":"shipping-taxable","22":"purchasable","23":"product-type-simple"},"yoast_head":"<!-- This site is optimized with the Yoast SEO plugin v27.1.1 - https:\/\/yoast.com\/product\/yoast-seo-wordpress\/ -->\n<title>B\u00fap B\u00ea Chu\u1ed9t Mi (Tai h\u1ed3ng) - Play At Home - \u0110\u1ed3 Ch\u01a1i Th\u1ee7 C\u00f4ng<\/title>\n<meta name=\"description\" content=\"Play At Home - \u0110\u1ed3 Ch\u01a1i Th\u1ee7 C\u00f4ng - Mi cao 34cm, \u0111\u01b0\u1ee3c l\u00e0m t\u1eeb ch\u1ea5t li\u1ec7u linen cotton, nh\u1ed3i b\u00f4ng g\u00f2n cao c\u1ea5p xu\u1ea5t H\u00e0n Qu\u1ed1c. Mi s\u1edf h\u1eefu m\u1ed9t b\u1ed9 s\u01b0u t\u1eadp qu\u1ea7n \u00e1o - ph\u1ee5 ki\u1ec7n \u0111a d\u1ea1ng ki\u1ec3u d\u00e1ng v\u00e0 ch\u1ea5t li\u1ec7u, ph\u00f9 h\u1ee3p \u0111\u1ec3 b\u00e9 ph\u1ed1i h\u1ee3p \u0111\u1ee7 c\u00e1c ki\u1ec3u kh\u00f4ng ch\u00e1n. \u0110\u1eb7c bi\u1ec7t, Mi c\u00f2n c\u00f3 ri\u00eang m\u1ed9t BST qu\u1ea7n \u00e1o Noel \u0111\u1ee7 t\u00f4ng \u0111\u1ecf lu\u00f4n \u0111\u00f3 nha. T\u1ea5t c\u1ea3 thi\u1ebft k\u1ebf \u0111\u1ec1u l\u00e0 h\u00e0ng \u0111\u1ed9c quy\u1ec1n c\u1ee7a Play at Home m\u00e0 Ba M\u1eb9 kh\u00f4ng th\u1ec3 t\u00ecm th\u1ea5y n\u01a1i kh\u00e1c.\" \/>\n<meta name=\"robots\" content=\"index, follow, max-snippet:-1, max-image-preview:large, max-video-preview:-1\" \/>\n<link rel=\"canonical\" href=\"https:\/\/playathome.shop\/en\/product\/bup-be-chuot-mi-tai-hong\/\" \/>\n<meta property=\"og:locale\" content=\"en_US\" \/>\n<meta property=\"og:type\" content=\"article\" \/>\n<meta property=\"og:title\" content=\"B\u00fap B\u00ea Chu\u1ed9t Mi (Tai h\u1ed3ng) - Play At Home - \u0110\u1ed3 Ch\u01a1i Th\u1ee7 C\u00f4ng\" \/>\n<meta property=\"og:description\" content=\"Play At Home - \u0110\u1ed3 Ch\u01a1i Th\u1ee7 C\u00f4ng - Mi cao 34cm, \u0111\u01b0\u1ee3c l\u00e0m t\u1eeb ch\u1ea5t li\u1ec7u linen cotton, nh\u1ed3i b\u00f4ng g\u00f2n cao c\u1ea5p xu\u1ea5t H\u00e0n Qu\u1ed1c. Mi s\u1edf h\u1eefu m\u1ed9t b\u1ed9 s\u01b0u t\u1eadp qu\u1ea7n \u00e1o - ph\u1ee5 ki\u1ec7n \u0111a d\u1ea1ng ki\u1ec3u d\u00e1ng v\u00e0 ch\u1ea5t li\u1ec7u, ph\u00f9 h\u1ee3p \u0111\u1ec3 b\u00e9 ph\u1ed1i h\u1ee3p \u0111\u1ee7 c\u00e1c ki\u1ec3u kh\u00f4ng ch\u00e1n. \u0110\u1eb7c bi\u1ec7t, Mi c\u00f2n c\u00f3 ri\u00eang m\u1ed9t BST qu\u1ea7n \u00e1o Noel \u0111\u1ee7 t\u00f4ng \u0111\u1ecf lu\u00f4n \u0111\u00f3 nha. T\u1ea5t c\u1ea3 thi\u1ebft k\u1ebf \u0111\u1ec1u l\u00e0 h\u00e0ng \u0111\u1ed9c quy\u1ec1n c\u1ee7a Play at Home m\u00e0 Ba M\u1eb9 kh\u00f4ng th\u1ec3 t\u00ecm th\u1ea5y n\u01a1i kh\u00e1c.\" \/>\n<meta property=\"og:url\" content=\"https:\/\/playathome.shop\/en\/product\/bup-be-chuot-mi-tai-hong\/\" \/>\n<meta property=\"og:site_name\" content=\"Play At Home - \u0110\u1ed3 Ch\u01a1i Th\u1ee7 C\u00f4ng\" \/>\n<meta property=\"article:publisher\" content=\"https:\/\/www.facebook.com\/PlayAtHome.ONhaVanVui\" \/>\n<meta property=\"article:modified_time\" content=\"2026-02-11T20:12:19+00:00\" \/>\n<meta property=\"og:image\" content=\"https:\/\/playathome.shop\/wp-content\/uploads\/2024\/01\/IMG_3278.jpeg?v=1706077649\" \/>\n\t<meta property=\"og:image:width\" content=\"1440\" \/>\n\t<meta property=\"og:image:height\" content=\"1920\" \/>\n\t<meta property=\"og:image:type\" content=\"image\/jpeg\" \/>\n<meta name=\"twitter:card\" content=\"summary_large_image\" \/>\n<meta name=\"twitter:label1\" content=\"Est. reading time\" \/>\n\t<meta name=\"twitter:data1\" content=\"3 minutes\" \/>\n<script type=\"application\/ld+json\" class=\"yoast-schema-graph\">{\"@context\":\"https:\/\/schema.org\",\"@graph\":[{\"@type\":\"WebPage\",\"@id\":\"https:\/\/playathome.shop\/san-pham\/bup-be-chuot-mi-tai-hong\/\",\"url\":\"https:\/\/playathome.shop\/san-pham\/bup-be-chuot-mi-tai-hong\/\",\"name\":\"B\u00fap B\u00ea Chu\u1ed9t Mi (Tai h\u1ed3ng) - Play At Home - \u0110\u1ed3 Ch\u01a1i Th\u1ee7 C\u00f4ng\",\"isPartOf\":{\"@id\":\"https:\/\/playathome.shop\/#website\"},\"primaryImageOfPage\":{\"@id\":\"https:\/\/playathome.shop\/san-pham\/bup-be-chuot-mi-tai-hong\/#primaryimage\"},\"image\":{\"@id\":\"https:\/\/playathome.shop\/san-pham\/bup-be-chuot-mi-tai-hong\/#primaryimage\"},\"thumbnailUrl\":\"https:\/\/playathome.shop\/wp-content\/uploads\/2024\/01\/IMG_3278.jpeg?v=1706077649\",\"datePublished\":\"2024-01-23T07:10:36+00:00\",\"dateModified\":\"2026-02-11T20:12:19+00:00\",\"description\":\"Play At Home - \u0110\u1ed3 Ch\u01a1i Th\u1ee7 C\u00f4ng - Mi cao 34cm, \u0111\u01b0\u1ee3c l\u00e0m t\u1eeb ch\u1ea5t li\u1ec7u linen cotton, nh\u1ed3i b\u00f4ng g\u00f2n cao c\u1ea5p xu\u1ea5t H\u00e0n Qu\u1ed1c. Mi s\u1edf h\u1eefu m\u1ed9t b\u1ed9 s\u01b0u t\u1eadp qu\u1ea7n \u00e1o - ph\u1ee5 ki\u1ec7n \u0111a d\u1ea1ng ki\u1ec3u d\u00e1ng v\u00e0 ch\u1ea5t li\u1ec7u, ph\u00f9 h\u1ee3p \u0111\u1ec3 b\u00e9 ph\u1ed1i h\u1ee3p \u0111\u1ee7 c\u00e1c ki\u1ec3u kh\u00f4ng ch\u00e1n. \u0110\u1eb7c bi\u1ec7t, Mi c\u00f2n c\u00f3 ri\u00eang m\u1ed9t BST qu\u1ea7n \u00e1o Noel \u0111\u1ee7 t\u00f4ng \u0111\u1ecf lu\u00f4n \u0111\u00f3 nha. T\u1ea5t c\u1ea3 thi\u1ebft k\u1ebf \u0111\u1ec1u l\u00e0 h\u00e0ng \u0111\u1ed9c quy\u1ec1n c\u1ee7a Play at Home m\u00e0 Ba M\u1eb9 kh\u00f4ng th\u1ec3 t\u00ecm th\u1ea5y n\u01a1i kh\u00e1c.\",\"breadcrumb\":{\"@id\":\"https:\/\/playathome.shop\/san-pham\/bup-be-chuot-mi-tai-hong\/#breadcrumb\"},\"inLanguage\":\"en-US\",\"potentialAction\":[{\"@type\":\"ReadAction\",\"target\":[\"https:\/\/playathome.shop\/san-pham\/bup-be-chuot-mi-tai-hong\/\"]}]},{\"@type\":\"ImageObject\",\"inLanguage\":\"en-US\",\"@id\":\"https:\/\/playathome.shop\/san-pham\/bup-be-chuot-mi-tai-hong\/#primaryimage\",\"url\":\"https:\/\/playathome.shop\/wp-content\/uploads\/2024\/01\/IMG_3278.jpeg?v=1706077649\",\"contentUrl\":\"https:\/\/playathome.shop\/wp-content\/uploads\/2024\/01\/IMG_3278.jpeg?v=1706077649\",\"width\":1440,\"height\":1920},{\"@type\":\"BreadcrumbList\",\"@id\":\"https:\/\/playathome.shop\/san-pham\/bup-be-chuot-mi-tai-hong\/#breadcrumb\",\"itemListElement\":[{\"@type\":\"ListItem\",\"position\":1,\"name\":\"Trang ch\u1ee7\",\"item\":\"https:\/\/playathome.shop\/\"},{\"@type\":\"ListItem\",\"position\":2,\"name\":\"C\u1eeda h\u00e0ng\",\"item\":\"https:\/\/playathome.shop\/cua-hang\/\"},{\"@type\":\"ListItem\",\"position\":3,\"name\":\"B\u00fap B\u00ea Chu\u1ed9t Mi (Tai h\u1ed3ng)\"}]},{\"@type\":\"WebSite\",\"@id\":\"https:\/\/playathome.shop\/#website\",\"url\":\"https:\/\/playathome.shop\/\",\"name\":\"Play At Home - \u0110\u1ed3 Ch\u01a1i Th\u1ee7 C\u00f4ng\",\"description\":\"Handmade &amp; Heartmade Toys For Kids\",\"publisher\":{\"@id\":\"https:\/\/playathome.shop\/#organization\"},\"potentialAction\":[{\"@type\":\"SearchAction\",\"target\":{\"@type\":\"EntryPoint\",\"urlTemplate\":\"https:\/\/playathome.shop\/?s={search_term_string}\"},\"query-input\":{\"@type\":\"PropertyValueSpecification\",\"valueRequired\":true,\"valueName\":\"search_term_string\"}}],\"inLanguage\":\"en-US\"},{\"@type\":\"Organization\",\"@id\":\"https:\/\/playathome.shop\/#organization\",\"name\":\"Play At Home - \u0110\u1ed3 Ch\u01a1i Th\u1ee7 C\u00f4ng\",\"url\":\"https:\/\/playathome.shop\/\",\"logo\":{\"@type\":\"ImageObject\",\"inLanguage\":\"en-US\",\"@id\":\"https:\/\/playathome.shop\/#\/schema\/logo\/image\/\",\"url\":\"https:\/\/playathome.shop\/wp-content\/uploads\/2023\/05\/image.jpg\",\"contentUrl\":\"https:\/\/playathome.shop\/wp-content\/uploads\/2023\/05\/image.jpg\",\"width\":640,\"height\":640,\"caption\":\"Play At Home - \u0110\u1ed3 Ch\u01a1i Th\u1ee7 C\u00f4ng\"},\"image\":{\"@id\":\"https:\/\/playathome.shop\/#\/schema\/logo\/image\/\"},\"sameAs\":[\"https:\/\/www.facebook.com\/PlayAtHome.ONhaVanVui\",\"https:\/\/instagram.com\/playathome.onhavanvui\"]}]}<\/script>\n<!-- \/ Yoast SEO plugin. -->","yoast_head_json":{"title":"Mi Mouse Doll (Pink Ears) - Play At Home - Handmade Toy","description":"Play At Home - Handmade Toys - Mi is 34cm tall, made from linen cotton and stuffed with high-quality Korean cotton. Mi has a diverse collection of clothes and accessories in various styles and materials, perfect for endless outfit combinations. Especially, Mi even has a dedicated Christmas outfit collection in shades of red! All designs are exclusive to Play at Home and cannot be found anywhere else.","robots":{"index":"index","follow":"follow","max-snippet":"max-snippet:-1","max-image-preview":"max-image-preview:large","max-video-preview":"max-video-preview:-1"},"canonical":"https:\/\/playathome.shop\/en\/product\/bup-be-chuot-mi-tai-hong\/","og_locale":"en_US","og_type":"article","og_title":"B\u00fap B\u00ea Chu\u1ed9t Mi (Tai h\u1ed3ng) - Play At Home - \u0110\u1ed3 Ch\u01a1i Th\u1ee7 C\u00f4ng","og_description":"Play At Home - \u0110\u1ed3 Ch\u01a1i Th\u1ee7 C\u00f4ng - Mi cao 34cm, \u0111\u01b0\u1ee3c l\u00e0m t\u1eeb ch\u1ea5t li\u1ec7u linen cotton, nh\u1ed3i b\u00f4ng g\u00f2n cao c\u1ea5p xu\u1ea5t H\u00e0n Qu\u1ed1c. Mi s\u1edf h\u1eefu m\u1ed9t b\u1ed9 s\u01b0u t\u1eadp qu\u1ea7n \u00e1o - ph\u1ee5 ki\u1ec7n \u0111a d\u1ea1ng ki\u1ec3u d\u00e1ng v\u00e0 ch\u1ea5t li\u1ec7u, ph\u00f9 h\u1ee3p \u0111\u1ec3 b\u00e9 ph\u1ed1i h\u1ee3p \u0111\u1ee7 c\u00e1c ki\u1ec3u kh\u00f4ng ch\u00e1n. \u0110\u1eb7c bi\u1ec7t, Mi c\u00f2n c\u00f3 ri\u00eang m\u1ed9t BST qu\u1ea7n \u00e1o Noel \u0111\u1ee7 t\u00f4ng \u0111\u1ecf lu\u00f4n \u0111\u00f3 nha. T\u1ea5t c\u1ea3 thi\u1ebft k\u1ebf \u0111\u1ec1u l\u00e0 h\u00e0ng \u0111\u1ed9c quy\u1ec1n c\u1ee7a Play at Home m\u00e0 Ba M\u1eb9 kh\u00f4ng th\u1ec3 t\u00ecm th\u1ea5y n\u01a1i kh\u00e1c.","og_url":"https:\/\/playathome.shop\/en\/product\/bup-be-chuot-mi-tai-hong\/","og_site_name":"Play At Home - \u0110\u1ed3 Ch\u01a1i Th\u1ee7 C\u00f4ng","article_publisher":"https:\/\/www.facebook.com\/PlayAtHome.ONhaVanVui","article_modified_time":"2026-02-11T20:12:19+00:00","og_image":[{"width":1440,"height":1920,"url":"https:\/\/playathome.shop\/wp-content\/uploads\/2024\/01\/IMG_3278.jpeg?v=1706077649","type":"image\/jpeg"}],"twitter_card":"summary_large_image","twitter_misc":{"Est. reading time":"3 minutes"},"schema":{"@context":"https:\/\/schema.org","@graph":[{"@type":"WebPage","@id":"https:\/\/playathome.shop\/san-pham\/bup-be-chuot-mi-tai-hong\/","url":"https:\/\/playathome.shop\/san-pham\/bup-be-chuot-mi-tai-hong\/","name":"Mi Mouse Doll (Pink Ears) - Play At Home - Handmade Toy","isPartOf":{"@id":"https:\/\/playathome.shop\/#website"},"primaryImageOfPage":{"@id":"https:\/\/playathome.shop\/san-pham\/bup-be-chuot-mi-tai-hong\/#primaryimage"},"image":{"@id":"https:\/\/playathome.shop\/san-pham\/bup-be-chuot-mi-tai-hong\/#primaryimage"},"thumbnailUrl":"https:\/\/playathome.shop\/wp-content\/uploads\/2024\/01\/IMG_3278.jpeg?v=1706077649","datePublished":"2024-01-23T07:10:36+00:00","dateModified":"2026-02-11T20:12:19+00:00","description":"Play At Home - Handmade Toys - Mi is 34cm tall, made from linen cotton and stuffed with high-quality Korean cotton. Mi has a diverse collection of clothes and accessories in various styles and materials, perfect for endless outfit combinations. Especially, Mi even has a dedicated Christmas outfit collection in shades of red! All designs are exclusive to Play at Home and cannot be found anywhere else.","breadcrumb":{"@id":"https:\/\/playathome.shop\/san-pham\/bup-be-chuot-mi-tai-hong\/#breadcrumb"},"inLanguage":"en-US","potentialAction":[{"@type":"ReadAction","target":["https:\/\/playathome.shop\/san-pham\/bup-be-chuot-mi-tai-hong\/"]}]},{"@type":"ImageObject","inLanguage":"en-US","@id":"https:\/\/playathome.shop\/san-pham\/bup-be-chuot-mi-tai-hong\/#primaryimage","url":"https:\/\/playathome.shop\/wp-content\/uploads\/2024\/01\/IMG_3278.jpeg?v=1706077649","contentUrl":"https:\/\/playathome.shop\/wp-content\/uploads\/2024\/01\/IMG_3278.jpeg?v=1706077649","width":1440,"height":1920},{"@type":"BreadcrumbList","@id":"https:\/\/playathome.shop\/san-pham\/bup-be-chuot-mi-tai-hong\/#breadcrumb","itemListElement":[{"@type":"ListItem","position":1,"name":"Trang ch\u1ee7","item":"https:\/\/playathome.shop\/"},{"@type":"ListItem","position":2,"name":"C\u1eeda h\u00e0ng","item":"https:\/\/playathome.shop\/cua-hang\/"},{"@type":"ListItem","position":3,"name":"B\u00fap B\u00ea Chu\u1ed9t Mi (Tai h\u1ed3ng)"}]},{"@type":"WebSite","@id":"https:\/\/playathome.shop\/#website","url":"https:\/\/playathome.shop\/","name":"Play At Home - Handmade Toys","description":"Handmade &amp; Heartmade Toys For Kids","publisher":{"@id":"https:\/\/playathome.shop\/#organization"},"potentialAction":[{"@type":"SearchAction","target":{"@type":"EntryPoint","urlTemplate":"https:\/\/playathome.shop\/?s={search_term_string}"},"query-input":{"@type":"PropertyValueSpecification","valueRequired":true,"valueName":"search_term_string"}}],"inLanguage":"en-US"},{"@type":"Organization","@id":"https:\/\/playathome.shop\/#organization","name":"Play At Home - Handmade Toys","url":"https:\/\/playathome.shop\/","logo":{"@type":"ImageObject","inLanguage":"en-US","@id":"https:\/\/playathome.shop\/#\/schema\/logo\/image\/","url":"https:\/\/playathome.shop\/wp-content\/uploads\/2023\/05\/image.jpg","contentUrl":"https:\/\/playathome.shop\/wp-content\/uploads\/2023\/05\/image.jpg","width":640,"height":640,"caption":"Play At Home - \u0110\u1ed3 Ch\u01a1i Th\u1ee7 C\u00f4ng"},"image":{"@id":"https:\/\/playathome.shop\/#\/schema\/logo\/image\/"},"sameAs":["https:\/\/www.facebook.com\/PlayAtHome.ONhaVanVui","https:\/\/instagram.com\/playathome.onhavanvui"]}]}},"jetpack_sharing_enabled":true,"_links":{"self":[{"href":"https:\/\/playathome.shop\/en\/wp-json\/wp\/v2\/product\/2931","targetHints":{"allow":["GET"]}}],"collection":[{"href":"https:\/\/playathome.shop\/en\/wp-json\/wp\/v2\/product"}],"about":[{"href":"https:\/\/playathome.shop\/en\/wp-json\/wp\/v2\/types\/product"}],"replies":[{"embeddable":true,"href":"https:\/\/playathome.shop\/en\/wp-json\/wp\/v2\/comments?post=2931"}],"wp:featuredmedia":[{"embeddable":true,"href":"https:\/\/playathome.shop\/en\/wp-json\/wp\/v2\/media\/3020"}],"wp:attachment":[{"href":"https:\/\/playathome.shop\/en\/wp-json\/wp\/v2\/media?parent=2931"}],"wp:term":[{"taxonomy":"product_brand","embeddable":true,"href":"https:\/\/playathome.shop\/en\/wp-json\/wp\/v2\/product_brand?post=2931"},{"taxonomy":"product_cat","embeddable":true,"href":"https:\/\/playathome.shop\/en\/wp-json\/wp\/v2\/product_cat?post=2931"},{"taxonomy":"product_tag","embeddable":true,"href":"https:\/\/playathome.shop\/en\/wp-json\/wp\/v2\/product_tag?post=2931"}],"curies":[{"name":"wp","href":"https:\/\/api.w.org\/{rel}","templated":true}]}}